{"id":5919,"date":"2022-03-22T10:28:11","date_gmt":"2022-03-22T16:28:11","guid":{"rendered":"https:\/\/wp.interactioncr.com\/caldosas\/?page_id=5919"},"modified":"2022-04-01T11:34:10","modified_gmt":"2022-04-01T17:34:10","slug":"historia","status":"publish","type":"page","link":"https:\/\/wp.interactioncr.com\/caldosas\/historia\/","title":{"rendered":"Historia"},"content":{"rendered":"\t\t<div data-elementor-type=\"wp-page\" data-elementor-id=\"5919\" class=\"elementor elementor-5919\">\n\t\t\t\t\t\t\t\t\t<section class=\"elementor-section elementor-top-section elementor-element elementor-element-8ee13c9 elementor-section-full_width elementor-section-height-default elementor-section-height-default\" data-id=\"8ee13c9\" data-element_type=\"section\">\n\t\t\t\t\t\t<div class=\"elementor-container elementor-column-gap-default\">\n\t\t\t\t\t<div class=\"elementor-column elementor-col-100 elementor-top-column elementor-element elementor-element-ce41585\" data-id=\"ce41585\" data-element_type=\"column\">\n\t\t\t<div class=\"elementor-widget-wrap elementor-element-populated\">\n\t\t\t\t\t\t\t\t<div class=\"elementor-element elementor-element-afabc57 elementor-widget elementor-widget-image\" data-id=\"afabc57\" data-element_type=\"widget\" data-widget_type=\"image.default\">\n\t\t\t\t<div class=\"elementor-widget-container\">\n\t\t\t<style>\/*! elementor - v3.6.5 - 27-04-2022 *\/\n.elementor-widget-image{text-align:center}.elementor-widget-image a{display:inline-block}.elementor-widget-image a img[src$=\".svg\"]{width:48px}.elementor-widget-image img{vertical-align:middle;display:inline-block}<\/style>\t\t\t\t\t\t\t\t\t\t\t\t<img loading=\"lazy\" decoding=\"async\" width=\"1920\" height=\"1080\" src=\"https:\/\/wp.interactioncr.com\/caldosas\/wp-content\/uploads\/2022\/01\/background-historia-caldosas.jpg\" class=\"attachment-full size-full\" alt=\"\" srcset=\"https:\/\/wp.interactioncr.com\/caldosas\/wp-content\/uploads\/2022\/01\/background-historia-caldosas.jpg 1920w, https:\/\/wp.interactioncr.com\/caldosas\/wp-content\/uploads\/2022\/01\/background-historia-caldosas-300x169.jpg 300w, https:\/\/wp.interactioncr.com\/caldosas\/wp-content\/uploads\/2022\/01\/background-historia-caldosas-1024x576.jpg 1024w, https:\/\/wp.interactioncr.com\/caldosas\/wp-content\/uploads\/2022\/01\/background-historia-caldosas-768x432.jpg 768w, https:\/\/wp.interactioncr.com\/caldosas\/wp-content\/uploads\/2022\/01\/background-historia-caldosas-1536x864.jpg 1536w\" sizes=\"auto, (max-width: 1920px) 100vw, 1920px\" \/>\t\t\t\t\t\t\t\t\t\t\t\t\t\t\t<\/div>\n\t\t\t\t<\/div>\n\t\t\t\t\t<\/div>\n\t\t<\/div>\n\t\t\t\t\t\t\t<\/div>\n\t\t<\/section>\n\t\t\t\t<section class=\"elementor-section elementor-top-section elementor-element elementor-element-62d7e769 elementor-section-boxed elementor-section-height-default elementor-section-height-default\" data-id=\"62d7e769\" data-element_type=\"section\">\n\t\t\t\t\t\t<div class=\"elementor-container elementor-column-gap-default\">\n\t\t\t\t\t<div class=\"elementor-column elementor-col-100 elementor-top-column elementor-element elementor-element-4eab9ea\" data-id=\"4eab9ea\" data-element_type=\"column\">\n\t\t\t<div class=\"elementor-widget-wrap elementor-element-populated\">\n\t\t\t\t\t\t\t\t<div class=\"elementor-element elementor-element-1a4642e7 elementor-widget-divider--view-line elementor-widget elementor-widget-divider\" data-id=\"1a4642e7\" data-element_type=\"widget\" data-widget_type=\"divider.default\">\n\t\t\t\t<div class=\"elementor-widget-container\">\n\t\t\t<style>\/*! elementor - v3.6.5 - 27-04-2022 *\/\n.elementor-widget-divider{--divider-border-style:none;--divider-border-width:1px;--divider-color:#2c2c2c;--divider-icon-size:20px;--divider-element-spacing:10px;--divider-pattern-height:24px;--divider-pattern-size:20px;--divider-pattern-url:none;--divider-pattern-repeat:repeat-x}.elementor-widget-divider .elementor-divider{display:-webkit-box;display:-ms-flexbox;display:flex}.elementor-widget-divider .elementor-divider__text{font-size:15px;line-height:1;max-width:95%}.elementor-widget-divider .elementor-divider__element{margin:0 var(--divider-element-spacing);-ms-flex-negative:0;flex-shrink:0}.elementor-widget-divider .elementor-icon{font-size:var(--divider-icon-size)}.elementor-widget-divider .elementor-divider-separator{display:-webkit-box;display:-ms-flexbox;display:flex;margin:0;direction:ltr}.elementor-widget-divider--view-line_icon .elementor-divider-separator,.elementor-widget-divider--view-line_text .elementor-divider-separator{-webkit-box-align:center;-ms-flex-align:center;align-items:center}.elementor-widget-divider--view-line_icon .elementor-divider-separator:after,.elementor-widget-divider--view-line_icon .elementor-divider-separator:before,.elementor-widget-divider--view-line_text .elementor-divider-separator:after,.elementor-widget-divider--view-line_text .elementor-divider-separator:before{display:block;content:\"\";border-bottom:0;-webkit-box-flex:1;-ms-flex-positive:1;flex-grow:1;border-top:var(--divider-border-width) var(--divider-border-style) var(--divider-color)}.elementor-widget-divider--element-align-left .elementor-divider .elementor-divider-separator>.elementor-divider__svg:first-of-type{-webkit-box-flex:0;-ms-flex-positive:0;flex-grow:0;-ms-flex-negative:100;flex-shrink:100}.elementor-widget-divider--element-align-left .elementor-divider-separator:before{content:none}.elementor-widget-divider--element-align-left .elementor-divider__element{margin-left:0}.elementor-widget-divider--element-align-right .elementor-divider .elementor-divider-separator>.elementor-divider__svg:last-of-type{-webkit-box-flex:0;-ms-flex-positive:0;flex-grow:0;-ms-flex-negative:100;flex-shrink:100}.elementor-widget-divider--element-align-right .elementor-divider-separator:after{content:none}.elementor-widget-divider--element-align-right .elementor-divider__element{margin-right:0}.elementor-widget-divider:not(.elementor-widget-divider--view-line_text):not(.elementor-widget-divider--view-line_icon) .elementor-divider-separator{border-top:var(--divider-border-width) var(--divider-border-style) var(--divider-color)}.elementor-widget-divider--separator-type-pattern{--divider-border-style:none}.elementor-widget-divider--separator-type-pattern.elementor-widget-divider--view-line .elementor-divider-separator,.elementor-widget-divider--separator-type-pattern:not(.elementor-widget-divider--view-line) .elementor-divider-separator:after,.elementor-widget-divider--separator-type-pattern:not(.elementor-widget-divider--view-line) .elementor-divider-separator:before,.elementor-widget-divider--separator-type-pattern:not([class*=elementor-widget-divider--view]) .elementor-divider-separator{width:100%;min-height:var(--divider-pattern-height);-webkit-mask-size:var(--divider-pattern-size) 100%;mask-size:var(--divider-pattern-size) 100%;-webkit-mask-repeat:var(--divider-pattern-repeat);mask-repeat:var(--divider-pattern-repeat);background-color:var(--divider-color);-webkit-mask-image:var(--divider-pattern-url);mask-image:var(--divider-pattern-url)}.elementor-widget-divider--no-spacing{--divider-pattern-size:auto}.elementor-widget-divider--bg-round{--divider-pattern-repeat:round}.rtl .elementor-widget-divider .elementor-divider__text{direction:rtl}<\/style>\t\t<div class=\"elementor-divider\">\n\t\t\t<span class=\"elementor-divider-separator\">\n\t\t\t\t\t\t<\/span>\n\t\t<\/div>\n\t\t\t\t<\/div>\n\t\t\t\t<\/div>\n\t\t\t\t<div class=\"elementor-element elementor-element-4952832c elementor-widget elementor-widget-heading\" data-id=\"4952832c\" data-element_type=\"widget\" data-widget_type=\"heading.default\">\n\t\t\t\t<div class=\"elementor-widget-container\">\n\t\t\t<style>\/*! elementor - v3.6.5 - 27-04-2022 *\/\n.elementor-heading-title{padding:0;margin:0;line-height:1}.elementor-widget-heading .elementor-heading-title[class*=elementor-size-]>a{color:inherit;font-size:inherit;line-height:inherit}.elementor-widget-heading .elementor-heading-title.elementor-size-small{font-size:15px}.elementor-widget-heading .elementor-heading-title.elementor-size-medium{font-size:19px}.elementor-widget-heading .elementor-heading-title.elementor-size-large{font-size:29px}.elementor-widget-heading .elementor-heading-title.elementor-size-xl{font-size:39px}.elementor-widget-heading .elementor-heading-title.elementor-size-xxl{font-size:59px}<\/style><h1 class=\"elementor-heading-title elementor-size-default\">CALDOSAS: UNA HISTORIA <br>\nORGULLOSAMENTE  TICA<\/h1>\t\t<\/div>\n\t\t\t\t<\/div>\n\t\t\t\t<div class=\"elementor-element elementor-element-2e1543f elementor-widget elementor-widget-text-editor\" data-id=\"2e1543f\" data-element_type=\"widget\" data-widget_type=\"text-editor.default\">\n\t\t\t\t<div class=\"elementor-widget-container\">\n\t\t\t<style>\/*! elementor - v3.6.5 - 27-04-2022 *\/\n.elementor-widget-text-editor.elementor-drop-cap-view-stacked .elementor-drop-cap{background-color:#818a91;color:#fff}.elementor-widget-text-editor.elementor-drop-cap-view-framed .elementor-drop-cap{color:#818a91;border:3px solid;background-color:transparent}.elementor-widget-text-editor:not(.elementor-drop-cap-view-default) .elementor-drop-cap{margin-top:8px}.elementor-widget-text-editor:not(.elementor-drop-cap-view-default) .elementor-drop-cap-letter{width:1em;height:1em}.elementor-widget-text-editor .elementor-drop-cap{float:left;text-align:center;line-height:1;font-size:50px}.elementor-widget-text-editor .elementor-drop-cap-letter{display:inline-block}<\/style>\t\t\t\tLas Caldosas para quienes no las conocen, es ceviche con Picaritas, un delicioso manjar que se ha popularizado tanto en Costa Rica que hoy d\u00eda forma parte de nuestra cultura gastron\u00f3mica. No hay quien no se antoje de comer unas deliciosas Caldosas.\n<h4 style=\"text-align:center;\">\u00bfY de d\u00f3nde salieron las Caldosas?<\/h4>\nNos cuenta don Arturo Pacheco due\u00f1o del bar y restaurante La Fory Fay ubicado en Palmares, que en los a\u00f1os 90 fue donde se descubri\u00f3 esta deliciosa receta cuando un ni\u00f1o visitaba el negocio pidiendo que le agregara caldito del que les sobraba del ceviche y lo pusiera en la bolsita de Picaritas.\nEl ni\u00f1o sigui\u00f3 pasando pidiendo siempre el mismo favor hasta que se fue ganando el cari\u00f1o de todos y poco a poco fueron poni\u00e9ndole un poquito de ceviche de pescado de forma gratuita.\nSe reg\u00f3 la noticia en el c\u00edrculo de amistad del ni\u00f1o y empezaron a visitar la Fory Fay m\u00e1s ni\u00f1os pidiendo el caldito de pescado para sus Picaritas. Fue entonces cuando don Francisco Pacheco, fundador de la Fory Fay decidi\u00f3 poner el producto a la venta y le llam\u00f3 Caldosa, por ser m\u00e1s caldo que ceviche.\nEsta receta se mantiene todav\u00eda en la Fory Fay y es una de las bocas m\u00e1s emblem\u00e1ticas del negocio. Hoy d\u00eda las Caldosas son un platillo costarricense apetecido y orgullo de nuestra gastronom\u00eda al ser 100% tico.\t\t\t\t\t\t<\/div>\n\t\t\t\t<\/div>\n\t\t\t\t\t<\/div>\n\t\t<\/div>\n\t\t\t\t\t\t\t<\/div>\n\t\t<\/section>\n\t\t\t\t<section class=\"elementor-section elementor-top-section elementor-element elementor-element-6cde1a82 elementor-section-full_width elementor-section-height-default elementor-section-height-default\" data-id=\"6cde1a82\" data-element_type=\"section\" data-settings=\"{&quot;background_background&quot;:&quot;classic&quot;}\">\n\t\t\t\t\t\t<div class=\"elementor-container elementor-column-gap-default\">\n\t\t\t\t\t<div class=\"elementor-column elementor-col-50 elementor-top-column elementor-element elementor-element-587d107f\" data-id=\"587d107f\" data-element_type=\"column\">\n\t\t\t<div class=\"elementor-widget-wrap elementor-element-populated\">\n\t\t\t\t\t\t\t\t<div class=\"elementor-element elementor-element-6de43a7e elementor-widget-divider--view-line elementor-widget elementor-widget-divider\" data-id=\"6de43a7e\" data-element_type=\"widget\" data-widget_type=\"divider.default\">\n\t\t\t\t<div class=\"elementor-widget-container\">\n\t\t\t\t\t<div class=\"elementor-divider\">\n\t\t\t<span class=\"elementor-divider-separator\">\n\t\t\t\t\t\t<\/span>\n\t\t<\/div>\n\t\t\t\t<\/div>\n\t\t\t\t<\/div>\n\t\t\t\t<div class=\"elementor-element elementor-element-13f600c6 elementor-widget elementor-widget-heading\" data-id=\"13f600c6\" data-element_type=\"widget\" data-widget_type=\"heading.default\">\n\t\t\t\t<div class=\"elementor-widget-container\">\n\t\t\t<h2 class=\"elementor-heading-title elementor-size-default\">VEND\u00c9 CALDOSAS<br>\nEN TU NEGOCIO<\/h2>\t\t<\/div>\n\t\t\t\t<\/div>\n\t\t\t\t<div class=\"elementor-element elementor-element-578571e8 text_vendecaldosas elementor-widget elementor-widget-text-editor\" data-id=\"578571e8\" data-element_type=\"widget\" data-widget_type=\"text-editor.default\">\n\t\t\t\t<div class=\"elementor-widget-container\">\n\t\t\t\t\t\t\t<p>Llen\u00e1 un simple formulario para solicitar vender Caldosas en tu negocio. Form\u00e1 parte de la familia!<\/p>\t\t\t\t\t\t<\/div>\n\t\t\t\t<\/div>\n\t\t\t\t<div class=\"elementor-element elementor-element-23ddac28 elementor-widget elementor-widget-button\" data-id=\"23ddac28\" data-element_type=\"widget\" data-widget_type=\"button.default\">\n\t\t\t\t<div class=\"elementor-widget-container\">\n\t\t\t\t\t<div class=\"elementor-button-wrapper\">\n\t\t\t<a href=\"https:\/\/wp.interactioncr.com\/caldosas\/vende-caldosas\/\" class=\"elementor-button-link elementor-button elementor-size-sm\" role=\"button\">\n\t\t\t\t\t\t<span class=\"elementor-button-content-wrapper\">\n\t\t\t\t\t\t<span class=\"elementor-button-text\">LLENAR FORMULARIO<\/span>\n\t\t<\/span>\n\t\t\t\t\t<\/a>\n\t\t<\/div>\n\t\t\t\t<\/div>\n\t\t\t\t<\/div>\n\t\t\t\t\t<\/div>\n\t\t<\/div>\n\t\t\t\t<div class=\"elementor-column elementor-col-50 elementor-top-column elementor-element elementor-element-274b62f9\" data-id=\"274b62f9\" data-element_type=\"column\">\n\t\t\t<div class=\"elementor-widget-wrap\">\n\t\t\t\t\t\t\t\t\t<\/div>\n\t\t<\/div>\n\t\t\t\t\t\t\t<\/div>\n\t\t<\/section>\n\t\t\t\t\t\t\t<\/div>\n\t\t","protected":false},"excerpt":{"rendered":"<p>CALDOSAS: UNA HISTORIA ORGULLOSAMENTE TICA Las Caldosas para quienes no las conocen, es ceviche con Picaritas, un delicioso manjar que se ha popularizado tanto en Costa Rica que hoy d\u00eda forma parte de nuestra cultura gastron\u00f3mica. No hay quien no se antoje de comer unas deliciosas Caldosas. \u00bfY de d\u00f3nde salieron las Caldosas? Nos cuenta &hellip;<\/p>\n<p class=\"read-more\"> <a class=\"\" href=\"https:\/\/wp.interactioncr.com\/caldosas\/historia\/\"> <span class=\"screen-reader-text\">Historia<\/span> Leer m\u00e1s \u00bb<\/a><\/p>\n","protected":false},"author":2,"featured_media":0,"parent":0,"menu_order":0,"comment_status":"closed","ping_status":"closed","template":"","meta":{"inline_featured_image":false,"site-sidebar-layout":"no-sidebar","site-content-layout":"page-builder","ast-global-header-display":"","ast-main-header-display":"","ast-hfb-above-header-display":"","ast-hfb-below-header-display":"","ast-hfb-mobile-header-display":"","site-post-title":"disabled","ast-breadcrumbs-content":"","ast-featured-img":"disabled","footer-sml-layout":"","theme-transparent-header-meta":"","adv-header-id-meta":"","stick-header-meta":"","header-above-stick-meta":"","header-main-stick-meta":"","header-below-stick-meta":"","footnotes":""},"class_list":["post-5919","page","type-page","status-publish","hentry"],"acf":[],"_links":{"self":[{"href":"https:\/\/wp.interactioncr.com\/caldosas\/wp-json\/wp\/v2\/pages\/5919","targetHints":{"allow":["GET"]}}],"collection":[{"href":"https:\/\/wp.interactioncr.com\/caldosas\/wp-json\/wp\/v2\/pages"}],"about":[{"href":"https:\/\/wp.interactioncr.com\/caldosas\/wp-json\/wp\/v2\/types\/page"}],"author":[{"embeddable":true,"href":"https:\/\/wp.interactioncr.com\/caldosas\/wp-json\/wp\/v2\/users\/2"}],"replies":[{"embeddable":true,"href":"https:\/\/wp.interactioncr.com\/caldosas\/wp-json\/wp\/v2\/comments?post=5919"}],"version-history":[{"count":37,"href":"https:\/\/wp.interactioncr.com\/caldosas\/wp-json\/wp\/v2\/pages\/5919\/revisions"}],"predecessor-version":[{"id":7769,"href":"https:\/\/wp.interactioncr.com\/caldosas\/wp-json\/wp\/v2\/pages\/5919\/revisions\/7769"}],"wp:attachment":[{"href":"https:\/\/wp.interactioncr.com\/caldosas\/wp-json\/wp\/v2\/media?parent=5919"}],"curies":[{"name":"wp","href":"https:\/\/api.w.org\/{rel}","templated":true}]}}