{"id":2470,"date":"2022-03-29T14:29:55","date_gmt":"2022-03-29T20:29:55","guid":{"rendered":"https:\/\/wp.interactioncr.com\/durman\/?page_id=2470"},"modified":"2022-06-14T12:03:53","modified_gmt":"2022-06-14T18:03:53","slug":"comunicados-y-eventos","status":"publish","type":"page","link":"https:\/\/wp.interactioncr.com\/durman-colombia\/comunicados-y-eventos","title":{"rendered":"Comunicados y eventos"},"content":{"rendered":"\t\t<div data-elementor-type=\"wp-page\" data-elementor-id=\"2470\" class=\"elementor elementor-2470\">\n\t\t\t\t\t\t\t\t\t<section class=\"elementor-section elementor-top-section elementor-element elementor-element-6ca48b1 elementor-section-boxed elementor-section-height-default elementor-section-height-default\" data-id=\"6ca48b1\" data-element_type=\"section\" data-settings=\"{&quot;background_background&quot;:&quot;classic&quot;}\">\n\t\t\t\t\t\t<div class=\"elementor-container elementor-column-gap-default\">\n\t\t\t\t\t<div class=\"elementor-column elementor-col-100 elementor-top-column elementor-element elementor-element-5982ecf\" data-id=\"5982ecf\" data-element_type=\"column\">\n\t\t\t<div class=\"elementor-widget-wrap elementor-element-populated\">\n\t\t\t\t\t\t\t\t<div class=\"elementor-element elementor-element-32520d0 elementor-widget elementor-widget-heading\" data-id=\"32520d0\" data-element_type=\"widget\" data-widget_type=\"heading.default\">\n\t\t\t\t<div class=\"elementor-widget-container\">\n\t\t\t<style>\/*! elementor - v3.7.0 - 08-08-2022 *\/\n.elementor-heading-title{padding:0;margin:0;line-height:1}.elementor-widget-heading .elementor-heading-title[class*=elementor-size-]>a{color:inherit;font-size:inherit;line-height:inherit}.elementor-widget-heading .elementor-heading-title.elementor-size-small{font-size:15px}.elementor-widget-heading .elementor-heading-title.elementor-size-medium{font-size:19px}.elementor-widget-heading .elementor-heading-title.elementor-size-large{font-size:29px}.elementor-widget-heading .elementor-heading-title.elementor-size-xl{font-size:39px}.elementor-widget-heading .elementor-heading-title.elementor-size-xxl{font-size:59px}<\/style><h1 class=\"elementor-heading-title elementor-size-default\">Comunicados y eventos<\/h1>\t\t<\/div>\n\t\t\t\t<\/div>\n\t\t\t\t\t<\/div>\n\t\t<\/div>\n\t\t\t\t\t\t\t<\/div>\n\t\t<\/section>\n\t\t\t\t<section class=\"elementor-section elementor-top-section elementor-element elementor-element-1613e28 elementor-section-full_width elementor-section-height-default elementor-section-height-default\" data-id=\"1613e28\" data-element_type=\"section\">\n\t\t\t\t\t\t<div class=\"elementor-container elementor-column-gap-default\">\n\t\t\t\t\t<div class=\"elementor-column elementor-col-100 elementor-top-column elementor-element elementor-element-4c99548\" data-id=\"4c99548\" data-element_type=\"column\">\n\t\t\t<div class=\"elementor-widget-wrap elementor-element-populated\">\n\t\t\t\t\t\t\t\t<div class=\"elementor-element elementor-element-b9c7f38 curva_mobile elementor-widget elementor-widget-image\" data-id=\"b9c7f38\" data-element_type=\"widget\" data-widget_type=\"image.default\">\n\t\t\t\t<div class=\"elementor-widget-container\">\n\t\t\t<style>\/*! elementor - v3.7.0 - 08-08-2022 *\/\n.elementor-widget-image{text-align:center}.elementor-widget-image a{display:inline-block}.elementor-widget-image a img[src$=\".svg\"]{width:48px}.elementor-widget-image img{vertical-align:middle;display:inline-block}<\/style>\t\t\t\t\t\t\t\t\t\t\t\t<img loading=\"lazy\" decoding=\"async\" width=\"1919\" height=\"182\" src=\"https:\/\/wp.interactioncr.com\/durman-colombia\/wp-content\/uploads\/2022\/02\/curva-aliaxis-latam-white-1.svg\" class=\"attachment-full size-full\" alt=\"\" \/>\t\t\t\t\t\t\t\t\t\t\t\t\t\t\t<\/div>\n\t\t\t\t<\/div>\n\t\t\t\t\t<\/div>\n\t\t<\/div>\n\t\t\t\t\t\t\t<\/div>\n\t\t<\/section>\n\t\t\t\t<section class=\"elementor-section elementor-top-section elementor-element elementor-element-ddebc92 elementor-reverse-tablet elementor-reverse-mobile elementor-section-boxed elementor-section-height-default elementor-section-height-default\" data-id=\"ddebc92\" data-element_type=\"section\">\n\t\t\t\t\t\t<div class=\"elementor-container elementor-column-gap-default\">\n\t\t\t\t\t<div class=\"elementor-column elementor-col-50 elementor-top-column elementor-element elementor-element-f47eb0f\" data-id=\"f47eb0f\" data-element_type=\"column\">\n\t\t\t<div class=\"elementor-widget-wrap elementor-element-populated\">\n\t\t\t\t\t\t\t\t<div class=\"elementor-element elementor-element-b077730 elementor-position-top elementor-vertical-align-top elementor-widget elementor-widget-image-box\" data-id=\"b077730\" data-element_type=\"widget\" data-widget_type=\"image-box.default\">\n\t\t\t\t<div class=\"elementor-widget-container\">\n\t\t\t<style>\/*! elementor - v3.7.0 - 08-08-2022 *\/\n.elementor-widget-image-box .elementor-image-box-content{width:100%}@media (min-width:768px){.elementor-widget-image-box.elementor-position-left .elementor-image-box-wrapper,.elementor-widget-image-box.elementor-position-right .elementor-image-box-wrapper{display:-webkit-box;display:-ms-flexbox;display:flex}.elementor-widget-image-box.elementor-position-right .elementor-image-box-wrapper{text-align:right;-webkit-box-orient:horizontal;-webkit-box-direction:reverse;-ms-flex-direction:row-reverse;flex-direction:row-reverse}.elementor-widget-image-box.elementor-position-left .elementor-image-box-wrapper{text-align:left;-webkit-box-orient:horizontal;-webkit-box-direction:normal;-ms-flex-direction:row;flex-direction:row}.elementor-widget-image-box.elementor-position-top .elementor-image-box-img{margin:auto}.elementor-widget-image-box.elementor-vertical-align-top .elementor-image-box-wrapper{-webkit-box-align:start;-ms-flex-align:start;align-items:flex-start}.elementor-widget-image-box.elementor-vertical-align-middle .elementor-image-box-wrapper{-webkit-box-align:center;-ms-flex-align:center;align-items:center}.elementor-widget-image-box.elementor-vertical-align-bottom .elementor-image-box-wrapper{-webkit-box-align:end;-ms-flex-align:end;align-items:flex-end}}@media (max-width:767px){.elementor-widget-image-box .elementor-image-box-img{margin-left:auto!important;margin-right:auto!important;margin-bottom:15px}}.elementor-widget-image-box .elementor-image-box-img{display:inline-block}.elementor-widget-image-box .elementor-image-box-title a{color:inherit}.elementor-widget-image-box .elementor-image-box-wrapper{text-align:center}.elementor-widget-image-box .elementor-image-box-description{margin:0}<\/style><div class=\"elementor-image-box-wrapper\"><figure class=\"elementor-image-box-img\"><img loading=\"lazy\" decoding=\"async\" width=\"647\" height=\"429\" src=\"https:\/\/wp.interactioncr.com\/durman-colombia\/wp-content\/uploads\/2022\/05\/bicentanario-guatemala.jpg\" class=\"attachment-full size-full\" alt=\"\" \/><\/figure><div class=\"elementor-image-box-content\"><h3 class=\"elementor-image-box-title\">Bicentenario Grandes Marcas en Guatemala<\/h3><p class=\"elementor-image-box-description\">La celebraci\u00f3n del Bicentenario sirvi\u00f3 como eje central para realizar un homenaje a las marcas que han trabajado y se han esforzado por construir las historias que han acompa\u00f1ado el desarrollo econ\u00f3mico y han puesto en alto el nombre de Guatemala. <\/p><\/div><\/div>\t\t<\/div>\n\t\t\t\t<\/div>\n\t\t\t\t<div class=\"elementor-element elementor-element-fcddfa5 elementor-widget elementor-widget-text-editor\" data-id=\"fcddfa5\" data-element_type=\"widget\" data-widget_type=\"text-editor.default\">\n\t\t\t\t<div class=\"elementor-widget-container\">\n\t\t\t<style>\/*! elementor - v3.7.0 - 08-08-2022 *\/\n.elementor-widget-text-editor.elementor-drop-cap-view-stacked .elementor-drop-cap{background-color:#818a91;color:#fff}.elementor-widget-text-editor.elementor-drop-cap-view-framed .elementor-drop-cap{color:#818a91;border:3px solid;background-color:transparent}.elementor-widget-text-editor:not(.elementor-drop-cap-view-default) .elementor-drop-cap{margin-top:8px}.elementor-widget-text-editor:not(.elementor-drop-cap-view-default) .elementor-drop-cap-letter{width:1em;height:1em}.elementor-widget-text-editor .elementor-drop-cap{float:left;text-align:center;line-height:1;font-size:50px}.elementor-widget-text-editor .elementor-drop-cap-letter{display:inline-block}<\/style>\t\t\t\t<div class=\"toggle_content\">\n<p class=\"toggle_text\">Este proyecto fue un esfuerzo que reuni\u00f3 a m\u00e1s de 45 marcas en un libro publicado en formato de lujo y que rese\u00f1a la historia, las personas responsables que las han hecho crecer, las innovaciones y los desarrollos que han sumado a su grandeza y los aportes m\u00e1s significativos al pa\u00eds.\nEste libro quedar\u00e1 como testigo en el tiempo de todos los esfuerzos hechos por empresarios y empresas como Durman by Aliaxis que han apostado por Guatemala.\nEl artista guatemalteco Luis Fernando Izquierdo realiz\u00f3 una escultura conmemorativa con motivo de celebrar la independencia y el esfuerzo de las marcas. La obra tiene como nombre \u201cForjamos Guatemala\u201d. El artista se inspir\u00f3 en las haza\u00f1as y metas cumplidas de cada guatemalteco, as\u00ed como saber que en Guatemala existen empresas e instituciones que trabajan por una vida digna, segura y llena de colores.\n<\/p>\n<button class=\"btn btn-black toggle\">Leer m\u00e1s<\/button>\n\n<\/div>\t\t\t\t\t\t<\/div>\n\t\t\t\t<\/div>\n\t\t\t\t\t<\/div>\n\t\t<\/div>\n\t\t\t\t<div class=\"elementor-column elementor-col-50 elementor-top-column elementor-element elementor-element-9d80f8f\" data-id=\"9d80f8f\" data-element_type=\"column\">\n\t\t\t<div class=\"elementor-widget-wrap elementor-element-populated\">\n\t\t\t\t\t\t\t\t<div class=\"elementor-element elementor-element-7866332 elementor-position-top elementor-vertical-align-top elementor-widget elementor-widget-image-box\" data-id=\"7866332\" data-element_type=\"widget\" data-widget_type=\"image-box.default\">\n\t\t\t\t<div class=\"elementor-widget-container\">\n\t\t\t<div class=\"elementor-image-box-wrapper\"><figure class=\"elementor-image-box-img\"><img loading=\"lazy\" decoding=\"async\" width=\"647\" height=\"429\" src=\"https:\/\/wp.interactioncr.com\/durman-colombia\/wp-content\/uploads\/2022\/05\/bicentenario_empresas_lideres.jpg\" class=\"attachment-full size-full\" alt=\"\" \/><\/figure><div class=\"elementor-image-box-content\"><h3 class=\"elementor-image-box-title\">Bicentenario Estrategia y Negocios Regional<\/h3><p class=\"elementor-image-box-description\">Destacamos la evoluci\u00f3n y crecimiento de las empresas l\u00edderes en sus mercados nacionales y en la regi\u00f3n y elegimos a las empresas y empresarios l\u00edderes del bicentenario. <\/p><\/div><\/div>\t\t<\/div>\n\t\t\t\t<\/div>\n\t\t\t\t<div class=\"elementor-element elementor-element-c678b9f elementor-widget elementor-widget-text-editor\" data-id=\"c678b9f\" data-element_type=\"widget\" data-widget_type=\"text-editor.default\">\n\t\t\t\t<div class=\"elementor-widget-container\">\n\t\t\t\t\t\t\t<div class=\"toggle_content\">\n<p class=\"toggle_text\">Se destac\u00f3 a las grandes empleadoras, l\u00edderes del retail, l\u00edderes exportadoras centroamericanas, capitanas de los sectores que mueven Centroam\u00e9rica. \nSe analiz\u00f3 con perspectiva hist\u00f3rica a las empresas l\u00edderes por facturaci\u00f3n, l\u00edderes exportadoras, l\u00edderes comerciales, industriales, pioneras de la regionalizaci\u00f3n y l\u00edderes de la expansi\u00f3n.\nSer un protagonista del bicentenario significa dejar una marca indeleble y positiva en la historia de Centroam\u00e9rica. Las empresas y empresarios hist\u00f3ricos, integracionistas, regionales, sostenibles, innovadores y de alto impacto para Centroam\u00e9rica. \n<\/p>\n<button class=\"btn btn-black toggle\">Leer m\u00e1s<\/button>\n\n<\/div>\t\t\t\t\t\t<\/div>\n\t\t\t\t<\/div>\n\t\t\t\t\t<\/div>\n\t\t<\/div>\n\t\t\t\t\t\t\t<\/div>\n\t\t<\/section>\n\t\t\t\t<section class=\"elementor-section elementor-top-section elementor-element elementor-element-724198b elementor-reverse-tablet elementor-reverse-mobile elementor-section-boxed elementor-section-height-default elementor-section-height-default\" data-id=\"724198b\" data-element_type=\"section\">\n\t\t\t\t\t\t<div class=\"elementor-container elementor-column-gap-default\">\n\t\t\t\t\t<div class=\"elementor-column elementor-col-50 elementor-top-column elementor-element elementor-element-ce18c56\" data-id=\"ce18c56\" data-element_type=\"column\">\n\t\t\t<div class=\"elementor-widget-wrap elementor-element-populated\">\n\t\t\t\t\t\t\t\t<div class=\"elementor-element elementor-element-8332ec7 elementor-position-top elementor-vertical-align-top elementor-widget elementor-widget-image-box\" data-id=\"8332ec7\" data-element_type=\"widget\" data-widget_type=\"image-box.default\">\n\t\t\t\t<div class=\"elementor-widget-container\">\n\t\t\t<div class=\"elementor-image-box-wrapper\"><figure class=\"elementor-image-box-img\"><img loading=\"lazy\" decoding=\"async\" width=\"647\" height=\"429\" src=\"https:\/\/wp.interactioncr.com\/durman-colombia\/wp-content\/uploads\/2022\/05\/seminario-online-rib.jpg\" class=\"attachment-full size-full\" alt=\"\" \/><\/figure><div class=\"elementor-image-box-content\"><h3 class=\"elementor-image-box-title\">Seminario online Rib Loc <\/h3><p class=\"elementor-image-box-description\">Con el patrocinio de Durman by aliaxis y en conjunto con C\u00e1mara Guatemalteca de la Construcci\u00f3n CGC y el Instituto de Capacitaci\u00f3n de la Construcci\u00f3n ICC, se llev\u00f3 a cabo un seminario online as\u00ed como presencial de tuber\u00eda PVC para proyectos de infraestructura.\n<\/p><\/div><\/div>\t\t<\/div>\n\t\t\t\t<\/div>\n\t\t\t\t\t<\/div>\n\t\t<\/div>\n\t\t\t\t<div class=\"elementor-column elementor-col-50 elementor-top-column elementor-element elementor-element-94a0f9e\" data-id=\"94a0f9e\" data-element_type=\"column\">\n\t\t\t<div class=\"elementor-widget-wrap elementor-element-populated\">\n\t\t\t\t\t\t\t\t<div class=\"elementor-element elementor-element-188cced elementor-position-top elementor-vertical-align-top elementor-widget elementor-widget-image-box\" data-id=\"188cced\" data-element_type=\"widget\" data-widget_type=\"image-box.default\">\n\t\t\t\t<div class=\"elementor-widget-container\">\n\t\t\t<div class=\"elementor-image-box-wrapper\"><figure class=\"elementor-image-box-img\"><img loading=\"lazy\" decoding=\"async\" width=\"647\" height=\"429\" src=\"https:\/\/wp.interactioncr.com\/durman-colombia\/wp-content\/uploads\/2022\/05\/sesiones-aguacates.jpg\" class=\"attachment-full size-full\" alt=\"\" \/><\/figure><div class=\"elementor-image-box-content\"><h3 class=\"elementor-image-box-title\">Sesiones Aguacate 2021, POPOYAN, Guatemala<\/h3><p class=\"elementor-image-box-description\">Consisti\u00f3 en un d\u00eda de campo de sesiones de aguacate en la cual se abordaron temas actualizados para los nuevos requerimientos del sector. \nEstuvo dirigido a productores, t\u00e9cnicos, profesionales, consultores, inversionistas e interesados en el cultivo de aguacate.\n<\/p><\/div><\/div>\t\t<\/div>\n\t\t\t\t<\/div>\n\t\t\t\t\t<\/div>\n\t\t<\/div>\n\t\t\t\t\t\t\t<\/div>\n\t\t<\/section>\n\t\t\t\t<section class=\"elementor-section elementor-top-section elementor-element elementor-element-b1e75b9 elementor-reverse-tablet elementor-reverse-mobile elementor-section-boxed elementor-section-height-default elementor-section-height-default\" data-id=\"b1e75b9\" data-element_type=\"section\">\n\t\t\t\t\t\t<div class=\"elementor-container elementor-column-gap-default\">\n\t\t\t\t\t<div class=\"elementor-column elementor-col-50 elementor-top-column elementor-element elementor-element-f28717e\" data-id=\"f28717e\" data-element_type=\"column\">\n\t\t\t<div class=\"elementor-widget-wrap elementor-element-populated\">\n\t\t\t\t\t\t\t\t<div class=\"elementor-element elementor-element-13ec552 elementor-position-top elementor-vertical-align-top elementor-widget elementor-widget-image-box\" data-id=\"13ec552\" data-element_type=\"widget\" data-widget_type=\"image-box.default\">\n\t\t\t\t<div class=\"elementor-widget-container\">\n\t\t\t<div class=\"elementor-image-box-wrapper\"><figure class=\"elementor-image-box-img\"><img loading=\"lazy\" decoding=\"async\" width=\"647\" height=\"429\" src=\"https:\/\/wp.interactioncr.com\/durman-colombia\/wp-content\/uploads\/2022\/05\/congreso-nacional.jpg\" class=\"attachment-full size-full\" alt=\"\" \/><\/figure><div class=\"elementor-image-box-content\"><h3 class=\"elementor-image-box-title\">Congreso Nacional de Innovaci\u00f3n Costa Rica<\/h3><p class=\"elementor-image-box-description\">Se trataron temas en gesti\u00f3n de la innovaci\u00f3n, desarrollo de una cultura de innovaci\u00f3n en la empresa, transformaci\u00f3n digital, gram\u00e1tica de los datos y casos de \u00e9xito.<\/p><\/div><\/div>\t\t<\/div>\n\t\t\t\t<\/div>\n\t\t\t\t<div class=\"elementor-element elementor-element-396f3db elementor-widget elementor-widget-text-editor\" data-id=\"396f3db\" data-element_type=\"widget\" data-widget_type=\"text-editor.default\">\n\t\t\t\t<div class=\"elementor-widget-container\">\n\t\t\t\t\t\t\t<div class=\"toggle_content\">\n<p class=\"toggle_text\">El evento tuvo lugar el pasado 23 y 24 de setiembre de 2021 de manera virtual, mediante la plataforma www.congresoscicr.com. \nSu objetivo fue ser un espacio de transferencia de conocimiento en el cual el sector productivo costarricense y actores del ecosistema nacional de innovaci\u00f3n exploraran nuevos conceptos, procesos, tecnolog\u00edas y buenas e innovadoras pr\u00e1cticas para enfrentar los retos de construir y mantener un pa\u00eds m\u00e1s competitivo. \n<\/p>\n<button class=\"btn btn-black toggle\">Leer m\u00e1s<\/button>\n\n<\/div>\t\t\t\t\t\t<\/div>\n\t\t\t\t<\/div>\n\t\t\t\t\t<\/div>\n\t\t<\/div>\n\t\t\t\t<div class=\"elementor-column elementor-col-50 elementor-top-column elementor-element elementor-element-8494921\" data-id=\"8494921\" data-element_type=\"column\">\n\t\t\t<div class=\"elementor-widget-wrap elementor-element-populated\">\n\t\t\t\t\t\t\t\t<div class=\"elementor-element elementor-element-d168745 elementor-position-top elementor-vertical-align-top elementor-widget elementor-widget-image-box\" data-id=\"d168745\" data-element_type=\"widget\" data-widget_type=\"image-box.default\">\n\t\t\t\t<div class=\"elementor-widget-container\">\n\t\t\t<div class=\"elementor-image-box-wrapper\"><figure class=\"elementor-image-box-img\"><img loading=\"lazy\" decoding=\"async\" width=\"647\" height=\"429\" src=\"https:\/\/wp.interactioncr.com\/durman-colombia\/wp-content\/uploads\/2022\/05\/acenvi-nota.jpg\" class=\"attachment-full size-full\" alt=\"\" \/><\/figure><div class=\"elementor-image-box-content\"><h3 class=\"elementor-image-box-title\">Webinar con ACENVI<\/h3><p class=\"elementor-image-box-description\">Con el patrocinio de Durman by aliaxis y en conjunto con la Asociaci\u00f3n Centroamericana para la vivienda ACENVI se llevaron a cabo dos webinar con tem\u00e1ticas actuales,<\/p><\/div><\/div>\t\t<\/div>\n\t\t\t\t<\/div>\n\t\t\t\t<div class=\"elementor-element elementor-element-c875861 elementor-widget elementor-widget-text-editor\" data-id=\"c875861\" data-element_type=\"widget\" data-widget_type=\"text-editor.default\">\n\t\t\t\t<div class=\"elementor-widget-container\">\n\t\t\t\t\t\t\t<div class=\"toggle_content\">\n<p class=\"toggle_text\">uno desarrollado el 12 de enero el webinar \u201cExpectativas de la econom\u00eda en Guatemala para el 2022\u201d donde se analizan los retos y oportunidades en el mercado y segmento de la vivienda, construcci\u00f3n, importaci\u00f3n y exportaci\u00f3n de materias primas. El otro se efectu\u00f3 el 26 de enero con el tema \u201cTr\u00e1mites para Obtener Licencia de Construcci\u00f3n\u201d donde se analiz\u00f3 la informaci\u00f3n para la agilizaci\u00f3n de tr\u00e1mites en ventanilla \u00fanica de la Municipalidad de Guatemala.\n<\/p>\n<button class=\"btn btn-black toggle\">Leer m\u00e1s<\/button>\n\n<\/div>\t\t\t\t\t\t<\/div>\n\t\t\t\t<\/div>\n\t\t\t\t\t<\/div>\n\t\t<\/div>\n\t\t\t\t\t\t\t<\/div>\n\t\t<\/section>\n\t\t\t\t<section class=\"elementor-section elementor-top-section elementor-element elementor-element-eac984c elementor-reverse-tablet elementor-reverse-mobile elementor-section-boxed elementor-section-height-default elementor-section-height-default\" data-id=\"eac984c\" data-element_type=\"section\">\n\t\t\t\t\t\t<div class=\"elementor-container elementor-column-gap-default\">\n\t\t\t\t\t<div class=\"elementor-column elementor-col-50 elementor-top-column elementor-element elementor-element-1008aab\" data-id=\"1008aab\" data-element_type=\"column\">\n\t\t\t<div class=\"elementor-widget-wrap elementor-element-populated\">\n\t\t\t\t\t\t\t\t<div class=\"elementor-element elementor-element-4a19efb elementor-position-top elementor-vertical-align-top elementor-widget elementor-widget-image-box\" data-id=\"4a19efb\" data-element_type=\"widget\" data-widget_type=\"image-box.default\">\n\t\t\t\t<div class=\"elementor-widget-container\">\n\t\t\t<div class=\"elementor-image-box-wrapper\"><figure class=\"elementor-image-box-img\"><img loading=\"lazy\" decoding=\"async\" width=\"647\" height=\"429\" src=\"https:\/\/wp.interactioncr.com\/durman-colombia\/wp-content\/uploads\/2022\/05\/premio-camara-salvador.jpg\" class=\"attachment-full size-full\" alt=\"\" \/><\/figure><div class=\"elementor-image-box-content\"><h3 class=\"elementor-image-box-title\">Premio, entregado por la C\u00e1mara Salvadore\u00f1a<\/h3><p class=\"elementor-image-box-description\">Dicha distinci\u00f3n reconoce a empresarios que con su trabajo y profesionalismo desarrollan proyectos que facilitan el progreso del pa\u00eds. Premio, entregado por la C\u00e1mara Salvadore\u00f1a de la Industria de la Construcci\u00f3n, Casalco, generando m\u00e1s fuentes de empleo y mejores condiciones de vida para muchas familias salvadore\u00f1as. \n<\/p><\/div><\/div>\t\t<\/div>\n\t\t\t\t<\/div>\n\t\t\t\t\t<\/div>\n\t\t<\/div>\n\t\t\t\t<div class=\"elementor-column elementor-col-50 elementor-top-column elementor-element elementor-element-431cad0\" data-id=\"431cad0\" data-element_type=\"column\">\n\t\t\t<div class=\"elementor-widget-wrap elementor-element-populated\">\n\t\t\t\t\t\t\t\t<div class=\"elementor-element elementor-element-5f59f92 elementor-position-top elementor-vertical-align-top elementor-widget elementor-widget-image-box\" data-id=\"5f59f92\" data-element_type=\"widget\" data-widget_type=\"image-box.default\">\n\t\t\t\t<div class=\"elementor-widget-container\">\n\t\t\t<div class=\"elementor-image-box-wrapper\"><figure class=\"elementor-image-box-img\"><img loading=\"lazy\" decoding=\"async\" width=\"647\" height=\"429\" src=\"https:\/\/wp.interactioncr.com\/durman-colombia\/wp-content\/uploads\/2022\/05\/vivienda-accesible.jpg\" class=\"attachment-full size-full\" alt=\"\" \/><\/figure><div class=\"elementor-image-box-content\"><h3 class=\"elementor-image-box-title\">Vivienda Accesible Guatemala<\/h3><p class=\"elementor-image-box-description\">Apoyamos el primer concurso nacional de vivienda accesible 2021, promovido por la Asociaci\u00f3n Centroamericana, Durman by aliaxis comprometido con el desarrollo nacional y el impacto para el sector de la vivienda, para la Vivienda ACENVI. En este concurso participaron 41 competidores dentro de 3 categor\u00edas, con el prop\u00f3sito de fomentar la innovaci\u00f3n y el desarrollo en las soluciones habitacionales.\n<\/p><\/div><\/div>\t\t<\/div>\n\t\t\t\t<\/div>\n\t\t\t\t\t<\/div>\n\t\t<\/div>\n\t\t\t\t\t\t\t<\/div>\n\t\t<\/section>\n\t\t\t\t\t\t\t<\/div>\n\t\t","protected":false},"excerpt":{"rendered":"<p>Comunicados y eventos Bicentenario Grandes Marcas en Guatemala La celebraci\u00f3n del Bicentenario sirvi\u00f3 como eje central para realizar un homenaje a las marcas que han trabajado y se han esforzado por construir las historias que han acompa\u00f1ado el desarrollo econ\u00f3mico y han puesto en alto el nombre de Guatemala. Este proyecto fue un esfuerzo que &hellip;<\/p>\n<p class=\"read-more\"> <a class=\"\" href=\"https:\/\/wp.interactioncr.com\/durman-colombia\/comunicados-y-eventos\"> <span class=\"screen-reader-text\">Comunicados y eventos<\/span> Leer m\u00e1s &raquo;<\/a><\/p>\n","protected":false},"author":1,"featured_media":0,"parent":0,"menu_order":0,"comment_status":"closed","ping_status":"closed","template":"","meta":{"inline_featured_image":false,"site-sidebar-layout":"no-sidebar","site-content-layout":"page-builder","ast-global-header-display":"","ast-main-header-display":"","ast-hfb-above-header-display":"","ast-hfb-below-header-display":"","ast-hfb-mobile-header-display":"","site-post-title":"disabled","ast-breadcrumbs-content":"","ast-featured-img":"disabled","footer-sml-layout":"","theme-transparent-header-meta":"","adv-header-id-meta":"","stick-header-meta":"","header-above-stick-meta":"","header-main-stick-meta":"","header-below-stick-meta":"","footnotes":""},"class_list":["post-2470","page","type-page","status-publish","hentry"],"acf":[],"_links":{"self":[{"href":"https:\/\/wp.interactioncr.com\/durman-colombia\/wp-json\/wp\/v2\/pages\/2470","targetHints":{"allow":["GET"]}}],"collection":[{"href":"https:\/\/wp.interactioncr.com\/durman-colombia\/wp-json\/wp\/v2\/pages"}],"about":[{"href":"https:\/\/wp.interactioncr.com\/durman-colombia\/wp-json\/wp\/v2\/types\/page"}],"author":[{"embeddable":true,"href":"https:\/\/wp.interactioncr.com\/durman-colombia\/wp-json\/wp\/v2\/users\/1"}],"replies":[{"embeddable":true,"href":"https:\/\/wp.interactioncr.com\/durman-colombia\/wp-json\/wp\/v2\/comments?post=2470"}],"version-history":[{"count":88,"href":"https:\/\/wp.interactioncr.com\/durman-colombia\/wp-json\/wp\/v2\/pages\/2470\/revisions"}],"predecessor-version":[{"id":7824,"href":"https:\/\/wp.interactioncr.com\/durman-colombia\/wp-json\/wp\/v2\/pages\/2470\/revisions\/7824"}],"wp:attachment":[{"href":"https:\/\/wp.interactioncr.com\/durman-colombia\/wp-json\/wp\/v2\/media?parent=2470"}],"curies":[{"name":"wp","href":"https:\/\/api.w.org\/{rel}","templated":true}]}}