{"id":6281,"date":"2022-05-19T14:08:52","date_gmt":"2022-05-19T20:08:52","guid":{"rendered":"https:\/\/wp.interactioncr.com\/durman\/?page_id=6281"},"modified":"2022-08-11T17:09:52","modified_gmt":"2022-08-11T23:09:52","slug":"nuestras-politicas","status":"publish","type":"page","link":"https:\/\/wp.interactioncr.com\/durman-colombia\/nuestras-politicas","title":{"rendered":"Nuestras pol\u00edticas"},"content":{"rendered":"\t\t<div data-elementor-type=\"wp-page\" data-elementor-id=\"6281\" class=\"elementor elementor-6281\">\n\t\t\t\t\t\t\t\t\t<section class=\"elementor-section elementor-top-section elementor-element elementor-element-6ca48b1 elementor-section-boxed elementor-section-height-default elementor-section-height-default\" data-id=\"6ca48b1\" data-element_type=\"section\" data-settings=\"{&quot;background_background&quot;:&quot;classic&quot;}\">\n\t\t\t\t\t\t<div class=\"elementor-container elementor-column-gap-default\">\n\t\t\t\t\t<div class=\"elementor-column elementor-col-100 elementor-top-column elementor-element elementor-element-5982ecf\" data-id=\"5982ecf\" data-element_type=\"column\">\n\t\t\t<div class=\"elementor-widget-wrap elementor-element-populated\">\n\t\t\t\t\t\t\t\t<div class=\"elementor-element elementor-element-32520d0 elementor-widget elementor-widget-heading\" data-id=\"32520d0\" data-element_type=\"widget\" data-widget_type=\"heading.default\">\n\t\t\t\t<div class=\"elementor-widget-container\">\n\t\t\t<style>\/*! elementor - v3.7.0 - 08-08-2022 *\/\n.elementor-heading-title{padding:0;margin:0;line-height:1}.elementor-widget-heading .elementor-heading-title[class*=elementor-size-]>a{color:inherit;font-size:inherit;line-height:inherit}.elementor-widget-heading .elementor-heading-title.elementor-size-small{font-size:15px}.elementor-widget-heading .elementor-heading-title.elementor-size-medium{font-size:19px}.elementor-widget-heading .elementor-heading-title.elementor-size-large{font-size:29px}.elementor-widget-heading .elementor-heading-title.elementor-size-xl{font-size:39px}.elementor-widget-heading .elementor-heading-title.elementor-size-xxl{font-size:59px}<\/style><h1 class=\"elementor-heading-title elementor-size-default\">Seguridad<\/h1>\t\t<\/div>\n\t\t\t\t<\/div>\n\t\t\t\t\t<\/div>\n\t\t<\/div>\n\t\t\t\t\t\t\t<\/div>\n\t\t<\/section>\n\t\t\t\t<section class=\"elementor-section elementor-top-section elementor-element elementor-element-1613e28 elementor-section-full_width elementor-section-height-default elementor-section-height-default\" data-id=\"1613e28\" data-element_type=\"section\">\n\t\t\t\t\t\t<div class=\"elementor-container elementor-column-gap-default\">\n\t\t\t\t\t<div class=\"elementor-column elementor-col-100 elementor-top-column elementor-element elementor-element-4c99548\" data-id=\"4c99548\" data-element_type=\"column\">\n\t\t\t<div class=\"elementor-widget-wrap elementor-element-populated\">\n\t\t\t\t\t\t\t\t<div class=\"elementor-element elementor-element-b9c7f38 curva_mobile elementor-widget elementor-widget-image\" data-id=\"b9c7f38\" data-element_type=\"widget\" data-widget_type=\"image.default\">\n\t\t\t\t<div class=\"elementor-widget-container\">\n\t\t\t<style>\/*! elementor - v3.7.0 - 08-08-2022 *\/\n.elementor-widget-image{text-align:center}.elementor-widget-image a{display:inline-block}.elementor-widget-image a img[src$=\".svg\"]{width:48px}.elementor-widget-image img{vertical-align:middle;display:inline-block}<\/style>\t\t\t\t\t\t\t\t\t\t\t\t<img loading=\"lazy\" decoding=\"async\" width=\"1919\" height=\"182\" src=\"https:\/\/wp.interactioncr.com\/durman-colombia\/wp-content\/uploads\/2022\/02\/curva-aliaxis-latam-white-1.svg\" class=\"attachment-full size-full\" alt=\"\" \/>\t\t\t\t\t\t\t\t\t\t\t\t\t\t\t<\/div>\n\t\t\t\t<\/div>\n\t\t\t\t\t<\/div>\n\t\t<\/div>\n\t\t\t\t\t\t\t<\/div>\n\t\t<\/section>\n\t\t\t\t<section class=\"elementor-section elementor-top-section elementor-element elementor-element-ce249a4 elementor-section-boxed elementor-section-height-default elementor-section-height-default\" data-id=\"ce249a4\" data-element_type=\"section\">\n\t\t\t\t\t\t<div class=\"elementor-container elementor-column-gap-default\">\n\t\t\t\t\t<div class=\"elementor-column elementor-col-100 elementor-top-column elementor-element elementor-element-c927878\" data-id=\"c927878\" data-element_type=\"column\">\n\t\t\t<div class=\"elementor-widget-wrap elementor-element-populated\">\n\t\t\t\t\t\t\t\t<div class=\"elementor-element elementor-element-c45d838 tabs_crecimiento_proposito elementor-tabs-view-horizontal elementor-widget elementor-widget-tabs\" data-id=\"c45d838\" data-element_type=\"widget\" data-widget_type=\"tabs.default\">\n\t\t\t\t<div class=\"elementor-widget-container\">\n\t\t\t<style>\/*! elementor - v3.7.0 - 08-08-2022 *\/\n.elementor-widget-tabs.elementor-tabs-view-vertical .elementor-tabs-wrapper{width:25%;-ms-flex-negative:0;flex-shrink:0}.elementor-widget-tabs.elementor-tabs-view-vertical .elementor-tab-desktop-title.elementor-active{border-right-style:none}.elementor-widget-tabs.elementor-tabs-view-vertical .elementor-tab-desktop-title.elementor-active:after,.elementor-widget-tabs.elementor-tabs-view-vertical .elementor-tab-desktop-title.elementor-active:before{height:999em;width:0;right:0;border-right-style:solid}.elementor-widget-tabs.elementor-tabs-view-vertical .elementor-tab-desktop-title.elementor-active:before{top:0;-webkit-transform:translateY(-100%);-ms-transform:translateY(-100%);transform:translateY(-100%)}.elementor-widget-tabs.elementor-tabs-view-vertical .elementor-tab-desktop-title.elementor-active:after{top:100%}.elementor-widget-tabs.elementor-tabs-view-horizontal .elementor-tab-desktop-title{display:table-cell}.elementor-widget-tabs.elementor-tabs-view-horizontal .elementor-tab-desktop-title.elementor-active{border-bottom-style:none}.elementor-widget-tabs.elementor-tabs-view-horizontal .elementor-tab-desktop-title.elementor-active:after,.elementor-widget-tabs.elementor-tabs-view-horizontal .elementor-tab-desktop-title.elementor-active:before{bottom:0;height:0;width:999em;border-bottom-style:solid}.elementor-widget-tabs.elementor-tabs-view-horizontal .elementor-tab-desktop-title.elementor-active:before{right:100%}.elementor-widget-tabs.elementor-tabs-view-horizontal .elementor-tab-desktop-title.elementor-active:after{left:100%}.elementor-widget-tabs .elementor-tab-content,.elementor-widget-tabs .elementor-tab-title,.elementor-widget-tabs .elementor-tab-title:after,.elementor-widget-tabs .elementor-tab-title:before,.elementor-widget-tabs .elementor-tabs-content-wrapper{border:1px #d4d4d4}.elementor-widget-tabs .elementor-tabs{text-align:left}.elementor-widget-tabs .elementor-tabs-wrapper{overflow:hidden}.elementor-widget-tabs .elementor-tab-title{cursor:pointer;outline:var(--focus-outline,none)}.elementor-widget-tabs .elementor-tab-desktop-title{position:relative;padding:20px 25px;font-weight:700;line-height:1;border:solid transparent}.elementor-widget-tabs .elementor-tab-desktop-title.elementor-active{border-color:#d4d4d4}.elementor-widget-tabs .elementor-tab-desktop-title.elementor-active:after,.elementor-widget-tabs .elementor-tab-desktop-title.elementor-active:before{display:block;content:\"\";position:absolute}.elementor-widget-tabs .elementor-tab-desktop-title:focus-visible{border:1px solid #000}.elementor-widget-tabs .elementor-tab-mobile-title{padding:10px;cursor:pointer}.elementor-widget-tabs .elementor-tab-content{padding:20px;display:none}@media (max-width:767px){.elementor-tabs .elementor-tab-content,.elementor-tabs .elementor-tab-title{border-style:solid solid none}.elementor-tabs .elementor-tabs-wrapper{display:none}.elementor-tabs .elementor-tabs-content-wrapper{border-bottom-style:solid}.elementor-tabs .elementor-tab-content{padding:10px}}@media (min-width:768px){.elementor-widget-tabs.elementor-tabs-view-vertical .elementor-tabs{display:-webkit-box;display:-ms-flexbox;display:flex}.elementor-widget-tabs.elementor-tabs-view-vertical .elementor-tabs-wrapper{-webkit-box-orient:vertical;-webkit-box-direction:normal;-ms-flex-direction:column;flex-direction:column}.elementor-widget-tabs.elementor-tabs-view-vertical .elementor-tabs-content-wrapper{-webkit-box-flex:1;-ms-flex-positive:1;flex-grow:1;border-style:solid solid solid none}.elementor-widget-tabs.elementor-tabs-view-horizontal .elementor-tab-content{border-style:none solid solid}.elementor-widget-tabs.elementor-tabs-alignment-center .elementor-tabs-wrapper,.elementor-widget-tabs.elementor-tabs-alignment-end .elementor-tabs-wrapper,.elementor-widget-tabs.elementor-tabs-alignment-stretch .elementor-tabs-wrapper{display:-webkit-box;display:-ms-flexbox;display:flex}.elementor-widget-tabs.elementor-tabs-alignment-center .elementor-tabs-wrapper{-webkit-box-pack:center;-ms-flex-pack:center;justify-content:center}.elementor-widget-tabs.elementor-tabs-alignment-end .elementor-tabs-wrapper{-webkit-box-pack:end;-ms-flex-pack:end;justify-content:flex-end}.elementor-widget-tabs.elementor-tabs-alignment-stretch.elementor-tabs-view-horizontal .elementor-tab-title{width:100%}.elementor-widget-tabs.elementor-tabs-alignment-stretch.elementor-tabs-view-vertical .elementor-tab-title{height:100%}.elementor-tabs .elementor-tab-mobile-title{display:none}}<\/style>\t\t<div class=\"elementor-tabs\">\n\t\t\t<div class=\"elementor-tabs-wrapper\" role=\"tablist\" >\n\t\t\t\t\t\t\t\t\t<div id=\"elementor-tab-title-2051\" class=\"elementor-tab-title elementor-tab-desktop-title\" aria-selected=\"true\" data-tab=\"1\" role=\"tab\" tabindex=\"0\" aria-controls=\"elementor-tab-content-2051\" aria-expanded=\"false\">Pol\u00edtica integrada aliaxis latinoam\u00e9rica di.Cor.Rg.05.01.Sg.09-01<\/div>\n\t\t\t\t\t\t\t\t\t<div id=\"elementor-tab-title-2052\" class=\"elementor-tab-title elementor-tab-desktop-title\" aria-selected=\"false\" data-tab=\"2\" role=\"tab\" tabindex=\"-1\" aria-controls=\"elementor-tab-content-2052\" aria-expanded=\"false\">Pol\u00edtica de uso y  protecci\u00f3n de datos Personales<\/div>\n\t\t\t\t\t\t\t\t\t<div id=\"elementor-tab-title-2053\" class=\"elementor-tab-title elementor-tab-desktop-title\" aria-selected=\"false\" data-tab=\"3\" role=\"tab\" tabindex=\"-1\" aria-controls=\"elementor-tab-content-2053\" aria-expanded=\"false\">Pol\u00edtica del sistema de gesti\u00f3n  del riesgo de lavado de activos  y de financiaci\u00f3n del terrorismo<\/div>\n\t\t\t\t\t\t\t<\/div>\n\t\t\t<div class=\"elementor-tabs-content-wrapper\" role=\"tablist\" aria-orientation=\"vertical\">\n\t\t\t\t\t\t\t\t\t<div class=\"elementor-tab-title elementor-tab-mobile-title\" aria-selected=\"true\" data-tab=\"1\" role=\"tab\" tabindex=\"0\" aria-controls=\"elementor-tab-content-2051\" aria-expanded=\"false\">Pol\u00edtica integrada aliaxis latinoam\u00e9rica di.Cor.Rg.05.01.Sg.09-01<\/div>\n\t\t\t\t\t<div id=\"elementor-tab-content-2051\" class=\"elementor-tab-content elementor-clearfix\" data-tab=\"1\" role=\"tabpanel\" aria-labelledby=\"elementor-tab-title-2051\" tabindex=\"0\" hidden=\"false\"><p>En Aliaxis Latinoam\u00e9rica; nos dedicamos a la fabricaci\u00f3n y comercializaci\u00f3n de productos de PVC, otros termopl\u00e1sticos y servicios transformados en soluciones innovadoras e integrales; para los segmentos de edificaci\u00f3n\/predial, irrigaci\u00f3n, infraestructura, miner\u00eda, e industria con el prop\u00f3sito de ser l\u00edder en el mercado latinoamericano. Durante el desarrollo de las actividades diarias nos comprometemos con:<\/p><p>\u2022Prevenir lesiones, incidentes y enfermedades ocupacionales, controlando los riesgos de trabajo para garantizar un <br \/>ambiente seguro y saludable.<br \/>\u2022Ofrecer bienes y servicios que satisfagan las necesidades de nuestros clientes<br \/>\u2022Proteger el ambiente haciendo un uso sostenible de sus recursos<br \/>\u2022Prevenir la contaminaci\u00f3n durante el desarrollo de nuestras operaciones<br \/>\u2022Cumplir con los requisitos legales y otros requisitos aplicables que la organizaci\u00f3n suscriba<br \/>\u2022Velar por la rentabilidad de la organizaci\u00f3n.<br \/>\u2022Promover la consulta y participaci\u00f3n de los trabajadores y sus representantes, form\u00e1ndolos, desarroll\u00e1ndolos y <br \/>concienci\u00e1ndolos.<br \/>\u2022Mejorar continuamente nuestros sistemas de gesti\u00f3n; para la mejora del desempe\u00f1o<\/p><p>Nuestra Pol\u00edtica es del conocimiento de todos los miembros que laboran para o en nombre de la organizaci\u00f3n y es deber de cada uno divulgar y velar por su cumplimiento pr\u00e1ctico, durante la realizaci\u00f3n de todas las actividades<br \/>diarias.<\/p><\/div>\n\t\t\t\t\t\t\t\t\t<div class=\"elementor-tab-title elementor-tab-mobile-title\" aria-selected=\"false\" data-tab=\"2\" role=\"tab\" tabindex=\"-1\" aria-controls=\"elementor-tab-content-2052\" aria-expanded=\"false\">Pol\u00edtica de uso y  protecci\u00f3n de datos Personales<\/div>\n\t\t\t\t\t<div id=\"elementor-tab-content-2052\" class=\"elementor-tab-content elementor-clearfix\" data-tab=\"2\" role=\"tabpanel\" aria-labelledby=\"elementor-tab-title-2052\" tabindex=\"0\" hidden=\"hidden\"><a class=\"elementor-button-link elementor-button elementor-size-sm button_download\" href=\"https:\/\/wp.interactioncr.com\/durman-colombia\/wp-content\/uploads\/2022\/05\/II.COL_.FI_.08.01.AD_.22-03.pdf\">Descargar pol\u00edtica<\/a><\/div>\n\t\t\t\t\t\t\t\t\t<div class=\"elementor-tab-title elementor-tab-mobile-title\" aria-selected=\"false\" data-tab=\"3\" role=\"tab\" tabindex=\"-1\" aria-controls=\"elementor-tab-content-2053\" aria-expanded=\"false\">Pol\u00edtica del sistema de gesti\u00f3n  del riesgo de lavado de activos  y de financiaci\u00f3n del terrorismo<\/div>\n\t\t\t\t\t<div id=\"elementor-tab-content-2053\" class=\"elementor-tab-content elementor-clearfix\" data-tab=\"3\" role=\"tabpanel\" aria-labelledby=\"elementor-tab-title-2053\" tabindex=\"0\" hidden=\"hidden\"><p>Esta pol\u00edtica re\u00fane lo establecido en la normatividad vigente sobre la\u00a0 materia y las mejores pr\u00e1cticas de la industria que permitir\u00e1n prevenir y\u00a0 controlar los riesgos de lavado de activos y de financiaci\u00f3n del terrorismo, que\u00a0 le es aplicable a los miembros de la\u00a0\u00a0 compa\u00f1\u00eda Durman Colombia SAS (Accionistas, Junta Directiva, Representantes Legales, Gerentes y empleados de los procesos con exposici\u00f3n a\u00a0 este riesgo) y a los terceros como Clientes, Proveedores, Contratistas,\u00a0 Entidades Financieras, entre otros.<\/p><p>Las relaciones entre la empresa DURMAN COLOMBIA S.A.S y sus terceros, debe fundamentarse en los siguientes principios de acuerdo con la filosof\u00eda corporativa:<\/p><p>\u00a0\u00a0\u00a0 Integridad<\/p><p>\u00a0\u00a0\u00a0 Servicio a los dem\u00e1s<\/p><p>\u00a0\u00a0\u00a0 Seguridad en todo lo que hacemos<\/p><p>\u00a0\u00a0\u00a0 Respeto<\/p><p>\u00a0\u00a0\u00a0 Valorar a la gente<\/p><p>\u00a0\u00a0\u00a0 Responsabilidad<\/p><p>As\u00ed mismo y con el prop\u00f3sito de la prevenci\u00f3n del riesgo de Lavado de Activos y de Financiaci\u00f3n del Terrorismo, la compa\u00f1\u00eda, sus miembros y sus terceros deben:<\/p><ol><li>a) Actuar de manera \u00e9tica, con respeto y responsabilidad social empresarial.<\/li><li>b) Operar bajo estricto cumplimiento de la ley y en colaboraci\u00f3n con las autoridades competentes.<\/li><li>c) Gestionar los riesgos de manera responsable, conociendo su criticidad y estableciendo los controles para reducirlos o mitigarlos.<\/li><li>d) Los criterios generales para lograr el cumplimiento de las obligaciones y deberes del personal directivo y de todos los empleados, en materia de prevenci\u00f3n de lavado de activos y financiaci\u00f3n del terrorismo deben comprender:<\/li><\/ol><p>&#8211; Aplicaci\u00f3n de la pol\u00edtica de SARLAFT. Todo funcionario de la compa\u00f1\u00eda que intervenga o no, en las transacciones tanto nacionales como aquellas relacionadas con las operaciones de comercio exterior, estar\u00e1 obligado a aplicar, en lo que le corresponda, las medidas de control y los procedimientos definidos en esta pol\u00edtica.<\/p><p>&#8211; Confidencialidad de la informaci\u00f3n. Ning\u00fan empleado de la compa\u00f1\u00eda podr\u00e1 dar a conocer a los terceros relacionados, directamente o por interpuesta persona, informaci\u00f3n sobre los procedimientos de control y an\u00e1lisis que, en materia de prevenci\u00f3n de lavado de activos y financiaci\u00f3n del terrorismo, se practiquen a sus operaciones, as\u00ed como los informes que sobre los mismos se env\u00eden a las autoridades competentes.<\/p><p>\u00a0<\/p><p>&#8211; Conocimiento de los clientes, proveedores, socios y empleados. La compa\u00f1\u00eda establecer\u00e1 conforme a la ley, los mecanismos que faciliten el conocimiento de sus clientes y proveedores, adicionalmente se verificar\u00e1 que las actividades desarrolladas por estos son l\u00edcitas frente a la Ley.\u00a0 Sobre los empleados, la compa\u00f1\u00eda establecer\u00e1 conforme a la ley la debida indagaci\u00f3n y consulta en centrales de informaci\u00f3n autorizadas.<\/p><p>La compa\u00f1\u00eda mediante acta de Junta Directiva ha designado a William Daniel Beltr\u00e1n M\u00e9ndez como oficial de cumplimiento quien velar\u00e1 por el cumplimiento del Manual de Sistema de Administraci\u00f3n del Riesgo de Lavado de Activos y de Financiaci\u00f3n del Terrorismo, as\u00ed como de sus actualizaciones y de que el mismo est\u00e9 sujeto a la normatividad colombiana y a los est\u00e1ndares internacionales.<\/p><p>Si usted como Empleado, Cliente, Proveedor o tercero vinculado con nuestra compa\u00f1\u00eda conoce de alg\u00fan hecho sobre Riesgo de Lavado de Activos o de Financiaci\u00f3n del Terrorismo en el proceso con el que nos relacionamos con usted, no dude en comunicarse con el oficial de cumplimiento al tel\u00e9fono +57 1 8200 200 de la ciudad de Madrid (Cundinamarca) o al correo electr\u00f3nico sarlaft@aliaxis-la.com.<\/p><\/div>\n\t\t\t\t\t\t\t<\/div>\n\t\t<\/div>\n\t\t\t\t<\/div>\n\t\t\t\t<\/div>\n\t\t\t\t\t<\/div>\n\t\t<\/div>\n\t\t\t\t\t\t\t<\/div>\n\t\t<\/section>\n\t\t\t\t\t\t\t<\/div>\n\t\t","protected":false},"excerpt":{"rendered":"<p>Seguridad Pol\u00edtica integrada aliaxis latinoam\u00e9rica di.Cor.Rg.05.01.Sg.09-01 Pol\u00edtica de uso y protecci\u00f3n de datos Personales Pol\u00edtica del sistema de gesti\u00f3n del riesgo de lavado de activos y de financiaci\u00f3n del terrorismo Pol\u00edtica integrada aliaxis latinoam\u00e9rica di.Cor.Rg.05.01.Sg.09-01 En Aliaxis Latinoam\u00e9rica; nos dedicamos a la fabricaci\u00f3n y comercializaci\u00f3n de productos de PVC, otros termopl\u00e1sticos y servicios transformados en &hellip;<\/p>\n<p class=\"read-more\"> <a class=\"\" href=\"https:\/\/wp.interactioncr.com\/durman-colombia\/nuestras-politicas\"> <span class=\"screen-reader-text\">Nuestras pol\u00edticas<\/span> Leer m\u00e1s &raquo;<\/a><\/p>\n","protected":false},"author":1,"featured_media":0,"parent":0,"menu_order":0,"comment_status":"closed","ping_status":"closed","template":"","meta":{"inline_featured_image":false,"site-sidebar-layout":"no-sidebar","site-content-layout":"page-builder","ast-global-header-display":"","ast-main-header-display":"","ast-hfb-above-header-display":"","ast-hfb-below-header-display":"","ast-hfb-mobile-header-display":"","site-post-title":"disabled","ast-breadcrumbs-content":"","ast-featured-img":"disabled","footer-sml-layout":"","theme-transparent-header-meta":"","adv-header-id-meta":"","stick-header-meta":"","header-above-stick-meta":"","header-main-stick-meta":"","header-below-stick-meta":"","footnotes":""},"class_list":["post-6281","page","type-page","status-publish","hentry"],"acf":[],"_links":{"self":[{"href":"https:\/\/wp.interactioncr.com\/durman-colombia\/wp-json\/wp\/v2\/pages\/6281","targetHints":{"allow":["GET"]}}],"collection":[{"href":"https:\/\/wp.interactioncr.com\/durman-colombia\/wp-json\/wp\/v2\/pages"}],"about":[{"href":"https:\/\/wp.interactioncr.com\/durman-colombia\/wp-json\/wp\/v2\/types\/page"}],"author":[{"embeddable":true,"href":"https:\/\/wp.interactioncr.com\/durman-colombia\/wp-json\/wp\/v2\/users\/1"}],"replies":[{"embeddable":true,"href":"https:\/\/wp.interactioncr.com\/durman-colombia\/wp-json\/wp\/v2\/comments?post=6281"}],"version-history":[{"count":37,"href":"https:\/\/wp.interactioncr.com\/durman-colombia\/wp-json\/wp\/v2\/pages\/6281\/revisions"}],"predecessor-version":[{"id":8181,"href":"https:\/\/wp.interactioncr.com\/durman-colombia\/wp-json\/wp\/v2\/pages\/6281\/revisions\/8181"}],"wp:attachment":[{"href":"https:\/\/wp.interactioncr.com\/durman-colombia\/wp-json\/wp\/v2\/media?parent=6281"}],"curies":[{"name":"wp","href":"https:\/\/api.w.org\/{rel}","templated":true}]}}