{"id":3007,"date":"2022-03-31T11:06:44","date_gmt":"2022-03-31T17:06:44","guid":{"rendered":"https:\/\/wp.interactioncr.com\/durman\/?page_id=3007"},"modified":"2022-06-07T15:44:55","modified_gmt":"2022-06-07T21:44:55","slug":"canales-para-piso","status":"publish","type":"page","link":"https:\/\/wp.interactioncr.com\/durman\/edificacion\/sistemas-para-agua-pluvial\/canales-para-piso","title":{"rendered":"Canales para piso"},"content":{"rendered":"\t\t<div data-elementor-type=\"wp-page\" data-elementor-id=\"3007\" class=\"elementor elementor-3007\">\n\t\t\t\t\t\t\t\t\t<section class=\"elementor-section elementor-top-section elementor-element elementor-element-6ca48b1 elementor-section-boxed elementor-section-height-default elementor-section-height-default\" data-id=\"6ca48b1\" data-element_type=\"section\" data-settings=\"{&quot;background_background&quot;:&quot;classic&quot;}\">\n\t\t\t\t\t\t<div class=\"elementor-container elementor-column-gap-default\">\n\t\t\t\t\t<div class=\"elementor-column elementor-col-100 elementor-top-column elementor-element elementor-element-5982ecf\" data-id=\"5982ecf\" data-element_type=\"column\">\n\t\t\t<div class=\"elementor-widget-wrap elementor-element-populated\">\n\t\t\t\t\t\t\t\t<div class=\"elementor-element elementor-element-32520d0 elementor-widget elementor-widget-heading\" data-id=\"32520d0\" data-element_type=\"widget\" data-widget_type=\"heading.default\">\n\t\t\t\t<div class=\"elementor-widget-container\">\n\t\t\t<style>\/*! elementor - v3.7.0 - 08-08-2022 *\/\n.elementor-heading-title{padding:0;margin:0;line-height:1}.elementor-widget-heading .elementor-heading-title[class*=elementor-size-]>a{color:inherit;font-size:inherit;line-height:inherit}.elementor-widget-heading .elementor-heading-title.elementor-size-small{font-size:15px}.elementor-widget-heading .elementor-heading-title.elementor-size-medium{font-size:19px}.elementor-widget-heading .elementor-heading-title.elementor-size-large{font-size:29px}.elementor-widget-heading .elementor-heading-title.elementor-size-xl{font-size:39px}.elementor-widget-heading .elementor-heading-title.elementor-size-xxl{font-size:59px}<\/style><h1 class=\"elementor-heading-title elementor-size-default\">Canales para piso<\/h1>\t\t<\/div>\n\t\t\t\t<\/div>\n\t\t\t\t\t<\/div>\n\t\t<\/div>\n\t\t\t\t\t\t\t<\/div>\n\t\t<\/section>\n\t\t\t\t<section class=\"elementor-section elementor-top-section elementor-element elementor-element-1613e28 elementor-section-full_width elementor-section-height-default elementor-section-height-default\" data-id=\"1613e28\" data-element_type=\"section\">\n\t\t\t\t\t\t<div class=\"elementor-container elementor-column-gap-default\">\n\t\t\t\t\t<div class=\"elementor-column elementor-col-100 elementor-top-column elementor-element elementor-element-4c99548\" data-id=\"4c99548\" data-element_type=\"column\">\n\t\t\t<div class=\"elementor-widget-wrap elementor-element-populated\">\n\t\t\t\t\t\t\t\t<div class=\"elementor-element elementor-element-b9c7f38 curva_mobile elementor-widget elementor-widget-image\" data-id=\"b9c7f38\" data-element_type=\"widget\" data-widget_type=\"image.default\">\n\t\t\t\t<div class=\"elementor-widget-container\">\n\t\t\t<style>\/*! elementor - v3.7.0 - 08-08-2022 *\/\n.elementor-widget-image{text-align:center}.elementor-widget-image a{display:inline-block}.elementor-widget-image a img[src$=\".svg\"]{width:48px}.elementor-widget-image img{vertical-align:middle;display:inline-block}<\/style>\t\t\t\t\t\t\t\t\t\t\t\t<img loading=\"lazy\" decoding=\"async\" width=\"1919\" height=\"182\" src=\"https:\/\/wp.interactioncr.com\/durman\/wp-content\/uploads\/2022\/02\/curva-aliaxis-latam-white-1.svg\" class=\"attachment-full size-full\" alt=\"\" \/>\t\t\t\t\t\t\t\t\t\t\t\t\t\t\t<\/div>\n\t\t\t\t<\/div>\n\t\t\t\t\t<\/div>\n\t\t<\/div>\n\t\t\t\t\t\t\t<\/div>\n\t\t<\/section>\n\t\t\t\t<section class=\"elementor-section elementor-top-section elementor-element elementor-element-84f8a48 elementor-section-boxed elementor-section-height-default elementor-section-height-default\" data-id=\"84f8a48\" data-element_type=\"section\">\n\t\t\t\t\t\t<div class=\"elementor-container elementor-column-gap-default\">\n\t\t\t\t\t<div class=\"elementor-column elementor-col-50 elementor-top-column elementor-element elementor-element-943acae\" data-id=\"943acae\" data-element_type=\"column\">\n\t\t\t<div class=\"elementor-widget-wrap elementor-element-populated\">\n\t\t\t\t\t\t\t\t<div class=\"elementor-element elementor-element-c250d25 elementor-widget elementor-widget-image\" data-id=\"c250d25\" data-element_type=\"widget\" data-widget_type=\"image.default\">\n\t\t\t\t<div class=\"elementor-widget-container\">\n\t\t\t\t\t\t\t\t\t\t\t\t\t\t\t<img loading=\"lazy\" decoding=\"async\" width=\"960\" height=\"640\" src=\"https:\/\/wp.interactioncr.com\/durman\/wp-content\/uploads\/2022\/05\/canales_piso_thumbnail-1.jpg\" class=\"attachment-full size-full\" alt=\"\" srcset=\"https:\/\/wp.interactioncr.com\/durman\/wp-content\/uploads\/2022\/05\/canales_piso_thumbnail-1.jpg 960w, https:\/\/wp.interactioncr.com\/durman\/wp-content\/uploads\/2022\/05\/canales_piso_thumbnail-1-300x200.jpg 300w, https:\/\/wp.interactioncr.com\/durman\/wp-content\/uploads\/2022\/05\/canales_piso_thumbnail-1-768x512.jpg 768w\" sizes=\"auto, (max-width: 960px) 100vw, 960px\" \/>\t\t\t\t\t\t\t\t\t\t\t\t\t\t\t<\/div>\n\t\t\t\t<\/div>\n\t\t\t\t\t<\/div>\n\t\t<\/div>\n\t\t\t\t<div class=\"elementor-column elementor-col-50 elementor-top-column elementor-element elementor-element-7d6528d\" data-id=\"7d6528d\" data-element_type=\"column\">\n\t\t\t<div class=\"elementor-widget-wrap elementor-element-populated\">\n\t\t\t\t\t\t\t\t<div class=\"elementor-element elementor-element-6efd798 elementor-widget elementor-widget-text-editor\" data-id=\"6efd798\" data-element_type=\"widget\" data-widget_type=\"text-editor.default\">\n\t\t\t\t<div class=\"elementor-widget-container\">\n\t\t\t<style>\/*! elementor - v3.7.0 - 08-08-2022 *\/\n.elementor-widget-text-editor.elementor-drop-cap-view-stacked .elementor-drop-cap{background-color:#818a91;color:#fff}.elementor-widget-text-editor.elementor-drop-cap-view-framed .elementor-drop-cap{color:#818a91;border:3px solid;background-color:transparent}.elementor-widget-text-editor:not(.elementor-drop-cap-view-default) .elementor-drop-cap{margin-top:8px}.elementor-widget-text-editor:not(.elementor-drop-cap-view-default) .elementor-drop-cap-letter{width:1em;height:1em}.elementor-widget-text-editor .elementor-drop-cap{float:left;text-align:center;line-height:1;font-size:50px}.elementor-widget-text-editor .elementor-drop-cap-letter{display:inline-block}<\/style>\t\t\t\t<p><span style=\"font-weight: 400;\">El sistema de canales para piso constituye un conjunto homog\u00e9neo de est\u00e9tica, seguridad y funcionalidad que contribuye a garantizar la evacuaci\u00f3n de las aguas pluviales y mantener los requisitos de seguridad. Adem\u00e1s, ofrece una soluci\u00f3n para cada aplicaci\u00f3n, ya sea para una zona peatonal, carretera, alrededores de un edificio, medio industrial y agr\u00edcola, parques y jardines, ajust\u00e1ndose a las necesidades del proyecto.<\/span><\/p><p><span style=\"font-weight: 400;\">Este sistema, que posee la declaraci\u00f3n de conformidad CE, est\u00e1 concebido conforme a las indicaciones de la norma europea EN1433 en cuanto a dimensiones y resistencia de carga y ha superado con \u00e9xito todos los test de resistencia mec\u00e1nica y estanqueidad. <\/span><\/p>\t\t\t\t\t\t<\/div>\n\t\t\t\t<\/div>\n\t\t\t\t\t<\/div>\n\t\t<\/div>\n\t\t\t\t\t\t\t<\/div>\n\t\t<\/section>\n\t\t\t\t<section class=\"elementor-section elementor-top-section elementor-element elementor-element-887f274 elementor-reverse-tablet elementor-reverse-mobile elementor-section-boxed elementor-section-height-default elementor-section-height-default\" data-id=\"887f274\" data-element_type=\"section\">\n\t\t\t\t\t\t<div class=\"elementor-container elementor-column-gap-default\">\n\t\t\t\t\t<div class=\"elementor-column elementor-col-50 elementor-top-column elementor-element elementor-element-686128f\" data-id=\"686128f\" data-element_type=\"column\">\n\t\t\t<div class=\"elementor-widget-wrap elementor-element-populated\">\n\t\t\t\t\t\t\t\t<div class=\"elementor-element elementor-element-f6de862 elementor-widget elementor-widget-text-editor\" data-id=\"f6de862\" data-element_type=\"widget\" data-widget_type=\"text-editor.default\">\n\t\t\t\t<div class=\"elementor-widget-container\">\n\t\t\t\t\t\t\tNuestros Canales para Piso ofrecen una resistencia qu\u00edmica excelente, ya que presentan una nula absorci\u00f3n de humedad. Por otro lado, por su sencilla instalaci\u00f3n de montaje, gracias a su sistema modular, con un peso moderado, salidas pre-troqueladas y machimbrado para garantizar la estanqueidad, un alineamiento perfecto y f\u00e1cil conexi\u00f3n a las redes de saneamiento de PVC, el sistema se integra armoniosamente dentro del conjunto de elementos arquitect\u00f3nicos y funcionan con cualquier tipo de suelo.\t\t\t\t\t\t<\/div>\n\t\t\t\t<\/div>\n\t\t\t\t\t<\/div>\n\t\t<\/div>\n\t\t\t\t<div class=\"elementor-column elementor-col-50 elementor-top-column elementor-element elementor-element-a301c67\" data-id=\"a301c67\" data-element_type=\"column\">\n\t\t\t<div class=\"elementor-widget-wrap elementor-element-populated\">\n\t\t\t\t\t\t\t\t<div class=\"elementor-element elementor-element-6e61687 elementor-widget elementor-widget-image\" data-id=\"6e61687\" data-element_type=\"widget\" data-widget_type=\"image.default\">\n\t\t\t\t<div class=\"elementor-widget-container\">\n\t\t\t\t\t\t\t\t\t\t\t\t\t\t\t<img loading=\"lazy\" decoding=\"async\" width=\"960\" height=\"640\" src=\"https:\/\/wp.interactioncr.com\/durman\/wp-content\/uploads\/2022\/05\/canales_piso_thumbnail-2-1.jpg\" class=\"attachment-large size-large\" alt=\"\" srcset=\"https:\/\/wp.interactioncr.com\/durman\/wp-content\/uploads\/2022\/05\/canales_piso_thumbnail-2-1.jpg 960w, https:\/\/wp.interactioncr.com\/durman\/wp-content\/uploads\/2022\/05\/canales_piso_thumbnail-2-1-300x200.jpg 300w, https:\/\/wp.interactioncr.com\/durman\/wp-content\/uploads\/2022\/05\/canales_piso_thumbnail-2-1-768x512.jpg 768w\" sizes=\"auto, (max-width: 960px) 100vw, 960px\" \/>\t\t\t\t\t\t\t\t\t\t\t\t\t\t\t<\/div>\n\t\t\t\t<\/div>\n\t\t\t\t\t<\/div>\n\t\t<\/div>\n\t\t\t\t\t\t\t<\/div>\n\t\t<\/section>\n\t\t\t\t<section class=\"elementor-section elementor-top-section elementor-element elementor-element-b2b936b elementor-section-boxed elementor-section-height-default elementor-section-height-default\" data-id=\"b2b936b\" data-element_type=\"section\">\n\t\t\t\t\t\t<div class=\"elementor-container elementor-column-gap-default\">\n\t\t\t\t\t<div class=\"elementor-column elementor-col-50 elementor-top-column elementor-element elementor-element-4fd865b\" data-id=\"4fd865b\" data-element_type=\"column\">\n\t\t\t<div class=\"elementor-widget-wrap elementor-element-populated\">\n\t\t\t\t\t\t\t\t<div class=\"elementor-element elementor-element-6a3aab2 elementor-widget elementor-widget-image\" data-id=\"6a3aab2\" data-element_type=\"widget\" data-widget_type=\"image.default\">\n\t\t\t\t<div class=\"elementor-widget-container\">\n\t\t\t\t\t\t\t\t\t\t\t\t\t\t\t<img loading=\"lazy\" decoding=\"async\" width=\"960\" height=\"640\" src=\"https:\/\/wp.interactioncr.com\/durman\/wp-content\/uploads\/2022\/05\/canales_piso_thumbnail_4.jpg\" class=\"attachment-large size-large\" alt=\"\" srcset=\"https:\/\/wp.interactioncr.com\/durman\/wp-content\/uploads\/2022\/05\/canales_piso_thumbnail_4.jpg 960w, https:\/\/wp.interactioncr.com\/durman\/wp-content\/uploads\/2022\/05\/canales_piso_thumbnail_4-300x200.jpg 300w, https:\/\/wp.interactioncr.com\/durman\/wp-content\/uploads\/2022\/05\/canales_piso_thumbnail_4-768x512.jpg 768w\" sizes=\"auto, (max-width: 960px) 100vw, 960px\" \/>\t\t\t\t\t\t\t\t\t\t\t\t\t\t\t<\/div>\n\t\t\t\t<\/div>\n\t\t\t\t\t<\/div>\n\t\t<\/div>\n\t\t\t\t<div class=\"elementor-column elementor-col-50 elementor-top-column elementor-element elementor-element-6351408\" data-id=\"6351408\" data-element_type=\"column\">\n\t\t\t<div class=\"elementor-widget-wrap elementor-element-populated\">\n\t\t\t\t\t\t\t\t<div class=\"elementor-element elementor-element-64a09ed elementor-widget elementor-widget-text-editor\" data-id=\"64a09ed\" data-element_type=\"widget\" data-widget_type=\"text-editor.default\">\n\t\t\t\t<div class=\"elementor-widget-container\">\n\t\t\t\t\t\t\t<p><span style=\"font-weight: 400;\">Se fabrican con PVC r\u00edgido y polipropileno reforzado, que se utilizan para interceptar el agua de lluvias que, sobre todo durante los aguaceros, se acumulan en la superficie de tr\u00e1nsito. Con nuestros Canales para Piso, la recolecci\u00f3n del exceso de aguas en una superficie se drena correctamente. Poseen una alta capacidad de auto limpieza y excelente desempe\u00f1o hidr\u00e1ulico.<\/span><\/p><ul><li style=\"font-weight: 400;\" aria-level=\"1\"><span style=\"font-weight: 400;\">Recomendado para uso peatonal y tr\u00e1nsito liviano.<\/span><\/li><li style=\"font-weight: 400;\" aria-level=\"1\"><span style=\"font-weight: 400;\">F\u00e1cil instalaci\u00f3n, no se oxidan ni decoloran.<\/span><\/li><li style=\"font-weight: 400;\" aria-level=\"1\"><span style=\"font-weight: 400;\">Los accesorios permiten su conexi\u00f3n a las tuber\u00edas de descarga.<\/span><\/li><li style=\"font-weight: 400;\" aria-level=\"1\"><span style=\"font-weight: 400;\">Sustituye una instalaci\u00f3n en hierro, la cual es complicada y requiere un t\u00e9cnico experto en soldadura.<\/span><\/li><\/ul>\t\t\t\t\t\t<\/div>\n\t\t\t\t<\/div>\n\t\t\t\t\t<\/div>\n\t\t<\/div>\n\t\t\t\t\t\t\t<\/div>\n\t\t<\/section>\n\t\t\t\t<section class=\"elementor-section elementor-top-section elementor-element elementor-element-e6c09f1 elementor-section-boxed elementor-section-height-default elementor-section-height-default\" data-id=\"e6c09f1\" data-element_type=\"section\">\n\t\t\t\t\t\t<div class=\"elementor-container elementor-column-gap-default\">\n\t\t\t\t\t<div class=\"elementor-column elementor-col-100 elementor-top-column elementor-element elementor-element-1062265\" data-id=\"1062265\" data-element_type=\"column\">\n\t\t\t<div class=\"elementor-widget-wrap elementor-element-populated\">\n\t\t\t\t\t\t\t\t<div class=\"elementor-element elementor-element-c77ee28 elementor-widget elementor-widget-heading\" data-id=\"c77ee28\" data-element_type=\"widget\" data-widget_type=\"heading.default\">\n\t\t\t\t<div class=\"elementor-widget-container\">\n\t\t\t<h2 class=\"elementor-heading-title elementor-size-default\">Sistemas<\/h2>\t\t<\/div>\n\t\t\t\t<\/div>\n\t\t\t\t\t<\/div>\n\t\t<\/div>\n\t\t\t\t\t\t\t<\/div>\n\t\t<\/section>\n\t\t\t\t<section class=\"elementor-section elementor-top-section elementor-element elementor-element-5c2683d elementor-section-boxed elementor-section-height-default elementor-section-height-default\" data-id=\"5c2683d\" data-element_type=\"section\">\n\t\t\t\t\t\t<div class=\"elementor-container elementor-column-gap-default\">\n\t\t\t\t\t<div class=\"elementor-column elementor-col-33 elementor-top-column elementor-element elementor-element-cebf6c0\" data-id=\"cebf6c0\" data-element_type=\"column\">\n\t\t\t<div class=\"elementor-widget-wrap elementor-element-populated\">\n\t\t\t\t\t\t\t\t<div class=\"elementor-element elementor-element-cef7ecb elementor-widget elementor-widget-image\" data-id=\"cef7ecb\" data-element_type=\"widget\" data-widget_type=\"image.default\">\n\t\t\t\t<div class=\"elementor-widget-container\">\n\t\t\t\t\t\t\t\t\t\t\t\t\t\t\t\t<a href=\"https:\/\/wp.interactioncr.com\/durman\/productos\/canal-a15\">\n\t\t\t\t\t\t\t<img loading=\"lazy\" decoding=\"async\" width=\"400\" height=\"250\" src=\"https:\/\/wp.interactioncr.com\/durman\/wp-content\/uploads\/2022\/05\/canal_a15.jpg\" class=\"attachment-full size-full\" alt=\"\" srcset=\"https:\/\/wp.interactioncr.com\/durman\/wp-content\/uploads\/2022\/05\/canal_a15.jpg 400w, https:\/\/wp.interactioncr.com\/durman\/wp-content\/uploads\/2022\/05\/canal_a15-300x188.jpg 300w\" sizes=\"auto, (max-width: 400px) 100vw, 400px\" \/>\t\t\t\t\t\t\t\t<\/a>\n\t\t\t\t\t\t\t\t\t\t\t\t\t\t\t<\/div>\n\t\t\t\t<\/div>\n\t\t\t\t<section class=\"elementor-section elementor-inner-section elementor-element elementor-element-890b59f elementor-section-boxed elementor-section-height-default elementor-section-height-default\" data-id=\"890b59f\" data-element_type=\"section\">\n\t\t\t\t\t\t<div class=\"elementor-container elementor-column-gap-default\">\n\t\t\t\t\t<div class=\"elementor-column elementor-col-50 elementor-inner-column elementor-element elementor-element-58a3f45\" data-id=\"58a3f45\" data-element_type=\"column\">\n\t\t\t<div class=\"elementor-widget-wrap elementor-element-populated\">\n\t\t\t\t\t\t\t\t<div class=\"elementor-element elementor-element-6298604 elementor-widget elementor-widget-heading\" data-id=\"6298604\" data-element_type=\"widget\" data-widget_type=\"heading.default\">\n\t\t\t\t<div class=\"elementor-widget-container\">\n\t\t\t<h3 class=\"elementor-heading-title elementor-size-default\"><span style=\"font-weight:normal;\"><p dir=\"ltr\" style=\"line-height:1.3800000000000001;text-align: justify;margin-top:0pt;margin-bottom:8pt;\"><span style=\"font-size: 11pt; font-family: &quot;Century Gothic&quot;, sans-serif; color: rgb(0, 0, 0); background-color: transparent; font-weight: 700; font-variant-numeric: normal; font-variant-east-asian: normal; vertical-align: baseline;\">Canal A15&nbsp;<\/span><span style=\"font-size: 1em; font-style: inherit; font-weight: 600;\"><\/span><\/p><\/span><\/h3>\t\t<\/div>\n\t\t\t\t<\/div>\n\t\t\t\t\t<\/div>\n\t\t<\/div>\n\t\t\t\t<div class=\"elementor-column elementor-col-50 elementor-inner-column elementor-element elementor-element-67d4956\" data-id=\"67d4956\" data-element_type=\"column\">\n\t\t\t<div class=\"elementor-widget-wrap elementor-element-populated\">\n\t\t\t\t\t\t\t\t<div class=\"elementor-element elementor-element-b0e668b elementor-align-right elementor-mobile-align-right elementor-widget elementor-widget-button\" data-id=\"b0e668b\" data-element_type=\"widget\" data-widget_type=\"button.default\">\n\t\t\t\t<div class=\"elementor-widget-container\">\n\t\t\t\t\t<div class=\"elementor-button-wrapper\">\n\t\t\t<a href=\"https:\/\/wp.interactioncr.com\/durman\/productos\/canal-a15\" class=\"elementor-button-link elementor-button elementor-size-sm\" role=\"button\">\n\t\t\t\t\t\t<span class=\"elementor-button-content-wrapper\">\n\t\t\t\t\t\t\t<span class=\"elementor-button-icon elementor-align-icon-right\">\n\t\t\t\t<i aria-hidden=\"true\" class=\"fas fa-arrow-right\"><\/i>\t\t\t<\/span>\n\t\t\t\t\t\t<span class=\"elementor-button-text\">Ver m\u00e1s<\/span>\n\t\t<\/span>\n\t\t\t\t\t<\/a>\n\t\t<\/div>\n\t\t\t\t<\/div>\n\t\t\t\t<\/div>\n\t\t\t\t\t<\/div>\n\t\t<\/div>\n\t\t\t\t\t\t\t<\/div>\n\t\t<\/section>\n\t\t\t\t\t<\/div>\n\t\t<\/div>\n\t\t\t\t<div class=\"elementor-column elementor-col-33 elementor-top-column elementor-element elementor-element-710ca6b\" data-id=\"710ca6b\" data-element_type=\"column\">\n\t\t\t<div class=\"elementor-widget-wrap elementor-element-populated\">\n\t\t\t\t\t\t\t\t<div class=\"elementor-element elementor-element-21f9e27 elementor-widget elementor-widget-image\" data-id=\"21f9e27\" data-element_type=\"widget\" data-widget_type=\"image.default\">\n\t\t\t\t<div class=\"elementor-widget-container\">\n\t\t\t\t\t\t\t\t\t\t\t\t\t\t\t\t<a href=\"https:\/\/wp.interactioncr.com\/durman\/productos\/canal-b125\">\n\t\t\t\t\t\t\t<img loading=\"lazy\" decoding=\"async\" width=\"400\" height=\"250\" src=\"https:\/\/wp.interactioncr.com\/durman\/wp-content\/uploads\/2022\/05\/B15.jpg\" class=\"attachment-full size-full\" alt=\"\" srcset=\"https:\/\/wp.interactioncr.com\/durman\/wp-content\/uploads\/2022\/05\/B15.jpg 400w, https:\/\/wp.interactioncr.com\/durman\/wp-content\/uploads\/2022\/05\/B15-300x188.jpg 300w\" sizes=\"auto, (max-width: 400px) 100vw, 400px\" \/>\t\t\t\t\t\t\t\t<\/a>\n\t\t\t\t\t\t\t\t\t\t\t\t\t\t\t<\/div>\n\t\t\t\t<\/div>\n\t\t\t\t<section class=\"elementor-section elementor-inner-section elementor-element elementor-element-936f58a elementor-section-boxed elementor-section-height-default elementor-section-height-default\" data-id=\"936f58a\" data-element_type=\"section\">\n\t\t\t\t\t\t<div class=\"elementor-container elementor-column-gap-default\">\n\t\t\t\t\t<div class=\"elementor-column elementor-col-50 elementor-inner-column elementor-element elementor-element-eaa8af9\" data-id=\"eaa8af9\" data-element_type=\"column\">\n\t\t\t<div class=\"elementor-widget-wrap elementor-element-populated\">\n\t\t\t\t\t\t\t\t<div class=\"elementor-element elementor-element-be6a1d8 elementor-widget elementor-widget-heading\" data-id=\"be6a1d8\" data-element_type=\"widget\" data-widget_type=\"heading.default\">\n\t\t\t\t<div class=\"elementor-widget-container\">\n\t\t\t<h2 class=\"elementor-heading-title elementor-size-default\"><span style=\"font-weight:normal;\"><p dir=\"ltr\" style=\"line-height:1.3800000000000001;text-align: justify;margin-top:0pt;margin-bottom:8pt;\"><span style=\"font-size: 11pt; font-family: &quot;Century Gothic&quot;, sans-serif; color: rgb(0, 0, 0); background-color: transparent; font-weight: 700; font-variant-numeric: normal; font-variant-east-asian: normal; vertical-align: baseline;\">Canal B125<\/span><span style=\"font-size: 1em; font-style: inherit; font-weight: 600;\"><\/span><\/p><\/span><\/h2>\t\t<\/div>\n\t\t\t\t<\/div>\n\t\t\t\t\t<\/div>\n\t\t<\/div>\n\t\t\t\t<div class=\"elementor-column elementor-col-50 elementor-inner-column elementor-element elementor-element-7ede205\" data-id=\"7ede205\" data-element_type=\"column\">\n\t\t\t<div class=\"elementor-widget-wrap elementor-element-populated\">\n\t\t\t\t\t\t\t\t<div class=\"elementor-element elementor-element-458ab7c elementor-align-right elementor-mobile-align-right elementor-widget elementor-widget-button\" data-id=\"458ab7c\" data-element_type=\"widget\" data-widget_type=\"button.default\">\n\t\t\t\t<div class=\"elementor-widget-container\">\n\t\t\t\t\t<div class=\"elementor-button-wrapper\">\n\t\t\t<a href=\"https:\/\/wp.interactioncr.com\/durman\/productos\/canal-b125\" class=\"elementor-button-link elementor-button elementor-size-sm\" role=\"button\">\n\t\t\t\t\t\t<span class=\"elementor-button-content-wrapper\">\n\t\t\t\t\t\t\t<span class=\"elementor-button-icon elementor-align-icon-right\">\n\t\t\t\t<i aria-hidden=\"true\" class=\"fas fa-arrow-right\"><\/i>\t\t\t<\/span>\n\t\t\t\t\t\t<span class=\"elementor-button-text\">Ver m\u00e1s<\/span>\n\t\t<\/span>\n\t\t\t\t\t<\/a>\n\t\t<\/div>\n\t\t\t\t<\/div>\n\t\t\t\t<\/div>\n\t\t\t\t\t<\/div>\n\t\t<\/div>\n\t\t\t\t\t\t\t<\/div>\n\t\t<\/section>\n\t\t\t\t\t<\/div>\n\t\t<\/div>\n\t\t\t\t<div class=\"elementor-column elementor-col-33 elementor-top-column elementor-element elementor-element-ca749ec\" data-id=\"ca749ec\" data-element_type=\"column\">\n\t\t\t<div class=\"elementor-widget-wrap\">\n\t\t\t\t\t\t\t\t\t<\/div>\n\t\t<\/div>\n\t\t\t\t\t\t\t<\/div>\n\t\t<\/section>\n\t\t\t\t<section class=\"elementor-section elementor-top-section elementor-element elementor-element-95d2d7a elementor-section-boxed elementor-section-height-default elementor-section-height-default\" data-id=\"95d2d7a\" data-element_type=\"section\">\n\t\t\t\t\t\t<div class=\"elementor-container elementor-column-gap-default\">\n\t\t\t\t\t<div class=\"elementor-column elementor-col-100 elementor-top-column elementor-element elementor-element-aa2b87a\" data-id=\"aa2b87a\" data-element_type=\"column\">\n\t\t\t<div class=\"elementor-widget-wrap elementor-element-populated\">\n\t\t\t\t\t\t\t\t<div class=\"elementor-element elementor-element-ef4b6d4 elementor-align-center elementor-widget elementor-widget-button\" data-id=\"ef4b6d4\" data-element_type=\"widget\" data-widget_type=\"button.default\">\n\t\t\t\t<div class=\"elementor-widget-container\">\n\t\t\t\t\t<div class=\"elementor-button-wrapper\">\n\t\t\t<a href=\"https:\/\/wp.interactioncr.com\/durman\/edificacion\/sistemas-para-agua-pluvial\" class=\"elementor-button-link elementor-button elementor-size-sm\" role=\"button\">\n\t\t\t\t\t\t<span class=\"elementor-button-content-wrapper\">\n\t\t\t\t\t\t<span class=\"elementor-button-text\">Volver<\/span>\n\t\t<\/span>\n\t\t\t\t\t<\/a>\n\t\t<\/div>\n\t\t\t\t<\/div>\n\t\t\t\t<\/div>\n\t\t\t\t\t<\/div>\n\t\t<\/div>\n\t\t\t\t\t\t\t<\/div>\n\t\t<\/section>\n\t\t\t\t\t\t\t<\/div>\n\t\t","protected":false},"excerpt":{"rendered":"<p>Canales para piso El sistema de canales para piso constituye un conjunto homog\u00e9neo de est\u00e9tica, seguridad y funcionalidad que contribuye a garantizar la evacuaci\u00f3n de las aguas pluviales y mantener los requisitos de seguridad. Adem\u00e1s, ofrece una soluci\u00f3n para cada aplicaci\u00f3n, ya sea para una zona peatonal, carretera, alrededores de un edificio, medio industrial y &hellip;<\/p>\n<p class=\"read-more\"> <a class=\"\" href=\"https:\/\/wp.interactioncr.com\/durman\/edificacion\/sistemas-para-agua-pluvial\/canales-para-piso\"> <span class=\"screen-reader-text\">Canales para piso<\/span> Leer m\u00e1s &raquo;<\/a><\/p>\n","protected":false},"author":3,"featured_media":0,"parent":2220,"menu_order":0,"comment_status":"closed","ping_status":"closed","template":"","meta":{"inline_featured_image":false,"site-sidebar-layout":"no-sidebar","site-content-layout":"page-builder","ast-global-header-display":"","ast-main-header-display":"","ast-hfb-above-header-display":"","ast-hfb-below-header-display":"","ast-hfb-mobile-header-display":"","site-post-title":"disabled","ast-breadcrumbs-content":"","ast-featured-img":"disabled","footer-sml-layout":"","theme-transparent-header-meta":"","adv-header-id-meta":"","stick-header-meta":"","header-above-stick-meta":"","header-main-stick-meta":"","header-below-stick-meta":"","footnotes":""},"class_list":["post-3007","page","type-page","status-publish","hentry"],"acf":[],"_links":{"self":[{"href":"https:\/\/wp.interactioncr.com\/durman\/wp-json\/wp\/v2\/pages\/3007","targetHints":{"allow":["GET"]}}],"collection":[{"href":"https:\/\/wp.interactioncr.com\/durman\/wp-json\/wp\/v2\/pages"}],"about":[{"href":"https:\/\/wp.interactioncr.com\/durman\/wp-json\/wp\/v2\/types\/page"}],"author":[{"embeddable":true,"href":"https:\/\/wp.interactioncr.com\/durman\/wp-json\/wp\/v2\/users\/3"}],"replies":[{"embeddable":true,"href":"https:\/\/wp.interactioncr.com\/durman\/wp-json\/wp\/v2\/comments?post=3007"}],"version-history":[{"count":0,"href":"https:\/\/wp.interactioncr.com\/durman\/wp-json\/wp\/v2\/pages\/3007\/revisions"}],"up":[{"embeddable":true,"href":"https:\/\/wp.interactioncr.com\/durman\/wp-json\/wp\/v2\/pages\/2220"}],"wp:attachment":[{"href":"https:\/\/wp.interactioncr.com\/durman\/wp-json\/wp\/v2\/media?parent=3007"}],"curies":[{"name":"wp","href":"https:\/\/api.w.org\/{rel}","templated":true}]}}