{"id":3688,"date":"2022-04-04T15:24:57","date_gmt":"2022-04-04T21:24:57","guid":{"rendered":"https:\/\/wp.interactioncr.com\/durman\/?page_id=3688"},"modified":"2022-06-08T10:45:33","modified_gmt":"2022-06-08T16:45:33","slug":"pegamento-wet-bonding","status":"publish","type":"page","link":"https:\/\/wp.interactioncr.com\/durman\/agricultura\/pegamentos\/pegamento-wet-bonding","title":{"rendered":"Pegamento Wet Bonding"},"content":{"rendered":"\t\t<div data-elementor-type=\"wp-page\" data-elementor-id=\"3688\" class=\"elementor elementor-3688\">\n\t\t\t\t\t\t\t\t\t<section class=\"elementor-section elementor-top-section elementor-element elementor-element-6ca48b1 elementor-section-boxed elementor-section-height-default elementor-section-height-default\" data-id=\"6ca48b1\" data-element_type=\"section\" data-settings=\"{&quot;background_background&quot;:&quot;classic&quot;}\">\n\t\t\t\t\t\t<div class=\"elementor-container elementor-column-gap-default\">\n\t\t\t\t\t<div class=\"elementor-column elementor-col-100 elementor-top-column elementor-element elementor-element-5982ecf\" data-id=\"5982ecf\" data-element_type=\"column\">\n\t\t\t<div class=\"elementor-widget-wrap elementor-element-populated\">\n\t\t\t\t\t\t\t\t<div class=\"elementor-element elementor-element-32520d0 elementor-widget elementor-widget-heading\" data-id=\"32520d0\" data-element_type=\"widget\" data-widget_type=\"heading.default\">\n\t\t\t\t<div class=\"elementor-widget-container\">\n\t\t\t<style>\/*! elementor - v3.7.0 - 08-08-2022 *\/\n.elementor-heading-title{padding:0;margin:0;line-height:1}.elementor-widget-heading .elementor-heading-title[class*=elementor-size-]>a{color:inherit;font-size:inherit;line-height:inherit}.elementor-widget-heading .elementor-heading-title.elementor-size-small{font-size:15px}.elementor-widget-heading .elementor-heading-title.elementor-size-medium{font-size:19px}.elementor-widget-heading .elementor-heading-title.elementor-size-large{font-size:29px}.elementor-widget-heading .elementor-heading-title.elementor-size-xl{font-size:39px}.elementor-widget-heading .elementor-heading-title.elementor-size-xxl{font-size:59px}<\/style><h1 class=\"elementor-heading-title elementor-size-default\">Pegamentos<\/h1>\t\t<\/div>\n\t\t\t\t<\/div>\n\t\t\t\t\t<\/div>\n\t\t<\/div>\n\t\t\t\t\t\t\t<\/div>\n\t\t<\/section>\n\t\t\t\t<section class=\"elementor-section elementor-top-section elementor-element elementor-element-1613e28 elementor-section-full_width elementor-section-height-default elementor-section-height-default\" data-id=\"1613e28\" data-element_type=\"section\">\n\t\t\t\t\t\t<div class=\"elementor-container elementor-column-gap-default\">\n\t\t\t\t\t<div class=\"elementor-column elementor-col-100 elementor-top-column elementor-element elementor-element-4c99548\" data-id=\"4c99548\" data-element_type=\"column\">\n\t\t\t<div class=\"elementor-widget-wrap elementor-element-populated\">\n\t\t\t\t\t\t\t\t<div class=\"elementor-element elementor-element-b9c7f38 curva_mobile elementor-widget elementor-widget-image\" data-id=\"b9c7f38\" data-element_type=\"widget\" data-widget_type=\"image.default\">\n\t\t\t\t<div class=\"elementor-widget-container\">\n\t\t\t<style>\/*! elementor - v3.7.0 - 08-08-2022 *\/\n.elementor-widget-image{text-align:center}.elementor-widget-image a{display:inline-block}.elementor-widget-image a img[src$=\".svg\"]{width:48px}.elementor-widget-image img{vertical-align:middle;display:inline-block}<\/style>\t\t\t\t\t\t\t\t\t\t\t\t<img loading=\"lazy\" decoding=\"async\" width=\"1919\" height=\"182\" src=\"https:\/\/wp.interactioncr.com\/durman\/wp-content\/uploads\/2022\/02\/curva-aliaxis-latam-white-1.svg\" class=\"attachment-full size-full\" alt=\"\" \/>\t\t\t\t\t\t\t\t\t\t\t\t\t\t\t<\/div>\n\t\t\t\t<\/div>\n\t\t\t\t\t<\/div>\n\t\t<\/div>\n\t\t\t\t\t\t\t<\/div>\n\t\t<\/section>\n\t\t\t\t<section class=\"elementor-section elementor-top-section elementor-element elementor-element-84f8a48 elementor-section-full_width elementor-section-height-default elementor-section-height-default\" data-id=\"84f8a48\" data-element_type=\"section\">\n\t\t\t\t\t\t<div class=\"elementor-container elementor-column-gap-default\">\n\t\t\t\t\t<div class=\"elementor-column elementor-col-50 elementor-top-column elementor-element elementor-element-943acae\" data-id=\"943acae\" data-element_type=\"column\">\n\t\t\t<div class=\"elementor-widget-wrap elementor-element-populated\">\n\t\t\t\t\t\t\t\t<div class=\"elementor-element elementor-element-c250d25 elementor-widget elementor-widget-image\" data-id=\"c250d25\" data-element_type=\"widget\" data-widget_type=\"image.default\">\n\t\t\t\t<div class=\"elementor-widget-container\">\n\t\t\t\t\t\t\t\t\t\t\t\t\t\t\t<img loading=\"lazy\" decoding=\"async\" width=\"960\" height=\"640\" src=\"https:\/\/wp.interactioncr.com\/durman\/wp-content\/uploads\/2022\/05\/wet-bonging.jpg\" class=\"attachment-large size-large\" alt=\"\" srcset=\"https:\/\/wp.interactioncr.com\/durman\/wp-content\/uploads\/2022\/05\/wet-bonging.jpg 960w, https:\/\/wp.interactioncr.com\/durman\/wp-content\/uploads\/2022\/05\/wet-bonging-300x200.jpg 300w, https:\/\/wp.interactioncr.com\/durman\/wp-content\/uploads\/2022\/05\/wet-bonging-768x512.jpg 768w\" sizes=\"auto, (max-width: 960px) 100vw, 960px\" \/>\t\t\t\t\t\t\t\t\t\t\t\t\t\t\t<\/div>\n\t\t\t\t<\/div>\n\t\t\t\t\t<\/div>\n\t\t<\/div>\n\t\t\t\t<div class=\"elementor-column elementor-col-50 elementor-top-column elementor-element elementor-element-7d6528d\" data-id=\"7d6528d\" data-element_type=\"column\">\n\t\t\t<div class=\"elementor-widget-wrap elementor-element-populated\">\n\t\t\t\t\t\t\t\t<div class=\"elementor-element elementor-element-6efd798 elementor-widget elementor-widget-text-editor\" data-id=\"6efd798\" data-element_type=\"widget\" data-widget_type=\"text-editor.default\">\n\t\t\t\t<div class=\"elementor-widget-container\">\n\t\t\t<style>\/*! elementor - v3.7.0 - 08-08-2022 *\/\n.elementor-widget-text-editor.elementor-drop-cap-view-stacked .elementor-drop-cap{background-color:#818a91;color:#fff}.elementor-widget-text-editor.elementor-drop-cap-view-framed .elementor-drop-cap{color:#818a91;border:3px solid;background-color:transparent}.elementor-widget-text-editor:not(.elementor-drop-cap-view-default) .elementor-drop-cap{margin-top:8px}.elementor-widget-text-editor:not(.elementor-drop-cap-view-default) .elementor-drop-cap-letter{width:1em;height:1em}.elementor-widget-text-editor .elementor-drop-cap{float:left;text-align:center;line-height:1;font-size:50px}.elementor-widget-text-editor .elementor-drop-cap-letter{display:inline-block}<\/style>\t\t\t\t<p>Durman by aliaxis introduce al mercado el Pegamento Wet Bonding, una soldadura qu\u00edmica totalmente nueva, ideal para cuando se necesita r\u00e1pida presurizaci\u00f3n de agua. Fabricado bajo estrictos est\u00e1ndares de calidad y con tecnolog\u00eda de avanzada, este producto ha sido sometido a las m\u00e1s extensas y estrictas pruebas para poder ofrecer al consumidor una soluci\u00f3n de calidad en la que puede confiar.<\/p>\n<p><strong>Sirve para Todo<\/strong>, el Pegamento Wet Bonding puede ser utilizado en agua fr\u00eda y caliente. Adem\u00e1s, puede ser utilizado con presencia de agua, con la ventaja que seca m\u00e1s r\u00e1pido que un pegamento tipo medio com\u00fan.<\/p>\t\t\t\t\t\t<\/div>\n\t\t\t\t<\/div>\n\t\t\t\t\t<\/div>\n\t\t<\/div>\n\t\t\t\t\t\t\t<\/div>\n\t\t<\/section>\n\t\t\t\t<section class=\"elementor-section elementor-top-section elementor-element elementor-element-bccc7c0 elementor-section-boxed elementor-section-height-default elementor-section-height-default\" data-id=\"bccc7c0\" data-element_type=\"section\">\n\t\t\t\t\t\t<div class=\"elementor-container elementor-column-gap-default\">\n\t\t\t\t\t<div class=\"elementor-column elementor-col-100 elementor-top-column elementor-element elementor-element-10e5602\" data-id=\"10e5602\" data-element_type=\"column\">\n\t\t\t<div class=\"elementor-widget-wrap elementor-element-populated\">\n\t\t\t\t\t\t\t\t<div class=\"elementor-element elementor-element-382cfb4 elementor-align-center elementor-widget elementor-widget-button\" data-id=\"382cfb4\" data-element_type=\"widget\" data-widget_type=\"button.default\">\n\t\t\t\t<div class=\"elementor-widget-container\">\n\t\t\t\t\t<div class=\"elementor-button-wrapper\">\n\t\t\t<a href=\"https:\/\/wp.interactioncr.com\/durman\/agricultura\/pegamentos\" class=\"elementor-button-link elementor-button elementor-size-sm\" role=\"button\">\n\t\t\t\t\t\t<span class=\"elementor-button-content-wrapper\">\n\t\t\t\t\t\t<span class=\"elementor-button-text\">Volver<\/span>\n\t\t<\/span>\n\t\t\t\t\t<\/a>\n\t\t<\/div>\n\t\t\t\t<\/div>\n\t\t\t\t<\/div>\n\t\t\t\t\t<\/div>\n\t\t<\/div>\n\t\t\t\t\t\t\t<\/div>\n\t\t<\/section>\n\t\t\t\t\t\t\t<\/div>\n\t\t","protected":false},"excerpt":{"rendered":"<p>Pegamentos Durman by aliaxis introduce al mercado el Pegamento Wet Bonding, una soldadura qu\u00edmica totalmente nueva, ideal para cuando se necesita r\u00e1pida presurizaci\u00f3n de agua. Fabricado bajo estrictos est\u00e1ndares de calidad y con tecnolog\u00eda de avanzada, este producto ha sido sometido a las m\u00e1s extensas y estrictas pruebas para poder ofrecer al consumidor una soluci\u00f3n &hellip;<\/p>\n<p class=\"read-more\"> <a class=\"\" href=\"https:\/\/wp.interactioncr.com\/durman\/agricultura\/pegamentos\/pegamento-wet-bonding\"> <span class=\"screen-reader-text\">Pegamento Wet Bonding<\/span> Leer m\u00e1s &raquo;<\/a><\/p>\n","protected":false},"author":3,"featured_media":0,"parent":3682,"menu_order":0,"comment_status":"closed","ping_status":"closed","template":"","meta":{"inline_featured_image":false,"site-sidebar-layout":"no-sidebar","site-content-layout":"page-builder","ast-global-header-display":"","ast-main-header-display":"","ast-hfb-above-header-display":"","ast-hfb-below-header-display":"","ast-hfb-mobile-header-display":"","site-post-title":"disabled","ast-breadcrumbs-content":"","ast-featured-img":"disabled","footer-sml-layout":"","theme-transparent-header-meta":"","adv-header-id-meta":"","stick-header-meta":"","header-above-stick-meta":"","header-main-stick-meta":"","header-below-stick-meta":"","footnotes":""},"class_list":["post-3688","page","type-page","status-publish","hentry"],"acf":[],"_links":{"self":[{"href":"https:\/\/wp.interactioncr.com\/durman\/wp-json\/wp\/v2\/pages\/3688","targetHints":{"allow":["GET"]}}],"collection":[{"href":"https:\/\/wp.interactioncr.com\/durman\/wp-json\/wp\/v2\/pages"}],"about":[{"href":"https:\/\/wp.interactioncr.com\/durman\/wp-json\/wp\/v2\/types\/page"}],"author":[{"embeddable":true,"href":"https:\/\/wp.interactioncr.com\/durman\/wp-json\/wp\/v2\/users\/3"}],"replies":[{"embeddable":true,"href":"https:\/\/wp.interactioncr.com\/durman\/wp-json\/wp\/v2\/comments?post=3688"}],"version-history":[{"count":0,"href":"https:\/\/wp.interactioncr.com\/durman\/wp-json\/wp\/v2\/pages\/3688\/revisions"}],"up":[{"embeddable":true,"href":"https:\/\/wp.interactioncr.com\/durman\/wp-json\/wp\/v2\/pages\/3682"}],"wp:attachment":[{"href":"https:\/\/wp.interactioncr.com\/durman\/wp-json\/wp\/v2\/media?parent=3688"}],"curies":[{"name":"wp","href":"https:\/\/api.w.org\/{rel}","templated":true}]}}