{"id":460,"date":"2022-02-10T13:26:16","date_gmt":"2022-02-10T19:26:16","guid":{"rendered":"https:\/\/wp.interactioncr.com\/aliaxis\/?page_id=460"},"modified":"2022-06-06T09:20:58","modified_gmt":"2022-06-06T15:20:58","slug":"quienes-somos","status":"publish","type":"page","link":"https:\/\/wp.interactioncr.com\/durman\/quienes-somos","title":{"rendered":"Qui\u00e9nes somos"},"content":{"rendered":"\t\t<div data-elementor-type=\"wp-page\" data-elementor-id=\"460\" class=\"elementor elementor-460\">\n\t\t\t\t\t\t\t\t\t<section class=\"elementor-section elementor-top-section elementor-element elementor-element-6ca48b1 header_interna_ header_section_mobile elementor-section-boxed elementor-section-height-default elementor-section-height-default\" data-id=\"6ca48b1\" data-element_type=\"section\" data-settings=\"{&quot;background_background&quot;:&quot;classic&quot;}\">\n\t\t\t\t\t\t<div class=\"elementor-container elementor-column-gap-default\">\n\t\t\t\t\t<div class=\"elementor-column elementor-col-100 elementor-top-column elementor-element elementor-element-5982ecf\" data-id=\"5982ecf\" data-element_type=\"column\">\n\t\t\t<div class=\"elementor-widget-wrap elementor-element-populated\">\n\t\t\t\t\t\t\t\t<div class=\"elementor-element elementor-element-32520d0 elementor-widget elementor-widget-heading\" data-id=\"32520d0\" data-element_type=\"widget\" data-widget_type=\"heading.default\">\n\t\t\t\t<div class=\"elementor-widget-container\">\n\t\t\t<style>\/*! elementor - v3.7.0 - 08-08-2022 *\/\n.elementor-heading-title{padding:0;margin:0;line-height:1}.elementor-widget-heading .elementor-heading-title[class*=elementor-size-]>a{color:inherit;font-size:inherit;line-height:inherit}.elementor-widget-heading .elementor-heading-title.elementor-size-small{font-size:15px}.elementor-widget-heading .elementor-heading-title.elementor-size-medium{font-size:19px}.elementor-widget-heading .elementor-heading-title.elementor-size-large{font-size:29px}.elementor-widget-heading .elementor-heading-title.elementor-size-xl{font-size:39px}.elementor-widget-heading .elementor-heading-title.elementor-size-xxl{font-size:59px}<\/style><h1 class=\"elementor-heading-title elementor-size-default\">Qui\u00e9nes somos<\/h1>\t\t<\/div>\n\t\t\t\t<\/div>\n\t\t\t\t\t<\/div>\n\t\t<\/div>\n\t\t\t\t\t\t\t<\/div>\n\t\t<\/section>\n\t\t\t\t<section class=\"elementor-section elementor-top-section elementor-element elementor-element-1613e28 elementor-section-full_width elementor-section-height-default elementor-section-height-default\" data-id=\"1613e28\" data-element_type=\"section\">\n\t\t\t\t\t\t<div class=\"elementor-container elementor-column-gap-default\">\n\t\t\t\t\t<div class=\"elementor-column elementor-col-100 elementor-top-column elementor-element elementor-element-4c99548\" data-id=\"4c99548\" data-element_type=\"column\">\n\t\t\t<div class=\"elementor-widget-wrap elementor-element-populated\">\n\t\t\t\t\t\t\t\t<div class=\"elementor-element elementor-element-b9c7f38 curva_mobile elementor-widget elementor-widget-image\" data-id=\"b9c7f38\" data-element_type=\"widget\" data-widget_type=\"image.default\">\n\t\t\t\t<div class=\"elementor-widget-container\">\n\t\t\t<style>\/*! elementor - v3.7.0 - 08-08-2022 *\/\n.elementor-widget-image{text-align:center}.elementor-widget-image a{display:inline-block}.elementor-widget-image a img[src$=\".svg\"]{width:48px}.elementor-widget-image img{vertical-align:middle;display:inline-block}<\/style>\t\t\t\t\t\t\t\t\t\t\t\t<img loading=\"lazy\" decoding=\"async\" width=\"1919\" height=\"182\" src=\"https:\/\/wp.interactioncr.com\/durman\/wp-content\/uploads\/2022\/02\/curva-aliaxis-latam-white-1.svg\" class=\"attachment-full size-full\" alt=\"\" \/>\t\t\t\t\t\t\t\t\t\t\t\t\t\t\t<\/div>\n\t\t\t\t<\/div>\n\t\t\t\t\t<\/div>\n\t\t<\/div>\n\t\t\t\t\t\t\t<\/div>\n\t\t<\/section>\n\t\t\t\t<section class=\"elementor-section elementor-top-section elementor-element elementor-element-b490495 elementor-section-full_width elementor-section-height-default elementor-section-height-default\" data-id=\"b490495\" data-element_type=\"section\">\n\t\t\t\t\t\t<div class=\"elementor-container elementor-column-gap-default\">\n\t\t\t\t\t<div class=\"elementor-column elementor-col-50 elementor-top-column elementor-element elementor-element-81d4b3f\" data-id=\"81d4b3f\" data-element_type=\"column\">\n\t\t\t<div class=\"elementor-widget-wrap elementor-element-populated\">\n\t\t\t\t\t\t\t\t<div class=\"elementor-element elementor-element-66b0fca elementor-widget elementor-widget-image\" data-id=\"66b0fca\" data-element_type=\"widget\" data-widget_type=\"image.default\">\n\t\t\t\t<div class=\"elementor-widget-container\">\n\t\t\t\t\t\t\t\t\t\t\t\t\t\t\t<img loading=\"lazy\" decoding=\"async\" width=\"960\" height=\"640\" src=\"https:\/\/wp.interactioncr.com\/durman\/wp-content\/uploads\/2022\/04\/durman-historia-1.jpg\" class=\"attachment-large size-large\" alt=\"\" srcset=\"https:\/\/wp.interactioncr.com\/durman\/wp-content\/uploads\/2022\/04\/durman-historia-1.jpg 960w, https:\/\/wp.interactioncr.com\/durman\/wp-content\/uploads\/2022\/04\/durman-historia-1-300x200.jpg 300w, https:\/\/wp.interactioncr.com\/durman\/wp-content\/uploads\/2022\/04\/durman-historia-1-768x512.jpg 768w\" sizes=\"auto, (max-width: 960px) 100vw, 960px\" \/>\t\t\t\t\t\t\t\t\t\t\t\t\t\t\t<\/div>\n\t\t\t\t<\/div>\n\t\t\t\t\t<\/div>\n\t\t<\/div>\n\t\t\t\t<div class=\"elementor-column elementor-col-50 elementor-top-column elementor-element elementor-element-464655a\" data-id=\"464655a\" data-element_type=\"column\">\n\t\t\t<div class=\"elementor-widget-wrap elementor-element-populated\">\n\t\t\t\t\t\t\t\t<div class=\"elementor-element elementor-element-88f810a elementor-widget elementor-widget-heading\" data-id=\"88f810a\" data-element_type=\"widget\" data-widget_type=\"heading.default\">\n\t\t\t\t<div class=\"elementor-widget-container\">\n\t\t\t<h2 class=\"elementor-heading-title elementor-size-default\">Sobre Durman<\/h2>\t\t<\/div>\n\t\t\t\t<\/div>\n\t\t\t\t<div class=\"elementor-element elementor-element-38b3983 elementor-widget elementor-widget-text-editor\" data-id=\"38b3983\" data-element_type=\"widget\" data-widget_type=\"text-editor.default\">\n\t\t\t\t<div class=\"elementor-widget-container\">\n\t\t\t<style>\/*! elementor - v3.7.0 - 08-08-2022 *\/\n.elementor-widget-text-editor.elementor-drop-cap-view-stacked .elementor-drop-cap{background-color:#818a91;color:#fff}.elementor-widget-text-editor.elementor-drop-cap-view-framed .elementor-drop-cap{color:#818a91;border:3px solid;background-color:transparent}.elementor-widget-text-editor:not(.elementor-drop-cap-view-default) .elementor-drop-cap{margin-top:8px}.elementor-widget-text-editor:not(.elementor-drop-cap-view-default) .elementor-drop-cap-letter{width:1em;height:1em}.elementor-widget-text-editor .elementor-drop-cap{float:left;text-align:center;line-height:1;font-size:50px}.elementor-widget-text-editor .elementor-drop-cap-letter{display:inline-block}<\/style>\t\t\t\t<p>Ante el nuevo milenio, Aliaxis, como protagonista mundial en la industria de tuber\u00edas y accesorios para la conducci\u00f3n de fluidos, se concentra en los mercados latinoamericanos, concretamente en empresas consolidadas con enorme potencial de crecimiento.<\/p><p>As\u00ed surge una fusi\u00f3n entre dos empresas l\u00edderes, Durman y Aliaxis, quienes deciden unificar fuerzas y aprovechar la fortaleza financiera y tecnol\u00f3gica de una; y el liderazgo y la presencia en la regi\u00f3n de la otra, dando como resultado Aliaxis Latinoam\u00e9rica, una nueva entidad presente en 10 pa\u00edses de la regi\u00f3n latinoamericana.<\/p>\t\t\t\t\t\t<\/div>\n\t\t\t\t<\/div>\n\t\t\t\t\t<\/div>\n\t\t<\/div>\n\t\t\t\t\t\t\t<\/div>\n\t\t<\/section>\n\t\t\t\t<section class=\"elementor-section elementor-top-section elementor-element elementor-element-d0e7150 elementor-section-full_width elementor-reverse-tablet elementor-reverse-mobile elementor-section-height-default elementor-section-height-default\" data-id=\"d0e7150\" data-element_type=\"section\">\n\t\t\t\t\t\t<div class=\"elementor-container elementor-column-gap-default\">\n\t\t\t\t\t<div class=\"elementor-column elementor-col-50 elementor-top-column elementor-element elementor-element-b67557b\" data-id=\"b67557b\" data-element_type=\"column\" data-settings=\"{&quot;background_background&quot;:&quot;classic&quot;}\">\n\t\t\t<div class=\"elementor-widget-wrap elementor-element-populated\">\n\t\t\t\t\t\t\t\t<div class=\"elementor-element elementor-element-d60c5f1 elementor-widget elementor-widget-heading\" data-id=\"d60c5f1\" data-element_type=\"widget\" data-widget_type=\"heading.default\">\n\t\t\t\t<div class=\"elementor-widget-container\">\n\t\t\t<h2 class=\"elementor-heading-title elementor-size-default\">Nuestra misi\u00f3n<\/h2>\t\t<\/div>\n\t\t\t\t<\/div>\n\t\t\t\t<div class=\"elementor-element elementor-element-cc6ec9e elementor-widget elementor-widget-text-editor\" data-id=\"cc6ec9e\" data-element_type=\"widget\" data-widget_type=\"text-editor.default\">\n\t\t\t\t<div class=\"elementor-widget-container\">\n\t\t\t\t\t\t\t<p>Creamos soluciones innovadoras y facilitadoras para proveer agua y energ\u00eda. Ofrecemos avanzados sistemas pl\u00e1sticos de tuber\u00edas, liderando la industria y anticip\u00e1ndonos a la r\u00e1pida evoluci\u00f3n de las necesidades de nuestros clientes.<\/p>\t\t\t\t\t\t<\/div>\n\t\t\t\t<\/div>\n\t\t\t\t\t<\/div>\n\t\t<\/div>\n\t\t\t\t<div class=\"elementor-column elementor-col-50 elementor-top-column elementor-element elementor-element-127d1fb\" data-id=\"127d1fb\" data-element_type=\"column\">\n\t\t\t<div class=\"elementor-widget-wrap elementor-element-populated\">\n\t\t\t\t\t\t\t\t<div class=\"elementor-element elementor-element-172488a elementor-widget elementor-widget-image\" data-id=\"172488a\" data-element_type=\"widget\" data-widget_type=\"image.default\">\n\t\t\t\t<div class=\"elementor-widget-container\">\n\t\t\t\t\t\t\t\t\t\t\t\t\t\t\t<img loading=\"lazy\" decoding=\"async\" width=\"960\" height=\"640\" src=\"https:\/\/wp.interactioncr.com\/durman\/wp-content\/uploads\/2022\/04\/mision_durman.jpg\" class=\"attachment-large size-large\" alt=\"\" srcset=\"https:\/\/wp.interactioncr.com\/durman\/wp-content\/uploads\/2022\/04\/mision_durman.jpg 960w, https:\/\/wp.interactioncr.com\/durman\/wp-content\/uploads\/2022\/04\/mision_durman-300x200.jpg 300w, https:\/\/wp.interactioncr.com\/durman\/wp-content\/uploads\/2022\/04\/mision_durman-768x512.jpg 768w\" sizes=\"auto, (max-width: 960px) 100vw, 960px\" \/>\t\t\t\t\t\t\t\t\t\t\t\t\t\t\t<\/div>\n\t\t\t\t<\/div>\n\t\t\t\t\t<\/div>\n\t\t<\/div>\n\t\t\t\t\t\t\t<\/div>\n\t\t<\/section>\n\t\t\t\t<section class=\"elementor-section elementor-top-section elementor-element elementor-element-fecadcc elementor-section-full_width elementor-section-height-default elementor-section-height-default\" data-id=\"fecadcc\" data-element_type=\"section\">\n\t\t\t\t\t\t<div class=\"elementor-container elementor-column-gap-default\">\n\t\t\t\t\t<div class=\"elementor-column elementor-col-50 elementor-top-column elementor-element elementor-element-3111b29\" data-id=\"3111b29\" data-element_type=\"column\">\n\t\t\t<div class=\"elementor-widget-wrap elementor-element-populated\">\n\t\t\t\t\t\t\t\t<div class=\"elementor-element elementor-element-ee63db1 elementor-widget elementor-widget-image\" data-id=\"ee63db1\" data-element_type=\"widget\" data-widget_type=\"image.default\">\n\t\t\t\t<div class=\"elementor-widget-container\">\n\t\t\t\t\t\t\t\t\t\t\t\t\t\t\t<img loading=\"lazy\" decoding=\"async\" width=\"960\" height=\"640\" src=\"https:\/\/wp.interactioncr.com\/durman\/wp-content\/uploads\/2022\/04\/vision_durman.jpg\" class=\"attachment-large size-large\" alt=\"\" srcset=\"https:\/\/wp.interactioncr.com\/durman\/wp-content\/uploads\/2022\/04\/vision_durman.jpg 960w, https:\/\/wp.interactioncr.com\/durman\/wp-content\/uploads\/2022\/04\/vision_durman-300x200.jpg 300w, https:\/\/wp.interactioncr.com\/durman\/wp-content\/uploads\/2022\/04\/vision_durman-768x512.jpg 768w\" sizes=\"auto, (max-width: 960px) 100vw, 960px\" \/>\t\t\t\t\t\t\t\t\t\t\t\t\t\t\t<\/div>\n\t\t\t\t<\/div>\n\t\t\t\t\t<\/div>\n\t\t<\/div>\n\t\t\t\t<div class=\"elementor-column elementor-col-50 elementor-top-column elementor-element elementor-element-d50a628\" data-id=\"d50a628\" data-element_type=\"column\" data-settings=\"{&quot;background_background&quot;:&quot;classic&quot;}\">\n\t\t\t<div class=\"elementor-widget-wrap elementor-element-populated\">\n\t\t\t\t\t\t\t\t<div class=\"elementor-element elementor-element-2a5d640 elementor-widget elementor-widget-heading\" data-id=\"2a5d640\" data-element_type=\"widget\" data-widget_type=\"heading.default\">\n\t\t\t\t<div class=\"elementor-widget-container\">\n\t\t\t<h2 class=\"elementor-heading-title elementor-size-default\">Nuestra visi\u00f3n<\/h2>\t\t<\/div>\n\t\t\t\t<\/div>\n\t\t\t\t<div class=\"elementor-element elementor-element-512d0b5 elementor-widget elementor-widget-text-editor\" data-id=\"512d0b5\" data-element_type=\"widget\" data-widget_type=\"text-editor.default\">\n\t\t\t\t<div class=\"elementor-widget-container\">\n\t\t\t\t\t\t\t<p><span style=\"font-weight: 400;\">Hacemos que la vida fluya, dando forma a un futuro mejor, conectando gente, agua y energ\u00eda.<\/span><\/p>\t\t\t\t\t\t<\/div>\n\t\t\t\t<\/div>\n\t\t\t\t\t<\/div>\n\t\t<\/div>\n\t\t\t\t\t\t\t<\/div>\n\t\t<\/section>\n\t\t\t\t<section class=\"elementor-section elementor-top-section elementor-element elementor-element-ec95335 elementor-section-boxed elementor-section-height-default elementor-section-height-default\" data-id=\"ec95335\" data-element_type=\"section\">\n\t\t\t\t\t\t<div class=\"elementor-container elementor-column-gap-default\">\n\t\t\t\t\t<div class=\"elementor-column elementor-col-100 elementor-top-column elementor-element elementor-element-5db9be4\" data-id=\"5db9be4\" data-element_type=\"column\">\n\t\t\t<div class=\"elementor-widget-wrap elementor-element-populated\">\n\t\t\t\t\t\t\t\t<div class=\"elementor-element elementor-element-504cfa5 elementor-widget elementor-widget-heading\" data-id=\"504cfa5\" data-element_type=\"widget\" data-widget_type=\"heading.default\">\n\t\t\t\t<div class=\"elementor-widget-container\">\n\t\t\t<h2 class=\"elementor-heading-title elementor-size-default\">Nuestra historia<\/h2>\t\t<\/div>\n\t\t\t\t<\/div>\n\t\t\t\t\t<\/div>\n\t\t<\/div>\n\t\t\t\t\t\t\t<\/div>\n\t\t<\/section>\n\t\t\t\t<section class=\"elementor-section elementor-top-section elementor-element elementor-element-435c0e4 elementor-section-boxed elementor-section-height-default elementor-section-height-default\" data-id=\"435c0e4\" data-element_type=\"section\">\n\t\t\t\t\t\t<div class=\"elementor-container elementor-column-gap-default\">\n\t\t\t\t\t<div class=\"elementor-column elementor-col-100 elementor-top-column elementor-element elementor-element-7127c1a\" data-id=\"7127c1a\" data-element_type=\"column\">\n\t\t\t<div class=\"elementor-widget-wrap elementor-element-populated\">\n\t\t\t\t\t\t\t\t<div class=\"elementor-element elementor-element-359c913 timeline_history elementor-widget elementor-widget-timeline-widget-addon\" data-id=\"359c913\" data-element_type=\"widget\" id=\"timeline_historia\" data-widget_type=\"timeline-widget-addon.default\">\n\t\t\t\t<div class=\"elementor-widget-container\">\n\t\t\t\r\n<div class=\"twae-vertical twae-wrapper twae-one-sided-wrapper\">    \r\n    <div class=\"twae-timeline-centered twae-timeline-sm twae-line twae-one-sided-timeline\"><article class=\"twae-timeline-entry twae-right-aligned\">\r\n            <div class=\"twae-timeline-entry-inner\">\r\n                <div class=\"twae-label-extra-label\">\r\n                    <span class=\"twae-label\">1959<\/span>\r\n                    <span class=\"twae-extra-label\"><\/span>\r\n                <\/div>\r\n                <div class=\"twae-icon\"><\/div>\r\n                <div class=\"twae-data-container \">\r\n                    <span class=\"twae-title\"><\/span>\r\n                    <div class=\"twae-timeline-img\"><\/div>\r\n                    <div class=\"twae-description\"><p>Se funda Durman en Costa Rica y se inicia con las primeras importaciones de materiales para la construcci\u00f3n.<\/p><\/div>\r\n                <\/div>\r\n            <\/div>\r\n        <\/article><article class=\"twae-timeline-entry twae-right-aligned\">\r\n            <div class=\"twae-timeline-entry-inner\">\r\n                <div class=\"twae-label-extra-label\">\r\n                    <span class=\"twae-label\">1977<\/span>\r\n                    <span class=\"twae-extra-label\"><\/span>\r\n                <\/div>\r\n                <div class=\"twae-icon\"><\/div>\r\n                <div class=\"twae-data-container \">\r\n                    <span class=\"twae-title\"><\/span>\r\n                    <div class=\"twae-timeline-img\"><\/div>\r\n                    <div class=\"twae-description\"><p style=\"font-weight: 400;\">Durman Panam\u00e1 surge cuando el grupo Durman en Costa Rica realiza la primera incursi\u00f3n en el extranjero, con la apertura de la f\u00e1brica de tuber\u00edas en David Panam\u00e1.<\/p><p style=\"font-weight: 400;\">\u00a0<\/p><\/div>\r\n                <\/div>\r\n            <\/div>\r\n        <\/article><article class=\"twae-timeline-entry twae-right-aligned\">\r\n            <div class=\"twae-timeline-entry-inner\">\r\n                <div class=\"twae-label-extra-label\">\r\n                    <span class=\"twae-label\">1987<\/span>\r\n                    <span class=\"twae-extra-label\"><\/span>\r\n                <\/div>\r\n                <div class=\"twae-icon\"><\/div>\r\n                <div class=\"twae-data-container \">\r\n                    <span class=\"twae-title\"><\/span>\r\n                    <div class=\"twae-timeline-img\"><\/div>\r\n                    <div class=\"twae-description\"><p style=\"margin: 0cm; vertical-align: baseline;\">Durman El Salvador empieza sus actividades, al abrir la primera bodega de distribuci\u00f3n.<\/p><\/div>\r\n                <\/div>\r\n            <\/div>\r\n        <\/article><article class=\"twae-timeline-entry twae-right-aligned\">\r\n            <div class=\"twae-timeline-entry-inner\">\r\n                <div class=\"twae-label-extra-label\">\r\n                    <span class=\"twae-label\">1988<\/span>\r\n                    <span class=\"twae-extra-label\"><\/span>\r\n                <\/div>\r\n                <div class=\"twae-icon\"><\/div>\r\n                <div class=\"twae-data-container \">\r\n                    <span class=\"twae-title\"><\/span>\r\n                    <div class=\"twae-timeline-img\"><\/div>\r\n                    <div class=\"twae-description\"><p><span style=\"font-weight: 400;\">Durman adquiere la empresa Tubofort y se constituye Durman Guatemala.\u00a0<\/span><\/p><\/div>\r\n                <\/div>\r\n            <\/div>\r\n        <\/article><article class=\"twae-timeline-entry twae-right-aligned\">\r\n            <div class=\"twae-timeline-entry-inner\">\r\n                <div class=\"twae-label-extra-label\">\r\n                    <span class=\"twae-label\">1989<\/span>\r\n                    <span class=\"twae-extra-label\"><\/span>\r\n                <\/div>\r\n                <div class=\"twae-icon\"><\/div>\r\n                <div class=\"twae-data-container \">\r\n                    <span class=\"twae-title\"><\/span>\r\n                    <div class=\"twae-timeline-img\"><\/div>\r\n                    <div class=\"twae-description\"><p><span style=\"font-weight: 400;\">Durman Nicaragua empieza sus actividades, con la creaci\u00f3n de la primera bodega de distribuci\u00f3n.<\/span><\/p><p style=\"margin-right: 0cm; margin-bottom: 19.2pt; margin-left: 0cm; line-height: 14.4pt; vertical-align: baseline;\">\u00a0<\/p><\/div>\r\n                <\/div>\r\n            <\/div>\r\n        <\/article><article class=\"twae-timeline-entry twae-right-aligned\">\r\n            <div class=\"twae-timeline-entry-inner\">\r\n                <div class=\"twae-label-extra-label\">\r\n                    <span class=\"twae-label\">1996<\/span>\r\n                    <span class=\"twae-extra-label\"><\/span>\r\n                <\/div>\r\n                <div class=\"twae-icon\"><\/div>\r\n                <div class=\"twae-data-container \">\r\n                    <span class=\"twae-title\"><\/span>\r\n                    <div class=\"twae-timeline-img\"><\/div>\r\n                    <div class=\"twae-description\"><p style=\"margin: 0cm; vertical-align: baseline;\">Durman Honduras abre su bodega de distribuci\u00f3n<\/p><\/div>\r\n                <\/div>\r\n            <\/div>\r\n        <\/article><article class=\"twae-timeline-entry twae-right-aligned\">\r\n            <div class=\"twae-timeline-entry-inner\">\r\n                <div class=\"twae-label-extra-label\">\r\n                    <span class=\"twae-label\">2007<\/span>\r\n                    <span class=\"twae-extra-label\"><\/span>\r\n                <\/div>\r\n                <div class=\"twae-icon\"><\/div>\r\n                <div class=\"twae-data-container \">\r\n                    <span class=\"twae-title\"><\/span>\r\n                    <div class=\"twae-timeline-img\"><\/div>\r\n                    <div class=\"twae-description\"><p style=\"margin: 0cm; vertical-align: baseline;\">Surge Aliaxis Latinoam\u00e9rica. Durman se mantiene con el 49% de las acciones y Aliaxis con el 51%.<\/p><\/div>\r\n                <\/div>\r\n            <\/div>\r\n        <\/article><article class=\"twae-timeline-entry twae-right-aligned\">\r\n            <div class=\"twae-timeline-entry-inner\">\r\n                <div class=\"twae-label-extra-label\">\r\n                    <span class=\"twae-label\">2009<\/span>\r\n                    <span class=\"twae-extra-label\"><\/span>\r\n                <\/div>\r\n                <div class=\"twae-icon\"><\/div>\r\n                <div class=\"twae-data-container \">\r\n                    <span class=\"twae-title\"><\/span>\r\n                    <div class=\"twae-timeline-img\"><\/div>\r\n                    <div class=\"twae-description\"><p><span style=\"font-weight: 400;\">Aliaxis adquiere el 49% de las acciones restantes del Grupo Durman.<\/span><\/p><\/div>\r\n                <\/div>\r\n            <\/div>\r\n        <\/article><article class=\"twae-timeline-entry twae-right-aligned\">\r\n            <div class=\"twae-timeline-entry-inner\">\r\n                <div class=\"twae-label-extra-label\">\r\n                    <span class=\"twae-label\">2019<\/span>\r\n                    <span class=\"twae-extra-label\"><\/span>\r\n                <\/div>\r\n                <div class=\"twae-icon\"><\/div>\r\n                <div class=\"twae-data-container \">\r\n                    <span class=\"twae-title\"><\/span>\r\n                    <div class=\"twae-timeline-img\"><\/div>\r\n                    <div class=\"twae-description\"><p style=\"margin: 0cm; vertical-align: baseline;\">Se actualiza el logo de la compa\u00f1\u00eda a Durman by aliaxis, con el fin de obtener diferenciaci\u00f3n y fortalecer la marca, contando siempre con el respaldo del l\u00edder global Aliaxis.<\/p><\/div>\r\n                <\/div>\r\n            <\/div>\r\n        <\/article><\/div><\/div>\t\t<\/div>\n\t\t\t\t<\/div>\n\t\t\t\t\t<\/div>\n\t\t<\/div>\n\t\t\t\t\t\t\t<\/div>\n\t\t<\/section>\n\t\t\t\t\t\t\t<\/div>\n\t\t","protected":false},"excerpt":{"rendered":"<p>Qui\u00e9nes somos Sobre Durman Ante el nuevo milenio, Aliaxis, como protagonista mundial en la industria de tuber\u00edas y accesorios para la conducci\u00f3n de fluidos, se concentra en los mercados latinoamericanos, concretamente en empresas consolidadas con enorme potencial de crecimiento. As\u00ed surge una fusi\u00f3n entre dos empresas l\u00edderes, Durman y Aliaxis, quienes deciden unificar fuerzas y &hellip;<\/p>\n<p class=\"read-more\"> <a class=\"\" href=\"https:\/\/wp.interactioncr.com\/durman\/quienes-somos\"> <span class=\"screen-reader-text\">Qui\u00e9nes somos<\/span> Leer m\u00e1s &raquo;<\/a><\/p>\n","protected":false},"author":1,"featured_media":0,"parent":0,"menu_order":0,"comment_status":"closed","ping_status":"closed","template":"","meta":{"inline_featured_image":false,"site-sidebar-layout":"no-sidebar","site-content-layout":"page-builder","ast-global-header-display":"","ast-main-header-display":"","ast-hfb-above-header-display":"","ast-hfb-below-header-display":"","ast-hfb-mobile-header-display":"","site-post-title":"disabled","ast-breadcrumbs-content":"","ast-featured-img":"disabled","footer-sml-layout":"","theme-transparent-header-meta":"","adv-header-id-meta":"","stick-header-meta":"","header-above-stick-meta":"","header-main-stick-meta":"","header-below-stick-meta":"","footnotes":""},"class_list":["post-460","page","type-page","status-publish","hentry"],"acf":[],"_links":{"self":[{"href":"https:\/\/wp.interactioncr.com\/durman\/wp-json\/wp\/v2\/pages\/460","targetHints":{"allow":["GET"]}}],"collection":[{"href":"https:\/\/wp.interactioncr.com\/durman\/wp-json\/wp\/v2\/pages"}],"about":[{"href":"https:\/\/wp.interactioncr.com\/durman\/wp-json\/wp\/v2\/types\/page"}],"author":[{"embeddable":true,"href":"https:\/\/wp.interactioncr.com\/durman\/wp-json\/wp\/v2\/users\/1"}],"replies":[{"embeddable":true,"href":"https:\/\/wp.interactioncr.com\/durman\/wp-json\/wp\/v2\/comments?post=460"}],"version-history":[{"count":0,"href":"https:\/\/wp.interactioncr.com\/durman\/wp-json\/wp\/v2\/pages\/460\/revisions"}],"wp:attachment":[{"href":"https:\/\/wp.interactioncr.com\/durman\/wp-json\/wp\/v2\/media?parent=460"}],"curies":[{"name":"wp","href":"https:\/\/api.w.org\/{rel}","templated":true}]}}