{"id":589,"date":"2022-02-10T15:54:46","date_gmt":"2022-02-10T21:54:46","guid":{"rendered":"https:\/\/wp.interactioncr.com\/aliaxis\/?page_id=589"},"modified":"2022-06-06T10:53:43","modified_gmt":"2022-06-06T16:53:43","slug":"innovacion","status":"publish","type":"page","link":"https:\/\/wp.interactioncr.com\/durman\/innovacion","title":{"rendered":"Innovaci\u00f3n"},"content":{"rendered":"\t\t<div data-elementor-type=\"wp-page\" data-elementor-id=\"589\" class=\"elementor elementor-589\">\n\t\t\t\t\t\t\t\t\t<section class=\"elementor-section elementor-top-section elementor-element elementor-element-6ca48b1 elementor-section-boxed elementor-section-height-default elementor-section-height-default\" data-id=\"6ca48b1\" data-element_type=\"section\" data-settings=\"{&quot;background_background&quot;:&quot;classic&quot;}\">\n\t\t\t\t\t\t<div class=\"elementor-container elementor-column-gap-default\">\n\t\t\t\t\t<div class=\"elementor-column elementor-col-100 elementor-top-column elementor-element elementor-element-5982ecf\" data-id=\"5982ecf\" data-element_type=\"column\">\n\t\t\t<div class=\"elementor-widget-wrap elementor-element-populated\">\n\t\t\t\t\t\t\t\t<div class=\"elementor-element elementor-element-32520d0 elementor-widget elementor-widget-heading\" data-id=\"32520d0\" data-element_type=\"widget\" data-widget_type=\"heading.default\">\n\t\t\t\t<div class=\"elementor-widget-container\">\n\t\t\t<style>\/*! elementor - v3.7.0 - 08-08-2022 *\/\n.elementor-heading-title{padding:0;margin:0;line-height:1}.elementor-widget-heading .elementor-heading-title[class*=elementor-size-]>a{color:inherit;font-size:inherit;line-height:inherit}.elementor-widget-heading .elementor-heading-title.elementor-size-small{font-size:15px}.elementor-widget-heading .elementor-heading-title.elementor-size-medium{font-size:19px}.elementor-widget-heading .elementor-heading-title.elementor-size-large{font-size:29px}.elementor-widget-heading .elementor-heading-title.elementor-size-xl{font-size:39px}.elementor-widget-heading .elementor-heading-title.elementor-size-xxl{font-size:59px}<\/style><h1 class=\"elementor-heading-title elementor-size-default\">Innovaci\u00f3n<\/h1>\t\t<\/div>\n\t\t\t\t<\/div>\n\t\t\t\t\t<\/div>\n\t\t<\/div>\n\t\t\t\t\t\t\t<\/div>\n\t\t<\/section>\n\t\t\t\t<section class=\"elementor-section elementor-top-section elementor-element elementor-element-1613e28 elementor-section-full_width elementor-section-height-default elementor-section-height-default\" data-id=\"1613e28\" data-element_type=\"section\">\n\t\t\t\t\t\t<div class=\"elementor-container elementor-column-gap-default\">\n\t\t\t\t\t<div class=\"elementor-column elementor-col-100 elementor-top-column elementor-element elementor-element-4c99548\" data-id=\"4c99548\" data-element_type=\"column\">\n\t\t\t<div class=\"elementor-widget-wrap elementor-element-populated\">\n\t\t\t\t\t\t\t\t<div class=\"elementor-element elementor-element-b9c7f38 curva_mobile elementor-widget elementor-widget-image\" data-id=\"b9c7f38\" data-element_type=\"widget\" data-widget_type=\"image.default\">\n\t\t\t\t<div class=\"elementor-widget-container\">\n\t\t\t<style>\/*! elementor - v3.7.0 - 08-08-2022 *\/\n.elementor-widget-image{text-align:center}.elementor-widget-image a{display:inline-block}.elementor-widget-image a img[src$=\".svg\"]{width:48px}.elementor-widget-image img{vertical-align:middle;display:inline-block}<\/style>\t\t\t\t\t\t\t\t\t\t\t\t<img loading=\"lazy\" decoding=\"async\" width=\"1919\" height=\"182\" src=\"https:\/\/wp.interactioncr.com\/durman\/wp-content\/uploads\/2022\/02\/curva-aliaxis-latam-white-1.svg\" class=\"attachment-full size-full\" alt=\"\" \/>\t\t\t\t\t\t\t\t\t\t\t\t\t\t\t<\/div>\n\t\t\t\t<\/div>\n\t\t\t\t\t<\/div>\n\t\t<\/div>\n\t\t\t\t\t\t\t<\/div>\n\t\t<\/section>\n\t\t\t\t<section class=\"elementor-section elementor-top-section elementor-element elementor-element-0b10763 elementor-section-boxed elementor-section-height-default elementor-section-height-default\" data-id=\"0b10763\" data-element_type=\"section\">\n\t\t\t\t\t\t<div class=\"elementor-container elementor-column-gap-default\">\n\t\t\t\t\t<div class=\"elementor-column elementor-col-100 elementor-top-column elementor-element elementor-element-02142ef\" data-id=\"02142ef\" data-element_type=\"column\">\n\t\t\t<div class=\"elementor-widget-wrap elementor-element-populated\">\n\t\t\t\t\t\t\t\t<div class=\"elementor-element elementor-element-3f43139 elementor-widget elementor-widget-text-editor\" data-id=\"3f43139\" data-element_type=\"widget\" data-widget_type=\"text-editor.default\">\n\t\t\t\t<div class=\"elementor-widget-container\">\n\t\t\t<style>\/*! elementor - v3.7.0 - 08-08-2022 *\/\n.elementor-widget-text-editor.elementor-drop-cap-view-stacked .elementor-drop-cap{background-color:#818a91;color:#fff}.elementor-widget-text-editor.elementor-drop-cap-view-framed .elementor-drop-cap{color:#818a91;border:3px solid;background-color:transparent}.elementor-widget-text-editor:not(.elementor-drop-cap-view-default) .elementor-drop-cap{margin-top:8px}.elementor-widget-text-editor:not(.elementor-drop-cap-view-default) .elementor-drop-cap-letter{width:1em;height:1em}.elementor-widget-text-editor .elementor-drop-cap{float:left;text-align:center;line-height:1;font-size:50px}.elementor-widget-text-editor .elementor-drop-cap-letter{display:inline-block}<\/style>\t\t\t\t<p>El progreso humano a la vanguardia en todo lo que hacemos en Durman by aliaxis. Estamos innovando y empujando los l\u00edmites de la creatividad para crear soluciones que nos hagan la vida m\u00e1s f\u00e1cil.<\/p>\t\t\t\t\t\t<\/div>\n\t\t\t\t<\/div>\n\t\t\t\t\t<\/div>\n\t\t<\/div>\n\t\t\t\t\t\t\t<\/div>\n\t\t<\/section>\n\t\t\t\t<section class=\"elementor-section elementor-top-section elementor-element elementor-element-3bc401e elementor-section-boxed elementor-section-height-default elementor-section-height-default\" data-id=\"3bc401e\" data-element_type=\"section\">\n\t\t\t\t\t\t<div class=\"elementor-container elementor-column-gap-default\">\n\t\t\t\t\t<div class=\"elementor-column elementor-col-100 elementor-top-column elementor-element elementor-element-7623d09\" data-id=\"7623d09\" data-element_type=\"column\">\n\t\t\t<div class=\"elementor-widget-wrap elementor-element-populated\">\n\t\t\t\t\t\t\t\t<div class=\"elementor-element elementor-element-2aeef15 elementor-widget elementor-widget-heading\" data-id=\"2aeef15\" data-element_type=\"widget\" data-widget_type=\"heading.default\">\n\t\t\t\t<div class=\"elementor-widget-container\">\n\t\t\t<h2 class=\"elementor-heading-title elementor-size-default\">\u00daltimas innovaciones<\/h2>\t\t<\/div>\n\t\t\t\t<\/div>\n\t\t\t\t\t<\/div>\n\t\t<\/div>\n\t\t\t\t\t\t\t<\/div>\n\t\t<\/section>\n\t\t\t\t<section class=\"elementor-section elementor-top-section elementor-element elementor-element-147b724 elementor-section-boxed elementor-section-height-default elementor-section-height-default\" data-id=\"147b724\" data-element_type=\"section\">\n\t\t\t\t\t\t<div class=\"elementor-container elementor-column-gap-default\">\n\t\t\t\t\t<div class=\"elementor-column elementor-col-100 elementor-top-column elementor-element elementor-element-108ca63\" data-id=\"108ca63\" data-element_type=\"column\">\n\t\t\t<div class=\"elementor-widget-wrap elementor-element-populated\">\n\t\t\t\t\t\t\t\t<div class=\"elementor-element elementor-element-2d60cc9 elementor-widget elementor-widget-html\" data-id=\"2d60cc9\" data-element_type=\"widget\" data-widget_type=\"html.default\">\n\t\t\t\t<div class=\"elementor-widget-container\">\n\t\t\t<!--Swiper-->\r\n<div class=\"swiper swiper_innovacion\">\r\n<div class=\"swiper-wrapper\">\r\n<div class=\"swiper-slide\">\r\n<div class=\"content-slide\">\r\n<figure><img decoding=\"async\" src=\"https:\/\/wp.interactioncr.com\/durman\/wp-content\/uploads\/2022\/05\/gbox-icemaker.jpg\" alt=\"Innovacion\" \/><\/figure>\r\n<a href=\"https:\/\/wp.interactioncr.com\/durman\/productos\/gbox-icemaker\"><h2>GBox Ice Maker<\/h2><\/a>\r\nCajas de v\u00e1lvulas empotrada y fabricada en PVC, su funci\u00f3n principal es el abastecimiento de m\u00e1quinas Ice Maker en los refrigeradores. Su acabado es est\u00e9tico, eficiente y de f\u00e1cil instalaci\u00f3n.\r\n<a class=\"btn btn-black toggle btn_more_info_slide\" href=\"https:\/\/wp.interactioncr.com\/durman\/productos\/gbox-icemaker\">Leer m\u00e1s<\/a>\r\n<\/div>\r\n<\/div>\r\n<div class=\"swiper-slide\">\r\n<div class=\"content-slide\">\r\n<figure><img decoding=\"async\" src=\"https:\/\/wp.interactioncr.com\/durman\/wp-content\/uploads\/2022\/05\/gbox-lavadora.jpg\" alt=\"Innovacion\" \/><\/figure>\r\n<a href=\"https:\/\/wp.interactioncr.com\/durman\/productos\/gbox-lavadora\"><h2>GBox Lavadora<\/h2><\/a>\r\nAl igual que el sistema GBox\u00ae Ice Maker, este sistema de v\u00e1lvulas le ayudar\u00e1 a tener conexiones con los sistemas de lavado de su hogar de manera eficiente. GBox es la combinaci\u00f3n perfecta para una adecuada ambientaci\u00f3n y funcionalidad de su lavadora y Ice maker.\r\n<a class=\"btn btn-black toggle btn_more_info_slide\" href=\"https:\/\/wp.interactioncr.com\/durman\/productos\/gbox-lavadora\">Leer m\u00e1s<\/a>\r\n<\/div>\r\n<\/div>\r\n<div class=\"swiper-slide\">\r\n<div class=\"content-slide\">\r\n<figure><img decoding=\"async\" src=\"https:\/\/wp.interactioncr.com\/durman\/wp-content\/uploads\/2022\/05\/sifon-doble-thumb-durman.jpg\" alt=\"Innovacion\" \/><\/figure>\r\n<a href=\"https:\/\/wp.interactioncr.com\/durman\/edificacion\/sistemas-para-agua-sanitaria\/sifones-y-desagues\"><h2>Sif\u00f3n Doble<\/h2><\/a>\r\nNuestros sifones y desag\u00fces est\u00e1n dise\u00f1ados para evitar que el mal olor del alcantarillado salga por el orificio de desag\u00fce de los distintos aparatos de lavado. Resisten la mayor\u00eda de los agentes qu\u00edmicos y una temperatura del agua caliente de 90\u00b0C; adem\u00e1s, tiene una alta resistencia al impacto.\r\n<a class=\"btn btn-black toggle btn_more_info_slide\" href=\"https:\/\/wp.interactioncr.com\/durman\/edificacion\/sistemas-para-agua-sanitaria\/sifones-y-desagues\">Leer m\u00e1s<\/a>\r\n<\/div>\r\n<\/div>\r\n<div class=\"swiper-slide\">\r\n<div class=\"content-slide\">\r\n<figure><img decoding=\"async\" src=\"https:\/\/wp.interactioncr.com\/durman\/wp-content\/uploads\/2022\/05\/maxicanal-thumb-durman.jpg\" alt=\"Innovacion\" \/><\/figure>\r\n<a href=\"https:\/\/wp.interactioncr.com\/durman\/productos\/maxicanal\"><h2>MaxiCanal<\/h2><\/a>\r\nCanoas o canales de alta capacidad hidr\u00e1ulica para colectar grandes caudales de aguas de lluvia en cubiertas de techos de viviendas unifamiliares o edificios. Nuestros canales cuentan con un 25% m\u00e1s de evacuaci\u00f3n que otros canales de PVC, son m\u00e1s robustos y est\u00e9ticos.\r\n<a class=\"btn btn-black toggle btn_more_info_slide\" href=\"https:\/\/wp.interactioncr.com\/durman\/productos\/maxicanal\">Leer m\u00e1s<\/a>\r\n\r\n<\/div>\r\n<\/div>\r\n<div class=\"swiper-slide\">\r\n<div class=\"content-slide\">\r\n<figure><img decoding=\"async\" src=\"https:\/\/wp.interactioncr.com\/durman\/wp-content\/uploads\/2022\/05\/studor-thumb-durman.jpg\" alt=\"Innovacion\" \/><\/figure>\r\n<a href=\"https:\/\/wp.interactioncr.com\/durman\/productos\/la-ventilacion-activa-de-studor\"><h2>Studor<\/h2><\/a>\r\nNuestros sistemas de ventilaci\u00f3n activa Studor\u00ae logran eliminar largos tramos de tuber\u00eda de ventilaci\u00f3n en diferentes proyectos, mientras protegen el entorno de vida contra los malos olores y las bacterias en los gases de alcantarillado y sistemas de ventilaci\u00f3n.\r\n<a class=\"btn btn-black toggle btn_more_info_slide\" href=\"https:\/\/wp.interactioncr.com\/durman\/productos\/la-ventilacion-activa-de-studor\">Leer m\u00e1s<\/a>\r\n\r\n<\/div>\r\n<\/div>\r\n<div class=\"swiper-slide\">\r\n<div class=\"content-slide\">\r\n<figure><img decoding=\"async\" src=\"https:\/\/wp.interactioncr.com\/durman\/wp-content\/uploads\/2022\/05\/smart-crop-thumb-2.jpg\" alt=\"Innovacion\" \/><\/figure>\r\n<a href=\"https:\/\/wp.interactioncr.com\/durman\/agricultura\/smart-farming\/smartcrop\"><h2>SmartCrop<\/h2><\/a>\r\nEl sistema SmartCrop\u00ae es un sistema de riego operado a distancia que ayuda a las empresas agr\u00edcolas que desean responder de manera eficiente a las necesidades de sus cultivos, mientras reducen el costo operativo anual y estabilizan el rendimiento de los cultivos.\r\n<a class=\"btn btn-black toggle btn_more_info_slide\" href=\"https:\/\/wp.interactioncr.com\/durman\/agricultura\/smart-farming\/smartcrop\">Leer m\u00e1s<\/a>\r\n\r\n<\/div>\r\n<\/div>\r\n<\/div>\r\n<div class=\"swiper-button-next\"><\/div>\r\n<div class=\"swiper-button-prev\"><\/div>\r\n<div class=\"swiper-pagination\"><\/div>\r\n<\/div>\t\t<\/div>\n\t\t\t\t<\/div>\n\t\t\t\t<div class=\"elementor-element elementor-element-09a5f45 elementor-hidden-desktop elementor-hidden-tablet elementor-hidden-mobile elementor-widget elementor-widget-text-editor\" data-id=\"09a5f45\" data-element_type=\"widget\" data-widget_type=\"text-editor.default\">\n\t\t\t\t<div class=\"elementor-widget-container\">\n\t\t\t\t\t\t\t<!--Swiper-->\n<div class=\"swiper swiper_innovacion\">\n<div class=\"swiper-wrapper\">\n<div class=\"swiper-slide\">\n<div class=\"content-slide\">\n<figure><img decoding=\"async\" src=\"https:\/\/wp.interactioncr.com\/durman\/wp-content\/uploads\/2022\/05\/gbox-icemaker.jpg\" alt=\"Innovacion\" \/><\/figure>\n<h2>GBox Ice Maker<\/h2>\nCon la nueva l\u00ednea GBox\u00ae para Ice Maker mejorar\u00e1 la ambientaci\u00f3n est\u00e9tica y funcional de las conexiones de cajas v\u00e1lvulas para Ice Maker y se obtendr\u00e1 la mayor eficiencia, gracias a su inmejorable acabado y su f\u00e1cil instalaci\u00f3n.\n\n<b>Caracter\u00edsticas:<\/b>\n<ul>\n \t<li>Resistente a la compresi\u00f3n que ejerce el concreto al expandirse durante la construcci\u00f3n<\/li>\n \t<li>Incluye tapa protectora para limpia\/r\u00e1pida instalaci\u00f3n.<\/li>\n \t<li>Soluci\u00f3n completa (manguera\/adaptadores).<\/li>\n        <li>Incluye tapa protectora para una limpia y r\u00e1pida instalaci\u00f3n.<\/li>\n<\/ul>\n<\/div>\n<\/div>\n<div class=\"swiper-slide\">\n<div class=\"content-slide\">\n<figure><img decoding=\"async\" src=\"https:\/\/wp.interactioncr.com\/durman\/wp-content\/uploads\/2022\/05\/gbox-lavadora.jpg\" alt=\"Innovacion\" \/><\/figure>\n<h2>GBox Lavadora<\/h2>\n\u00c1reas de lavado con acabados est\u00e9ticos, modernos y con un menor riesgo de romperse o de que fallen las conexiones de abastecimiento de agua a sus equipos el\u00e9ctricos.\nGBox\u00ae Lavadora se empotra en la pared con adaptadores y previstas para los diferentes tipos de conexi\u00f3n de lavadoras. Incluye los accesorios necesarios para su instalaci\u00f3n, brindando seguridad al realizar las conexiones de abastecimiento y desag\u00fce sin ocupar espacio entre la pared y el equipo de lavado.\n\n<b>Caracter\u00edsticas:<\/b>\n<ul>\n \t<li>Resistente a la compresi\u00f3n que ejerce el concreto al expandirse durante la construcci\u00f3n.<\/li>\n \t<li>Incluye tapa protectora para limpia\/r\u00e1pida instalaci\u00f3n.<\/li>\n \t<li>V\u00e1lvulas de larga vida \u00fatil.<\/li>\n<\/ul>\n<\/div>\n<\/div>\n<div class=\"swiper-slide\">\n<div class=\"content-slide\">\n<figure><img decoding=\"async\" src=\"https:\/\/wp.interactioncr.com\/durman\/wp-content\/uploads\/2022\/05\/sifon-doble-thumb-durman.jpg\" alt=\"Innovacion\" \/><\/figure>\n<h2>Sif\u00f3n Doble<\/h2>\nDescargas de cocina herm\u00e9ticas, con acabados est\u00e9ticos, modernos y un menor \u00edndice de fugas. Nuestros sifones dobles resisten la mayor\u00eda de los agentes qu\u00edmicos y una temperatura del agua caliente de 90\u00b0C; adem\u00e1s tiene una alta resistencia al impacto.\n<b>Caracter\u00edsticas<\/b>\n<ul>\n \t<li>Gran resistencia a los detergentes comerciales a una temperatura de 80\u00baC.<\/li>\n \t<li>Aprobado para contacto con alimentos.<\/li>\n \t<li>Resiste el paso de hidr\u00f3xido de sodio (soda c\u00e1ustica), tambi\u00e9n llamado potasa.<\/li>\n<\/ul>\n<\/div>\n<\/div>\n<div class=\"swiper-slide\">\n<div class=\"content-slide\">\n<figure><img decoding=\"async\" src=\"https:\/\/wp.interactioncr.com\/durman\/wp-content\/uploads\/2022\/05\/maxicanal-thumb-durman.jpg\" alt=\"Innovacion\" \/><\/figure>\n<h2>MaxiCanal<\/h2>\nCanal de PVC m\u00e1s grande del mercado, 25% m\u00e1s evacuaci\u00f3n de agua de lluvias, con acabados cuidados y evacuaci\u00f3n m\u00e1s eficiente.\n<b>Caracter\u00edsticas:<\/b>\n<ul>\n \t<li>Instalaci\u00f3n f\u00e1cil y segura.<\/li>\n \t<li>Alta capacidad Hidr\u00e1ulica.<\/li>\n \t<li>Dise\u00f1o atractivo y robusto.<\/li>\n<\/ul>\n<\/div>\n<\/div>\n<div class=\"swiper-slide\">\n<div class=\"content-slide\">\n<figure><img decoding=\"async\" src=\"https:\/\/wp.interactioncr.com\/durman\/wp-content\/uploads\/2022\/05\/studor-thumb-durman.jpg\" alt=\"Innovacion\" \/><\/figure>\n<h2>Studor<\/h2>\nNuestros sistemas de ventilaci\u00f3n activa Studor\u00ae logran eliminar largos tramos de tuber\u00eda de ventilaci\u00f3n en diferentes proyectos, mientras protege el entorno de vida contra los malos olores y las bacterias en los gases de alcantarillado, lo que minimiza el riesgo de contaminaci\u00f3n cruzada en los sistemas ventilaci\u00f3n y aire acondicionado.\n<div class=\"toggle_text\">\n\nStudor brinda soluciones de alta calidad para edificios comerciales, residenciales y hoteleros. Proporciona una gama de v\u00e1lvulas y sistemas completos que garantizan la integridad de las trampas de agua en los sifones, limitando las fluctuaciones de presi\u00f3n. Studor le ofrece soluciones y servicios garantizando la eliminaci\u00f3n de malos olores con un sistema de drenaje sin mantenimiento.\nFundamentalmente, un dise\u00f1o eficiente del sistema de drenaje administra la mezcla de aire y agua. Es decir, el sistema trata de administrar el r\u00e9gimen de presi\u00f3n de aire dentro de los l\u00edmites que mantienen el sello de trampa de agua en el sif\u00f3n. Un sistema de ventilaci\u00f3n activa proporciona alivio en el Punto de Necesidad (PN) mediante la eliminaci\u00f3n o atenuaci\u00f3n de una transici\u00f3n de presi\u00f3n entrante que, si se deja, podr\u00eda conducir a la ruptura del sello de agua de la trampa.\n\n<b>La Ventilaci\u00f3n Activa de Studor ofrece:<\/b>\n<ul>\n \t<li>Un sistema de drenaje que funciona en cualquier tipo de proyecto.<\/li>\n \t<li>Una soluci\u00f3n cient\u00edficamente comprobada que brinda una soluci\u00f3n completa.<\/li>\n \t<li>Un servicio interno de soporte los dise\u00f1os hidr\u00e1ulicos utilizando Studor CAD.<\/li>\n \t<li>Garant\u00eda sobre el rendimiento del sistema hidr\u00e1ulico.<\/li>\n \t<li>Nuevas soluciones de construcci\u00f3n y mejoras a edificios existentes.<\/li>\n \t<li>Un sistema de drenaje seguro y de mejor calidad para cualquier tipo de edificio.<\/li>\n<\/ul>\n<\/div>\n<button class=\"btn btn-black toggle\">Leer m\u00e1s<\/button>\n\n<\/div>\n<\/div>\n<div class=\"swiper-slide\">\n<div class=\"content-slide\">\n<figure><img decoding=\"async\" src=\"https:\/\/wp.interactioncr.com\/durman\/wp-content\/uploads\/2022\/05\/smart-crop-thumb-durman.jpg\" alt=\"Innovacion\" \/><\/figure>\n<h2>SmartCrop<\/h2>\nLa agricultura es responsable del uso del 70% del agua en el mundo; si continuamos con los patrones de consumo actuales y con la deforestaci\u00f3n, va a existir una brecha estimada de un 40% entre la oferta y demanda de agua para el a\u00f1o 2030, seg\u00fan Water Resources Group.\n<div class=\"toggle_text\">Aliaxis Smart Farming introduce SmartCrop, que surge como una necesidad de realizar una optimizaci\u00f3n del recurso econ\u00f3mico, humano, h\u00eddrico y energ\u00e9tico de nuestros clientes y tener un acercamiento con la tecnolog\u00eda del futuro en la agricultura, siempre en b\u00fasqueda de soluciones innovadoras y tecnol\u00f3gicas amigables con el ambiente, que nos provea de una informaci\u00f3n actualizada y confiable en tiempo real de los campos agr\u00edcolas.\nNuestras soluciones precisas de ferti-riego operadas a distancia, ayudan a los agricultores a responder de manera eficiente a las necesidades de sus cultivos. A la vez, reducen el costo operativo anual y estabilizan el rendimiento de los cultivos, mediante la aplicaci\u00f3n de un programa de riego de l\u00e1mina variable, que reduce el consumo de energ\u00eda hasta 28%, la aplicaci\u00f3n de fertilizantes de15-25% menos Kg\/ha y mano de obra hasta 25%, en comparaci\u00f3n con los programas de ferti-riego de l\u00e1mina fija. Cuenta con el apoyo de un socio comercial local con respaldo global.\nBrindamos acompa\u00f1amiento t\u00e9cnico desde la conceptualizaci\u00f3n y dise\u00f1o, hasta la ejecuci\u00f3n y operaci\u00f3n del sistema.<\/div>\n<button class=\"btn btn-black toggle\">Leer m\u00e1s<\/button>\n\n<\/div>\n<\/div>\n<\/div>\n<div class=\"swiper-button-next\"><\/div>\n<div class=\"swiper-button-prev\"><\/div>\n<div class=\"swiper-pagination\"><\/div>\n<\/div>\t\t\t\t\t\t<\/div>\n\t\t\t\t<\/div>\n\t\t\t\t\t<\/div>\n\t\t<\/div>\n\t\t\t\t\t\t\t<\/div>\n\t\t<\/section>\n\t\t\t\t\t\t\t<\/div>\n\t\t","protected":false},"excerpt":{"rendered":"<p>Innovaci\u00f3n El progreso humano a la vanguardia en todo lo que hacemos en Durman by aliaxis. Estamos innovando y empujando los l\u00edmites de la creatividad para crear soluciones que nos hagan la vida m\u00e1s f\u00e1cil. \u00daltimas innovaciones GBox Ice Maker Cajas de v\u00e1lvulas empotrada y fabricada en PVC, su funci\u00f3n principal es el abastecimiento de &hellip;<\/p>\n<p class=\"read-more\"> <a class=\"\" href=\"https:\/\/wp.interactioncr.com\/durman\/innovacion\"> <span class=\"screen-reader-text\">Innovaci\u00f3n<\/span> Leer m\u00e1s &raquo;<\/a><\/p>\n","protected":false},"author":1,"featured_media":0,"parent":0,"menu_order":0,"comment_status":"closed","ping_status":"closed","template":"","meta":{"inline_featured_image":false,"site-sidebar-layout":"no-sidebar","site-content-layout":"page-builder","ast-global-header-display":"","ast-main-header-display":"","ast-hfb-above-header-display":"","ast-hfb-below-header-display":"","ast-hfb-mobile-header-display":"","site-post-title":"disabled","ast-breadcrumbs-content":"","ast-featured-img":"disabled","footer-sml-layout":"","theme-transparent-header-meta":"","adv-header-id-meta":"","stick-header-meta":"","header-above-stick-meta":"","header-main-stick-meta":"","header-below-stick-meta":"","footnotes":""},"class_list":["post-589","page","type-page","status-publish","hentry"],"acf":[],"_links":{"self":[{"href":"https:\/\/wp.interactioncr.com\/durman\/wp-json\/wp\/v2\/pages\/589","targetHints":{"allow":["GET"]}}],"collection":[{"href":"https:\/\/wp.interactioncr.com\/durman\/wp-json\/wp\/v2\/pages"}],"about":[{"href":"https:\/\/wp.interactioncr.com\/durman\/wp-json\/wp\/v2\/types\/page"}],"author":[{"embeddable":true,"href":"https:\/\/wp.interactioncr.com\/durman\/wp-json\/wp\/v2\/users\/1"}],"replies":[{"embeddable":true,"href":"https:\/\/wp.interactioncr.com\/durman\/wp-json\/wp\/v2\/comments?post=589"}],"version-history":[{"count":0,"href":"https:\/\/wp.interactioncr.com\/durman\/wp-json\/wp\/v2\/pages\/589\/revisions"}],"wp:attachment":[{"href":"https:\/\/wp.interactioncr.com\/durman\/wp-json\/wp\/v2\/media?parent=589"}],"curies":[{"name":"wp","href":"https:\/\/api.w.org\/{rel}","templated":true}]}}