{"id":576,"date":"2022-12-16T15:57:07","date_gmt":"2022-12-16T15:57:07","guid":{"rendered":"https:\/\/wp.interactioncr.com\/revista\/?page_id=576"},"modified":"2023-01-13T23:08:15","modified_gmt":"2023-01-13T23:08:15","slug":"entrevistas","status":"publish","type":"page","link":"https:\/\/wp.interactioncr.com\/revista\/entrevistas\/","title":{"rendered":"Entrevistas"},"content":{"rendered":"\t\t<div data-elementor-type=\"wp-page\" data-elementor-id=\"576\" class=\"elementor elementor-576\">\n\t\t\t\t\t\t\t\t\t<section class=\"elementor-section elementor-top-section elementor-element elementor-element-901ddbd elementor-section-boxed elementor-section-height-default elementor-section-height-default\" data-id=\"901ddbd\" data-element_type=\"section\" data-settings=\"{&quot;background_background&quot;:&quot;classic&quot;}\">\n\t\t\t\t\t\t<div class=\"elementor-container elementor-column-gap-default\">\n\t\t\t\t\t<div class=\"elementor-column elementor-col-50 elementor-top-column elementor-element elementor-element-f759954\" data-id=\"f759954\" data-element_type=\"column\">\n\t\t\t<div class=\"elementor-widget-wrap elementor-element-populated\">\n\t\t\t\t\t\t\t\t<div class=\"elementor-element elementor-element-df08ccf elementor-widget elementor-widget-heading\" data-id=\"df08ccf\" data-element_type=\"widget\" data-widget_type=\"heading.default\">\n\t\t\t\t<div class=\"elementor-widget-container\">\n\t\t\t<style>\/*! elementor - v3.10.0 - 09-01-2023 *\/\n.elementor-heading-title{padding:0;margin:0;line-height:1}.elementor-widget-heading .elementor-heading-title[class*=elementor-size-]>a{color:inherit;font-size:inherit;line-height:inherit}.elementor-widget-heading .elementor-heading-title.elementor-size-small{font-size:15px}.elementor-widget-heading .elementor-heading-title.elementor-size-medium{font-size:19px}.elementor-widget-heading .elementor-heading-title.elementor-size-large{font-size:29px}.elementor-widget-heading .elementor-heading-title.elementor-size-xl{font-size:39px}.elementor-widget-heading .elementor-heading-title.elementor-size-xxl{font-size:59px}<\/style><h1 class=\"elementor-heading-title elementor-size-default\">Entrevistas<\/h1>\t\t<\/div>\n\t\t\t\t<\/div>\n\t\t\t\t<div class=\"elementor-element elementor-element-4a10195 elementor-widget elementor-widget-text-editor\" data-id=\"4a10195\" data-element_type=\"widget\" data-widget_type=\"text-editor.default\">\n\t\t\t\t<div class=\"elementor-widget-container\">\n\t\t\t<style>\/*! elementor - v3.10.0 - 09-01-2023 *\/\n.elementor-widget-text-editor.elementor-drop-cap-view-stacked .elementor-drop-cap{background-color:#818a91;color:#fff}.elementor-widget-text-editor.elementor-drop-cap-view-framed .elementor-drop-cap{color:#818a91;border:3px solid;background-color:transparent}.elementor-widget-text-editor:not(.elementor-drop-cap-view-default) .elementor-drop-cap{margin-top:8px}.elementor-widget-text-editor:not(.elementor-drop-cap-view-default) .elementor-drop-cap-letter{width:1em;height:1em}.elementor-widget-text-editor .elementor-drop-cap{float:left;text-align:center;line-height:1;font-size:50px}.elementor-widget-text-editor .elementor-drop-cap-letter{display:inline-block}<\/style>\t\t\t\t<p>Conversamos con pacientes y personal de salud, figuras p\u00fablicas y especialistas m\u00e9dicos. Di\u00e1logos que le agregan valor a su vida.<\/p>\t\t\t\t\t\t<\/div>\n\t\t\t\t<\/div>\n\t\t\t\t\t<\/div>\n\t\t<\/div>\n\t\t\t\t<div class=\"elementor-column elementor-col-50 elementor-top-column elementor-element elementor-element-235da5b\" data-id=\"235da5b\" data-element_type=\"column\">\n\t\t\t<div class=\"elementor-widget-wrap elementor-element-populated\">\n\t\t\t\t\t\t\t\t<div class=\"elementor-element elementor-element-c7a74d8 elementor-widget elementor-widget-image\" data-id=\"c7a74d8\" data-element_type=\"widget\" data-widget_type=\"image.default\">\n\t\t\t\t<div class=\"elementor-widget-container\">\n\t\t\t<style>\/*! elementor - v3.10.0 - 09-01-2023 *\/\n.elementor-widget-image{text-align:center}.elementor-widget-image a{display:inline-block}.elementor-widget-image a img[src$=\".svg\"]{width:48px}.elementor-widget-image img{vertical-align:middle;display:inline-block}<\/style>\t\t\t\t\t\t\t\t\t\t\t\t<img loading=\"lazy\" decoding=\"async\" width=\"822\" height=\"619\" src=\"https:\/\/wp.interactioncr.com\/revista\/wp-content\/uploads\/2023\/01\/entevistas-categoria-.png\" class=\"attachment-large size-large wp-image-1673\" alt=\"\" srcset=\"https:\/\/wp.interactioncr.com\/revista\/wp-content\/uploads\/2023\/01\/entevistas-categoria-.png 822w, https:\/\/wp.interactioncr.com\/revista\/wp-content\/uploads\/2023\/01\/entevistas-categoria--300x226.png 300w, https:\/\/wp.interactioncr.com\/revista\/wp-content\/uploads\/2023\/01\/entevistas-categoria--768x578.png 768w\" sizes=\"auto, (max-width: 822px) 100vw, 822px\" \/>\t\t\t\t\t\t\t\t\t\t\t\t\t\t\t<\/div>\n\t\t\t\t<\/div>\n\t\t\t\t\t<\/div>\n\t\t<\/div>\n\t\t\t\t\t\t\t<\/div>\n\t\t<\/section>\n\t\t\t\t<section class=\"elementor-section elementor-top-section elementor-element elementor-element-10cf577 elementor-section-full_width elementor-section-height-default elementor-section-height-default\" data-id=\"10cf577\" data-element_type=\"section\" data-settings=\"{&quot;background_background&quot;:&quot;classic&quot;}\">\n\t\t\t\t\t\t<div class=\"elementor-container elementor-column-gap-default\">\n\t\t\t\t\t<div class=\"elementor-column elementor-col-100 elementor-top-column elementor-element elementor-element-ce263c2\" data-id=\"ce263c2\" data-element_type=\"column\">\n\t\t\t<div class=\"elementor-widget-wrap elementor-element-populated\">\n\t\t\t\t\t\t\t\t<div class=\"elementor-element elementor-element-c9975d0 elementor-widget elementor-widget-heading\" data-id=\"c9975d0\" data-element_type=\"widget\" data-widget_type=\"heading.default\">\n\t\t\t\t<div class=\"elementor-widget-container\">\n\t\t\t<h2 class=\"elementor-heading-title elementor-size-default\">TendenciaS<\/h2>\t\t<\/div>\n\t\t\t\t<\/div>\n\t\t\t\t<div class=\"elementor-element elementor-element-31ffd7a elementor-widget elementor-widget-text-editor\" data-id=\"31ffd7a\" data-element_type=\"widget\" data-widget_type=\"text-editor.default\">\n\t\t\t\t<div class=\"elementor-widget-container\">\n\t\t\t\t\t\t\t<p>Le daremos acceso a las \u00faltimas tendencias en el bienestar y salud. Desde alimentaci\u00f3n hasta belleza, las personas demandan informaci\u00f3n que les permita mejorar su calidad de vida.<\/p>\t\t\t\t\t\t<\/div>\n\t\t\t\t<\/div>\n\t\t\t\t<div class=\"elementor-element elementor-element-98fb445 elementor-grid-1 elementor-posts--thumbnail-left noticias_left_image_post elementor-grid-tablet-2 elementor-grid-mobile-1 elementor-widget elementor-widget-posts\" data-id=\"98fb445\" data-element_type=\"widget\" data-settings=\"{&quot;classic_columns&quot;:&quot;1&quot;,&quot;pagination_type&quot;:&quot;numbers&quot;,&quot;classic_columns_tablet&quot;:&quot;2&quot;,&quot;classic_columns_mobile&quot;:&quot;1&quot;,&quot;classic_row_gap&quot;:{&quot;unit&quot;:&quot;px&quot;,&quot;size&quot;:35,&quot;sizes&quot;:[]},&quot;classic_row_gap_tablet&quot;:{&quot;unit&quot;:&quot;px&quot;,&quot;size&quot;:&quot;&quot;,&quot;sizes&quot;:[]},&quot;classic_row_gap_mobile&quot;:{&quot;unit&quot;:&quot;px&quot;,&quot;size&quot;:&quot;&quot;,&quot;sizes&quot;:[]}}\" data-widget_type=\"posts.classic\">\n\t\t\t\t<div class=\"elementor-widget-container\">\n\t\t\t<link rel=\"stylesheet\" href=\"https:\/\/wp.interactioncr.com\/revista\/wp-content\/plugins\/elementor-pro\/assets\/css\/widget-posts.min.css\">\t\t<div class=\"elementor-posts-container elementor-posts elementor-posts--skin-classic elementor-grid\">\n\t\t\t\t<article class=\"elementor-post elementor-grid-item post-808 post type-post status-publish format-standard has-post-thumbnail hentry category-entrevistas\">\n\t\t\t\t<a class=\"elementor-post__thumbnail__link\" href=\"https:\/\/wp.interactioncr.com\/revista\/entrevistas\/cancer-de-mama-una-mujer-que-tuvo-la-virtud-de-dudar-o-insitir\/\" >\n\t\t\t<div class=\"elementor-post__thumbnail\"><img loading=\"lazy\" decoding=\"async\" width=\"960\" height=\"640\" src=\"https:\/\/wp.interactioncr.com\/revista\/wp-content\/uploads\/2022\/12\/de-Lussania-Viquez-8.png\" class=\"attachment-full size-full wp-image-997\" alt=\"\" srcset=\"https:\/\/wp.interactioncr.com\/revista\/wp-content\/uploads\/2022\/12\/de-Lussania-Viquez-8.png 960w, https:\/\/wp.interactioncr.com\/revista\/wp-content\/uploads\/2022\/12\/de-Lussania-Viquez-8-300x200.png 300w, https:\/\/wp.interactioncr.com\/revista\/wp-content\/uploads\/2022\/12\/de-Lussania-Viquez-8-768x512.png 768w\" sizes=\"auto, (max-width: 960px) 100vw, 960px\" \/><\/div>\n\t\t<\/a>\n\t\t\t\t<div class=\"elementor-post__text\">\n\t\t\t\t<h3 class=\"elementor-post__title\">\n\t\t\t<a href=\"https:\/\/wp.interactioncr.com\/revista\/entrevistas\/cancer-de-mama-una-mujer-que-tuvo-la-virtud-de-dudar-o-insitir\/\" >\n\t\t\t\tLussania V\u00edquez: la virtud de dudar e insistir con el c\u00e1ncer de mama\t\t\t<\/a>\n\t\t<\/h3>\n\t\t\n\t\t<a class=\"elementor-post__read-more\" href=\"https:\/\/wp.interactioncr.com\/revista\/entrevistas\/cancer-de-mama-una-mujer-que-tuvo-la-virtud-de-dudar-o-insitir\/\" >\n\t\t\tLeer m\u00e1s \u00bb\t\t<\/a>\n\n\t\t\t\t<\/div>\n\t\t\t\t<\/article>\n\t\t\t\t<article class=\"elementor-post elementor-grid-item post-502 post type-post status-publish format-standard has-post-thumbnail hentry category-entrevistas\">\n\t\t\t\t<a class=\"elementor-post__thumbnail__link\" href=\"https:\/\/wp.interactioncr.com\/revista\/entrevistas\/gerente-general-de-medismart-las-mascotas-son-parte-de-la-familia\/\" >\n\t\t\t<div class=\"elementor-post__thumbnail\"><img loading=\"lazy\" decoding=\"async\" width=\"960\" height=\"640\" src=\"https:\/\/wp.interactioncr.com\/revista\/wp-content\/uploads\/2022\/12\/Johanny-Berdugo-8.png\" class=\"attachment-full size-full wp-image-1061\" alt=\"\" srcset=\"https:\/\/wp.interactioncr.com\/revista\/wp-content\/uploads\/2022\/12\/Johanny-Berdugo-8.png 960w, https:\/\/wp.interactioncr.com\/revista\/wp-content\/uploads\/2022\/12\/Johanny-Berdugo-8-300x200.png 300w, https:\/\/wp.interactioncr.com\/revista\/wp-content\/uploads\/2022\/12\/Johanny-Berdugo-8-768x512.png 768w\" sizes=\"auto, (max-width: 960px) 100vw, 960px\" \/><\/div>\n\t\t<\/a>\n\t\t\t\t<div class=\"elementor-post__text\">\n\t\t\t\t<h3 class=\"elementor-post__title\">\n\t\t\t<a href=\"https:\/\/wp.interactioncr.com\/revista\/entrevistas\/gerente-general-de-medismart-las-mascotas-son-parte-de-la-familia\/\" >\n\t\t\t\tGerente general de MediSmart: \u201cLas mascotas son parte de la familia\u201d\t\t\t<\/a>\n\t\t<\/h3>\n\t\t\n\t\t<a class=\"elementor-post__read-more\" href=\"https:\/\/wp.interactioncr.com\/revista\/entrevistas\/gerente-general-de-medismart-las-mascotas-son-parte-de-la-familia\/\" >\n\t\t\tLeer m\u00e1s \u00bb\t\t<\/a>\n\n\t\t\t\t<\/div>\n\t\t\t\t<\/article>\n\t\t\t\t<article class=\"elementor-post elementor-grid-item post-413 post type-post status-publish format-standard has-post-thumbnail hentry category-entrevistas\">\n\t\t\t\t<a class=\"elementor-post__thumbnail__link\" href=\"https:\/\/wp.interactioncr.com\/revista\/entrevistas\/el-deporte-promueve-el-bienestar-personal\/\" >\n\t\t\t<div class=\"elementor-post__thumbnail\"><img loading=\"lazy\" decoding=\"async\" width=\"960\" height=\"640\" src=\"https:\/\/wp.interactioncr.com\/revista\/wp-content\/uploads\/2022\/12\/Victor-Umana-8.png\" class=\"attachment-full size-full wp-image-1003\" alt=\"\" srcset=\"https:\/\/wp.interactioncr.com\/revista\/wp-content\/uploads\/2022\/12\/Victor-Umana-8.png 960w, https:\/\/wp.interactioncr.com\/revista\/wp-content\/uploads\/2022\/12\/Victor-Umana-8-300x200.png 300w, https:\/\/wp.interactioncr.com\/revista\/wp-content\/uploads\/2022\/12\/Victor-Umana-8-768x512.png 768w\" sizes=\"auto, (max-width: 960px) 100vw, 960px\" \/><\/div>\n\t\t<\/a>\n\t\t\t\t<div class=\"elementor-post__text\">\n\t\t\t\t<h3 class=\"elementor-post__title\">\n\t\t\t<a href=\"https:\/\/wp.interactioncr.com\/revista\/entrevistas\/el-deporte-promueve-el-bienestar-personal\/\" >\n\t\t\t\tEconomista V\u00edctor Uma\u00f1a: \u201cEl deporte promueve el bienestar personal\u201d\t\t\t<\/a>\n\t\t<\/h3>\n\t\t\n\t\t<a class=\"elementor-post__read-more\" href=\"https:\/\/wp.interactioncr.com\/revista\/entrevistas\/el-deporte-promueve-el-bienestar-personal\/\" >\n\t\t\tLeer m\u00e1s \u00bb\t\t<\/a>\n\n\t\t\t\t<\/div>\n\t\t\t\t<\/article>\n\t\t\t\t<\/div>\n\t\t\n\t\t\t\t<div class=\"e-load-more-anchor\" data-page=\"1\" data-max-page=\"2\" data-next-page=\"https:\/\/wp.interactioncr.com\/revista\/wp-json\/wp\/v2\/pages\/576\/page\/2\/\"><\/div>\n\t\t\t\t<nav class=\"elementor-pagination\" aria-label=\"Paginaci\u00f3n\">\n\t\t\t<span aria-current=\"page\" class=\"page-numbers current\"><span class=\"elementor-screen-only\">P\u00e1gina<\/span>1<\/span>\n<a class=\"page-numbers\" href=\"https:\/\/wp.interactioncr.com\/revista\/wp-json\/wp\/v2\/pages\/576\/page\/2\/\"><span class=\"elementor-screen-only\">P\u00e1gina<\/span>2<\/a>\t\t<\/nav>\n\t\t\t\t<\/div>\n\t\t\t\t<\/div>\n\t\t\t\t\t<\/div>\n\t\t<\/div>\n\t\t\t\t\t\t\t<\/div>\n\t\t<\/section>\n\t\t\t\t<section class=\"elementor-section elementor-top-section elementor-element elementor-element-80d7808 elementor-section-boxed elementor-section-height-default elementor-section-height-default\" data-id=\"80d7808\" data-element_type=\"section\" data-settings=\"{&quot;background_background&quot;:&quot;classic&quot;}\">\n\t\t\t\t\t\t<div class=\"elementor-container elementor-column-gap-default\">\n\t\t\t\t\t<div class=\"elementor-column elementor-col-33 elementor-top-column elementor-element elementor-element-991caa0\" data-id=\"991caa0\" data-element_type=\"column\">\n\t\t\t<div class=\"elementor-widget-wrap elementor-element-populated\">\n\t\t\t\t\t\t\t\t<div class=\"elementor-element elementor-element-6ffe05a elementor-widget elementor-widget-image\" data-id=\"6ffe05a\" data-element_type=\"widget\" data-widget_type=\"image.default\">\n\t\t\t\t<div class=\"elementor-widget-container\">\n\t\t\t\t\t\t\t\t\t\t\t\t\t\t\t<img loading=\"lazy\" decoding=\"async\" width=\"453\" height=\"805\" src=\"https:\/\/wp.interactioncr.com\/revista\/wp-content\/uploads\/2022\/12\/img-left-min.png\" class=\"attachment-large size-large wp-image-59\" alt=\"\" srcset=\"https:\/\/wp.interactioncr.com\/revista\/wp-content\/uploads\/2022\/12\/img-left-min.png 453w, https:\/\/wp.interactioncr.com\/revista\/wp-content\/uploads\/2022\/12\/img-left-min-169x300.png 169w\" sizes=\"auto, (max-width: 453px) 100vw, 453px\" \/>\t\t\t\t\t\t\t\t\t\t\t\t\t\t\t<\/div>\n\t\t\t\t<\/div>\n\t\t\t\t\t<\/div>\n\t\t<\/div>\n\t\t\t\t<div class=\"elementor-column elementor-col-33 elementor-top-column elementor-element elementor-element-7685cf0\" data-id=\"7685cf0\" data-element_type=\"column\">\n\t\t\t<div class=\"elementor-widget-wrap elementor-element-populated\">\n\t\t\t\t\t\t\t\t<div class=\"elementor-element elementor-element-3aee04e elementor-widget elementor-widget-heading\" data-id=\"3aee04e\" data-element_type=\"widget\" data-widget_type=\"heading.default\">\n\t\t\t\t<div class=\"elementor-widget-container\">\n\t\t\t<h3 class=\"elementor-heading-title elementor-size-default\">galer\u00eda multimedia, revolucionamos la forma de ver la salud<\/h3>\t\t<\/div>\n\t\t\t\t<\/div>\n\t\t\t\t<div class=\"elementor-element elementor-element-fb8c46e elementor-align-center elementor-widget elementor-widget-button\" data-id=\"fb8c46e\" data-element_type=\"widget\" data-widget_type=\"button.default\">\n\t\t\t\t<div class=\"elementor-widget-container\">\n\t\t\t\t\t<div class=\"elementor-button-wrapper\">\n\t\t\t<a href=\"https:\/\/wp.interactioncr.com\/revista\/galeria\/\" class=\"elementor-button-link elementor-button elementor-size-sm\" role=\"button\">\n\t\t\t\t\t\t<span class=\"elementor-button-content-wrapper\">\n\t\t\t\t\t\t<span class=\"elementor-button-text\">Ver m\u00e1s<\/span>\n\t\t<\/span>\n\t\t\t\t\t<\/a>\n\t\t<\/div>\n\t\t\t\t<\/div>\n\t\t\t\t<\/div>\n\t\t\t\t\t<\/div>\n\t\t<\/div>\n\t\t\t\t<div class=\"elementor-column elementor-col-33 elementor-top-column elementor-element elementor-element-3a33762\" data-id=\"3a33762\" data-element_type=\"column\">\n\t\t\t<div class=\"elementor-widget-wrap elementor-element-populated\">\n\t\t\t\t\t\t\t\t<div class=\"elementor-element elementor-element-019aa60 elementor-widget elementor-widget-image\" data-id=\"019aa60\" data-element_type=\"widget\" data-widget_type=\"image.default\">\n\t\t\t\t<div class=\"elementor-widget-container\">\n\t\t\t\t\t\t\t\t\t\t\t\t\t\t\t<img loading=\"lazy\" decoding=\"async\" width=\"576\" height=\"919\" src=\"https:\/\/wp.interactioncr.com\/revista\/wp-content\/uploads\/2022\/12\/img-right-min.png\" class=\"attachment-large size-large wp-image-58\" alt=\"\" srcset=\"https:\/\/wp.interactioncr.com\/revista\/wp-content\/uploads\/2022\/12\/img-right-min.png 576w, https:\/\/wp.interactioncr.com\/revista\/wp-content\/uploads\/2022\/12\/img-right-min-188x300.png 188w\" sizes=\"auto, (max-width: 576px) 100vw, 576px\" \/>\t\t\t\t\t\t\t\t\t\t\t\t\t\t\t<\/div>\n\t\t\t\t<\/div>\n\t\t\t\t\t<\/div>\n\t\t<\/div>\n\t\t\t\t\t\t\t<\/div>\n\t\t<\/section>\n\t\t\t\t\t\t\t<\/div>\n\t\t","protected":false},"excerpt":{"rendered":"<p>Entrevistas Conversamos con pacientes y personal de salud, figuras p\u00fablicas y especialistas m\u00e9dicos. Di\u00e1logos que le agregan valor a su vida. TendenciaS Le daremos acceso<\/p>\n","protected":false},"author":1,"featured_media":0,"parent":0,"menu_order":0,"comment_status":"closed","ping_status":"closed","template":"","meta":{"inline_featured_image":false,"site-sidebar-layout":"no-sidebar","site-content-layout":"page-builder","ast-global-header-display":"","ast-main-header-display":"","ast-hfb-above-header-display":"","ast-hfb-below-header-display":"","ast-hfb-mobile-header-display":"","site-post-title":"disabled","ast-breadcrumbs-content":"","ast-featured-img":"disabled","footer-sml-layout":"","theme-transparent-header-meta":"default","adv-header-id-meta":"","stick-header-meta":"","header-above-stick-meta":"","header-main-stick-meta":"","header-below-stick-meta":"","footnotes":""},"class_list":["post-576","page","type-page","status-publish","hentry"],"_links":{"self":[{"href":"https:\/\/wp.interactioncr.com\/revista\/wp-json\/wp\/v2\/pages\/576","targetHints":{"allow":["GET"]}}],"collection":[{"href":"https:\/\/wp.interactioncr.com\/revista\/wp-json\/wp\/v2\/pages"}],"about":[{"href":"https:\/\/wp.interactioncr.com\/revista\/wp-json\/wp\/v2\/types\/page"}],"author":[{"embeddable":true,"href":"https:\/\/wp.interactioncr.com\/revista\/wp-json\/wp\/v2\/users\/1"}],"replies":[{"embeddable":true,"href":"https:\/\/wp.interactioncr.com\/revista\/wp-json\/wp\/v2\/comments?post=576"}],"version-history":[{"count":31,"href":"https:\/\/wp.interactioncr.com\/revista\/wp-json\/wp\/v2\/pages\/576\/revisions"}],"predecessor-version":[{"id":2413,"href":"https:\/\/wp.interactioncr.com\/revista\/wp-json\/wp\/v2\/pages\/576\/revisions\/2413"}],"wp:attachment":[{"href":"https:\/\/wp.interactioncr.com\/revista\/wp-json\/wp\/v2\/media?parent=576"}],"curies":[{"name":"wp","href":"https:\/\/api.w.org\/{rel}","templated":true}]}}